{"id":1488,"date":"2020-07-21T08:57:35","date_gmt":"2020-07-21T08:57:35","guid":{"rendered":"https:\/\/parkhotelghent.be\/?page_id=1488"},"modified":"2020-08-06T13:40:21","modified_gmt":"2020-08-06T13:40:21","slug":"lez-gent","status":"publish","type":"page","link":"http:\/\/parkhotelgent.be\/de\/lez-gent\/","title":{"rendered":"LEZ-Gent"},"content":{"rendered":"<div data-elementor-type=\"wp-page\" data-elementor-id=\"1488\" class=\"elementor elementor-1488\" data-elementor-post-type=\"page\">\n\t\t\t\t\t\t<section class=\"elementor-section elementor-top-section elementor-element elementor-element-747acf2 elementor-section-boxed elementor-section-height-default elementor-section-height-default\" data-id=\"747acf2\" data-element_type=\"section\" data-settings=\"{&quot;background_background&quot;:&quot;classic&quot;}\">\n\t\t\t\t\t\t<div class=\"elementor-container elementor-column-gap-wide\">\n\t\t\t\t\t<div class=\"elementor-column elementor-col-50 elementor-top-column elementor-element elementor-element-9d121d6\" data-id=\"9d121d6\" data-element_type=\"column\">\n\t\t\t<div class=\"elementor-widget-wrap elementor-element-populated\">\n\t\t\t\t\t\t<div class=\"elementor-element elementor-element-9b6324e elementor-widget elementor-widget-heading\" data-id=\"9b6324e\" data-element_type=\"widget\" data-widget_type=\"heading.default\">\n\t\t\t\t<div class=\"elementor-widget-container\">\n\t\t\t\t\t<h2 class=\"elementor-heading-title elementor-size-default\">LEZ-Gent<\/h2>\t\t\t\t<\/div>\n\t\t\t\t<\/div>\n\t\t\t\t<div class=\"elementor-element elementor-element-20e9fe4 elementor-widget elementor-widget-heading\" data-id=\"20e9fe4\" data-element_type=\"widget\" data-widget_type=\"heading.default\">\n\t\t\t\t<div class=\"elementor-widget-container\">\n\t\t\t\t\t<h4 class=\"elementor-heading-title elementor-size-default\">Emissionsarme Zone Gent<\/h4>\t\t\t\t<\/div>\n\t\t\t\t<\/div>\n\t\t\t\t<div class=\"elementor-element elementor-element-145ea75 elementor-widget elementor-widget-text-editor\" data-id=\"145ea75\" data-element_type=\"widget\" data-widget_type=\"text-editor.default\">\n\t\t\t\t<div class=\"elementor-widget-container\">\n\t\t\t\t\t\t\t\t\t<p>Bester Gast,<\/p><p>Um die Luftqualit\u00e4t zu verbessern, ist das Stadtzentrum von Gent oder das Gebiet innerhalb der R40 eine emissionsarme Zone (LEZ). Verschmutzende Fahrzeuge, die die Zulassungsvoraussetzungen nicht erf\u00fcllen, d\u00fcrfen die Zone nicht mehr betreten. Vermeiden Sie eine Geldstrafe und \u00fcberpr\u00fcfen Sie immer Ihr Fahrzeug, bevor Sie nach Gent kommen. Hast du eine Frage? Sehen Sie sich die h\u00e4ufig gestellten Fragen unter lez@stad.gent an oder kontaktieren Sie uns unter 0032 9 210 10 30<\/p><p>Am 1. Januar 2020 wird in Gent im Rahmen der R40 eine emissionsarme Zone eingef\u00fchrt.<\/p><p>Das Gent Center und unser Hotel werden sich genau in diesem Bereich befinden, aber auf jeden Fall uneingeschr\u00e4nkt zug\u00e4nglich bleiben.<br \/>Durch\u00a0<a href=\"https:\/\/stad.gent\/nl\/mobiliteit-openbare-werken\/lage-emissiezone\" target=\"_blank\" rel=\"noopener\">www.lez2020.gent<\/a>\u00a0Sie k\u00f6nnen \u00fcberpr\u00fcfen, ob Ihr Auto noch Zugang zu diesem Bereich hat, und Sie k\u00f6nnen die Euro-Normen finden. Den Euro-Standard finden Sie auf Ihrem Registrierungszertifikat.\u00a0<\/p><p>Wenn Sie ein Euro 4-Dieselauto haben, k\u00f6nnen Sie noch eine Erlaubnis erwerben, um das Gebiet bis 2025 \u00fcber zu betreten\u00a0<a href=\"https:\/\/stad.gent\/nl\/mobiliteit-openbare-werken\/lage-emissiezone\" target=\"_blank\" rel=\"noopener\">www.lez2020.gent.<\/a><\/p><p>Wir k\u00f6nnen dies auch bis zu 3 Tage vor dem Ankunftsdatum f\u00fcr Sie tun, mit einer zus\u00e4tzlichen Verwaltungsgeb\u00fchr von 25 \u20ac.<\/p><p>Die Verwaltungskosten werden der Reservierungsrechnung hinzugef\u00fcgt.<\/p><p>Haben Sie ein Dieselauto mit Euro-Norm 3 oder niedriger oder ein Benzinauto mit Euro-Norm 1 oder niedriger?<\/p><p>Dann k\u00f6nnen Sie den Bereich weiterhin betreten, indem Sie eine Tageskarte kaufen (maximal 8 Mal pro Jahr). Eine solche Tageskarte kostet 35 \u20ac und kann \u00fcber gekauft werden\u00a0<a href=\"https:\/\/lez.stad.gent\/nl\/flows\/dagpas\" target=\"_blank\" rel=\"noopener\">https:\/\/lez.stad.gent\/nl\/flows\/dagpas<\/a><\/p><p>Wenn Sie weitere Informationen w\u00fcnschen, k\u00f6nnen Sie als Kunde weitere Informationen \u00fcber die E-Mail-Adresse erhalten\u00a0<a href=\"mailto:lez@stad.gent\" target=\"_blank\" rel=\"noopener\">lez@stad.gent<\/a>\u00a0oder telefonisch unter 00 32 9 210 10 30.<\/p><p>Wir bleiben zu Ihren Diensten, Sie k\u00f6nnen alle Fragen nur (nicht telefonisch) an die E-Mail-Adresse stellen\u00a0<a href=\"mailto:info@parkhotelghent.be\" target=\"_blank\" rel=\"noopener\">info@parkhotelghent.be<br \/><\/a><\/p><p>Mit freundlichen Gr\u00fc\u00dfen.<\/p><p>Parkhotel Rezeption<\/p>\t\t\t\t\t\t\t\t<\/div>\n\t\t\t\t<\/div>\n\t\t\t\t\t<\/div>\n\t\t<\/div>\n\t\t\t\t<div class=\"elementor-column elementor-col-50 elementor-top-column elementor-element elementor-element-1564e04\" data-id=\"1564e04\" data-element_type=\"column\">\n\t\t\t<div class=\"elementor-widget-wrap elementor-element-populated\">\n\t\t\t\t\t\t<div class=\"elementor-element elementor-element-c380825 elementor-widget elementor-widget-image\" data-id=\"c380825\" data-element_type=\"widget\" data-widget_type=\"image.default\">\n\t\t\t\t<div class=\"elementor-widget-container\">\n\t\t\t\t\t\t\t\t\t\t\t\t\t\t\t<img fetchpriority=\"high\" decoding=\"async\" width=\"702\" height=\"480\" src=\"https:\/\/parkhotelgent.be\/wp-content\/uploads\/2020\/07\/Lage-emissiezone-einde.jpg\" class=\"attachment-medium_large size-medium_large wp-image-1490\" alt=\"\" srcset=\"https:\/\/parkhotelgent.be\/wp-content\/uploads\/2020\/07\/Lage-emissiezone-einde.jpg 702w, https:\/\/parkhotelgent.be\/wp-content\/uploads\/2020\/07\/Lage-emissiezone-einde-300x205.jpg 300w\" sizes=\"(max-width: 702px) 100vw, 702px\" \/>\t\t\t\t\t\t\t\t\t\t\t\t\t\t\t<\/div>\n\t\t\t\t<\/div>\n\t\t\t\t<div class=\"elementor-element elementor-element-8abcef0 elementor-widget elementor-widget-video\" data-id=\"8abcef0\" data-element_type=\"widget\" data-settings=\"{&quot;youtube_url&quot;:&quot;https:\\\/\\\/youtu.be\\\/Vf0U5HA5Nzg&quot;,&quot;video_type&quot;:&quot;youtube&quot;,&quot;controls&quot;:&quot;yes&quot;}\" data-widget_type=\"video.default\">\n\t\t\t\t<div class=\"elementor-widget-container\">\n\t\t\t\t\t\t\t<div class=\"elementor-wrapper elementor-open-inline\">\n\t\t\t<div class=\"elementor-video\"><\/div>\t\t<\/div>\n\t\t\t\t\t\t<\/div>\n\t\t\t\t<\/div>\n\t\t\t\t\t<\/div>\n\t\t<\/div>\n\t\t\t\t\t<\/div>\n\t\t<\/section>\n\t\t\t\t<\/div>","protected":false},"excerpt":{"rendered":"<p>LEZ-Gent Umweltzone Gent Lieber Gast, Um die Luftqualit\u00e4t zu verbessern, ist das Stadtzentrum von Gent bzw. das Gebiet innerhalb der R40 eine Umweltzone (LEZ). Schadstoffhaltige Fahrzeuge, die die Zulassungsvoraussetzungen nicht erf\u00fcllen, d\u00fcrfen die Zone nicht mehr befahren. Vermeiden Sie eine Geldstrafe und \u00fcberpr\u00fcfen Sie Ihr Fahrzeug immer, bevor Sie nach Gent kommen. Hast du eine Frage? Ansehen [\u2026]<\/p>","protected":false},"author":1,"featured_media":0,"parent":0,"menu_order":0,"comment_status":"closed","ping_status":"closed","template":"elementor_header_footer","meta":{"footnotes":""},"class_list":["post-1488","page","type-page","status-publish","hentry"],"_links":{"self":[{"href":"http:\/\/parkhotelgent.be\/de\/wp-json\/wp\/v2\/pages\/1488","targetHints":{"allow":["GET"]}}],"collection":[{"href":"http:\/\/parkhotelgent.be\/de\/wp-json\/wp\/v2\/pages"}],"about":[{"href":"http:\/\/parkhotelgent.be\/de\/wp-json\/wp\/v2\/types\/page"}],"author":[{"embeddable":true,"href":"http:\/\/parkhotelgent.be\/de\/wp-json\/wp\/v2\/users\/1"}],"replies":[{"embeddable":true,"href":"http:\/\/parkhotelgent.be\/de\/wp-json\/wp\/v2\/comments?post=1488"}],"version-history":[{"count":0,"href":"http:\/\/parkhotelgent.be\/de\/wp-json\/wp\/v2\/pages\/1488\/revisions"}],"wp:attachment":[{"href":"http:\/\/parkhotelgent.be\/de\/wp-json\/wp\/v2\/media?parent=1488"}],"curies":[{"name":"wp","href":"https:\/\/api.w.org\/{rel}","templated":true}]}}