{"id":1256,"date":"2020-07-16T12:56:36","date_gmt":"2020-07-16T12:56:36","guid":{"rendered":"http:\/\/parkhotel.galia.be\/?page_id=1256"},"modified":"2023-06-12T16:26:36","modified_gmt":"2023-06-12T16:26:36","slug":"superdeals","status":"publish","type":"page","link":"http:\/\/parkhotelgent.be\/es\/superdeals\/","title":{"rendered":"Super Ofertas"},"content":{"rendered":"<div data-elementor-type=\"wp-page\" data-elementor-id=\"1256\" class=\"elementor elementor-1256\" data-elementor-post-type=\"page\">\n\t\t\t\t\t\t<section class=\"elementor-section elementor-top-section elementor-element elementor-element-3ea2197 elementor-section-boxed elementor-section-height-default elementor-section-height-default\" data-id=\"3ea2197\" data-element_type=\"section\" data-settings=\"{&quot;background_background&quot;:&quot;classic&quot;}\">\n\t\t\t\t\t\t<div class=\"elementor-container elementor-column-gap-wide\">\n\t\t\t\t\t<div class=\"elementor-column elementor-col-50 elementor-top-column elementor-element elementor-element-1729c28\" data-id=\"1729c28\" data-element_type=\"column\">\n\t\t\t<div class=\"elementor-widget-wrap elementor-element-populated\">\n\t\t\t\t\t\t<div class=\"elementor-element elementor-element-4fbd2cc elementor-widget elementor-widget-heading\" data-id=\"4fbd2cc\" data-element_type=\"widget\" data-widget_type=\"heading.default\">\n\t\t\t\t<div class=\"elementor-widget-container\">\n\t\t\t\t\t<h2 class=\"elementor-heading-title elementor-size-default\">Super Ofertas<\/h2>\t\t\t\t<\/div>\n\t\t\t\t<\/div>\n\t\t\t\t<div class=\"elementor-element elementor-element-ccbadf2 elementor-widget elementor-widget-heading\" data-id=\"ccbadf2\" data-element_type=\"widget\" data-widget_type=\"heading.default\">\n\t\t\t\t<div class=\"elementor-widget-container\">\n\t\t\t\t\t<h4 class=\"elementor-heading-title elementor-size-default\">Oferta en temporada baja.<\/h4>\t\t\t\t<\/div>\n\t\t\t\t<\/div>\n\t\t\t\t<div class=\"elementor-element elementor-element-a1f1c24 elementor-widget elementor-widget-text-editor\" data-id=\"a1f1c24\" data-element_type=\"widget\" data-widget_type=\"text-editor.default\">\n\t\t\t\t<div class=\"elementor-widget-container\">\n\t\t\t\t\t\t\t\t\t<p>Durante la temporada baja ofrecemos una gran oferta algunos d\u00edas. Si no hay disponibilidad, siempre puede reservar un precio est\u00e1ndar.<\/p><p><strong>Oferta superoferta: te alojas en una habitaci\u00f3n est\u00e1ndar sin desayuno.\u00a0<\/strong><\/p><p>Equipamiento de la habitaci\u00f3n: Escritorio, Calefacci\u00f3n, Guardarropa, Portaequipajes, Ducha, Secador de pelo, Aseo, Ba\u00f1o, Radio, TV por cable, Servicio de despertador \/ Reloj despertador y Aire acondicionado<\/p><p>Tama\u00f1o de la habitaci\u00f3n: 16 metros cuadrados<\/p><p>Tama\u00f1o de la (s) cama (s): 1 doble o 2 individuales<\/p><p>El desayuno buffet cuesta 17 \u20ac por persona y d\u00eda.<\/p><p>El valor total de la reserva se cargar\u00e1 el d\u00eda de la reserva y no es reembolsable.\u00a0<\/p><p><em>Pol\u00edtica de cancelaci\u00f3n: En caso de cancelaci\u00f3n, modificaci\u00f3n o si no se presenta (no se presenta), se cargar\u00e1 el total de la reserva. El precio de la reserva se cargar\u00e1 inmediatamente a la tarjeta de cr\u00e9dito especificada.<\/em><\/p>\t\t\t\t\t\t\t\t<\/div>\n\t\t\t\t<\/div>\n\t\t\t\t<div class=\"elementor-element elementor-element-2b18d39 elementor-widget elementor-widget-button\" data-id=\"2b18d39\" data-element_type=\"widget\" data-widget_type=\"button.default\">\n\t\t\t\t<div class=\"elementor-widget-container\">\n\t\t\t\t\t\t\t\t\t<div class=\"elementor-button-wrapper\">\n\t\t\t\t\t<a class=\"elementor-button elementor-button-link elementor-size-sm\" href=\"https:\/\/reservations.cubilis.eu\/parkhotel-gent?Language=nl-NL&#038;Room=44613\" target=\"_blank\">\n\t\t\t\t\t\t<span class=\"elementor-button-content-wrapper\">\n\t\t\t\t\t\t\t\t\t<span class=\"elementor-button-text\">Reserva aqu\u00ed tu super oferta \u2192<\/span>\n\t\t\t\t\t<\/span>\n\t\t\t\t\t<\/a>\n\t\t\t\t<\/div>\n\t\t\t\t\t\t\t\t<\/div>\n\t\t\t\t<\/div>\n\t\t\t\t\t<\/div>\n\t\t<\/div>\n\t\t\t\t<div class=\"elementor-column elementor-col-50 elementor-top-column elementor-element elementor-element-2314469\" data-id=\"2314469\" data-element_type=\"column\">\n\t\t\t<div class=\"elementor-widget-wrap elementor-element-populated\">\n\t\t\t\t\t\t<div class=\"elementor-element elementor-element-e2cd38c elementor-widget elementor-widget-image\" data-id=\"e2cd38c\" data-element_type=\"widget\" data-widget_type=\"image.default\">\n\t\t\t\t<div class=\"elementor-widget-container\">\n\t\t\t\t\t\t\t\t\t\t\t\t\t\t\t<img fetchpriority=\"high\" decoding=\"async\" width=\"1700\" height=\"574\" src=\"https:\/\/parkhotelgent.be\/wp-content\/uploads\/2020\/07\/Comfortkamer-voorgebouw-23-pano-op-badkamer-inkom-1.jpg\" class=\"attachment-full size-full wp-image-1237\" alt=\"\" srcset=\"https:\/\/parkhotelgent.be\/wp-content\/uploads\/2020\/07\/Comfortkamer-voorgebouw-23-pano-op-badkamer-inkom-1.jpg 1700w, https:\/\/parkhotelgent.be\/wp-content\/uploads\/2020\/07\/Comfortkamer-voorgebouw-23-pano-op-badkamer-inkom-1-300x101.jpg 300w, https:\/\/parkhotelgent.be\/wp-content\/uploads\/2020\/07\/Comfortkamer-voorgebouw-23-pano-op-badkamer-inkom-1-1024x346.jpg 1024w, https:\/\/parkhotelgent.be\/wp-content\/uploads\/2020\/07\/Comfortkamer-voorgebouw-23-pano-op-badkamer-inkom-1-768x259.jpg 768w, https:\/\/parkhotelgent.be\/wp-content\/uploads\/2020\/07\/Comfortkamer-voorgebouw-23-pano-op-badkamer-inkom-1-1536x519.jpg 1536w\" sizes=\"(max-width: 1700px) 100vw, 1700px\" \/>\t\t\t\t\t\t\t\t\t\t\t\t\t\t\t<\/div>\n\t\t\t\t<\/div>\n\t\t\t\t<div class=\"elementor-element elementor-element-d2a8b27 elementor-widget elementor-widget-image\" data-id=\"d2a8b27\" data-element_type=\"widget\" data-widget_type=\"image.default\">\n\t\t\t\t<div class=\"elementor-widget-container\">\n\t\t\t\t\t\t\t\t\t\t\t\t\t\t\t<img decoding=\"async\" width=\"1920\" height=\"980\" src=\"https:\/\/parkhotelgent.be\/wp-content\/uploads\/2020\/07\/Standaardkamer-15-2.jpg\" class=\"attachment-full size-full wp-image-786\" alt=\"\" srcset=\"https:\/\/parkhotelgent.be\/wp-content\/uploads\/2020\/07\/Standaardkamer-15-2.jpg 1920w, https:\/\/parkhotelgent.be\/wp-content\/uploads\/2020\/07\/Standaardkamer-15-2-300x153.jpg 300w, https:\/\/parkhotelgent.be\/wp-content\/uploads\/2020\/07\/Standaardkamer-15-2-1024x523.jpg 1024w, https:\/\/parkhotelgent.be\/wp-content\/uploads\/2020\/07\/Standaardkamer-15-2-768x392.jpg 768w, https:\/\/parkhotelgent.be\/wp-content\/uploads\/2020\/07\/Standaardkamer-15-2-1536x784.jpg 1536w\" sizes=\"(max-width: 1920px) 100vw, 1920px\" \/>\t\t\t\t\t\t\t\t\t\t\t\t\t\t\t<\/div>\n\t\t\t\t<\/div>\n\t\t\t\t\t<\/div>\n\t\t<\/div>\n\t\t\t\t\t<\/div>\n\t\t<\/section>\n\t\t\t\t<section class=\"elementor-section elementor-top-section elementor-element elementor-element-7f90979 elementor-section-boxed elementor-section-height-default elementor-section-height-default\" data-id=\"7f90979\" data-element_type=\"section\" data-settings=\"{&quot;animation&quot;:&quot;none&quot;,&quot;background_background&quot;:&quot;classic&quot;}\">\n\t\t\t\t\t\t<div class=\"elementor-container elementor-column-gap-default\">\n\t\t\t\t\t<div class=\"elementor-column elementor-col-100 elementor-top-column elementor-element elementor-element-a095e37\" data-id=\"a095e37\" data-element_type=\"column\">\n\t\t\t<div class=\"elementor-widget-wrap elementor-element-populated\">\n\t\t\t\t\t\t<div class=\"elementor-element elementor-element-8e935ea elementor-widget elementor-widget-heading\" data-id=\"8e935ea\" data-element_type=\"widget\" data-widget_type=\"heading.default\">\n\t\t\t\t<div class=\"elementor-widget-container\">\n\t\t\t\t\t<h2 class=\"elementor-heading-title elementor-size-default\">Descubra el hotel<\/h2>\t\t\t\t<\/div>\n\t\t\t\t<\/div>\n\t\t\t\t<div class=\"elementor-element elementor-element-00deb85 elementor-invisible elementor-widget elementor-widget-gallery\" data-id=\"00deb85\" data-element_type=\"widget\" data-settings=\"{&quot;gap&quot;:{&quot;unit&quot;:&quot;px&quot;,&quot;size&quot;:14,&quot;sizes&quot;:[]},&quot;_animation&quot;:&quot;fadeIn&quot;,&quot;ideal_row_height&quot;:{&quot;unit&quot;:&quot;px&quot;,&quot;size&quot;:260,&quot;sizes&quot;:[]},&quot;gallery_layout&quot;:&quot;justified&quot;,&quot;ideal_row_height_tablet&quot;:{&quot;unit&quot;:&quot;px&quot;,&quot;size&quot;:220,&quot;sizes&quot;:[]},&quot;ideal_row_height_mobile&quot;:{&quot;unit&quot;:&quot;px&quot;,&quot;size&quot;:180,&quot;sizes&quot;:[]},&quot;lazyload&quot;:&quot;yes&quot;,&quot;gap_tablet&quot;:{&quot;unit&quot;:&quot;px&quot;,&quot;size&quot;:10,&quot;sizes&quot;:[]},&quot;gap_mobile&quot;:{&quot;unit&quot;:&quot;px&quot;,&quot;size&quot;:10,&quot;sizes&quot;:[]},&quot;link_to&quot;:&quot;file&quot;,&quot;content_hover_animation&quot;:&quot;fade-in&quot;}\" data-widget_type=\"gallery.default\">\n\t\t\t\t<div class=\"elementor-widget-container\">\n\t\t\t\t\t\t\t<div class=\"elementor-gallery__container\">\n\t\t\t\t\t\t\t<a class=\"e-gallery-item elementor-gallery-item elementor-animated-content\" href=\"https:\/\/parkhotelgent.be\/wp-content\/uploads\/2020\/07\/Receptie-bar.jpg\" data-elementor-open-lightbox=\"yes\" data-elementor-lightbox-slideshow=\"00deb85\" data-elementor-lightbox-title=\"Receptie + bar\" data-e-action-hash=\"#elementor-action%3Aaction%3Dlightbox%26settings%3DeyJpZCI6NzgzLCJ1cmwiOiJodHRwczpcL1wvcGFya2hvdGVsZ2VudC5iZVwvd3AtY29udGVudFwvdXBsb2Fkc1wvMjAyMFwvMDdcL1JlY2VwdGllLWJhci5qcGciLCJzbGlkZXNob3ciOiIwMGRlYjg1In0%3D\">\n\t\t\t\t\t<div class=\"e-gallery-image elementor-gallery-item__image\" data-thumbnail=\"https:\/\/parkhotelgent.be\/wp-content\/uploads\/2020\/07\/Receptie-bar-768x374.jpg\" data-width=\"768\" data-height=\"374\" aria-label=\"\" role=\"img\" ><\/div>\n\t\t\t\t\t\t\t\t\t\t\t\t\t\t<\/a>\n\t\t\t\t\t\t\t<a class=\"e-gallery-item elementor-gallery-item elementor-animated-content\" href=\"https:\/\/parkhotelgent.be\/wp-content\/uploads\/2020\/07\/orig_1388256191.jpg\" data-elementor-open-lightbox=\"yes\" data-elementor-lightbox-slideshow=\"00deb85\" data-elementor-lightbox-title=\"orig_1388256191\" data-e-action-hash=\"#elementor-action%3Aaction%3Dlightbox%26settings%3DeyJpZCI6NzY2LCJ1cmwiOiJodHRwczpcL1wvcGFya2hvdGVsZ2VudC5iZVwvd3AtY29udGVudFwvdXBsb2Fkc1wvMjAyMFwvMDdcL29yaWdfMTM4ODI1NjE5MS5qcGciLCJzbGlkZXNob3ciOiIwMGRlYjg1In0%3D\">\n\t\t\t\t\t<div class=\"e-gallery-image elementor-gallery-item__image\" data-thumbnail=\"https:\/\/parkhotelgent.be\/wp-content\/uploads\/2020\/07\/orig_1388256191.jpg\" data-width=\"467\" data-height=\"700\" aria-label=\"\" role=\"img\" ><\/div>\n\t\t\t\t\t\t\t\t\t\t\t\t\t\t<\/a>\n\t\t\t\t\t\t\t<a class=\"e-gallery-item elementor-gallery-item elementor-animated-content\" href=\"https:\/\/parkhotelgent.be\/wp-content\/uploads\/2020\/07\/bovenaanzicht.jpg\" data-elementor-open-lightbox=\"yes\" data-elementor-lightbox-slideshow=\"00deb85\" data-elementor-lightbox-title=\"bovenaanzicht\" data-e-action-hash=\"#elementor-action%3Aaction%3Dlightbox%26settings%3DeyJpZCI6NzkyLCJ1cmwiOiJodHRwczpcL1wvcGFya2hvdGVsZ2VudC5iZVwvd3AtY29udGVudFwvdXBsb2Fkc1wvMjAyMFwvMDdcL2JvdmVuYWFuemljaHQuanBnIiwic2xpZGVzaG93IjoiMDBkZWI4NSJ9\">\n\t\t\t\t\t<div class=\"e-gallery-image elementor-gallery-item__image\" data-thumbnail=\"https:\/\/parkhotelgent.be\/wp-content\/uploads\/2020\/07\/bovenaanzicht.jpg\" data-width=\"467\" data-height=\"700\" aria-label=\"\" role=\"img\" ><\/div>\n\t\t\t\t\t\t\t\t\t\t\t\t\t\t<\/a>\n\t\t\t\t\t\t\t<a class=\"e-gallery-item elementor-gallery-item elementor-animated-content\" href=\"https:\/\/parkhotelgent.be\/wp-content\/uploads\/2020\/07\/terras-opgedekt-als-restaurant.jpg\" data-elementor-open-lightbox=\"yes\" data-elementor-lightbox-slideshow=\"00deb85\" data-elementor-lightbox-title=\"terras opgedekt als restaurant\" data-e-action-hash=\"#elementor-action%3Aaction%3Dlightbox%26settings%3DeyJpZCI6ODEzLCJ1cmwiOiJodHRwczpcL1wvcGFya2hvdGVsZ2VudC5iZVwvd3AtY29udGVudFwvdXBsb2Fkc1wvMjAyMFwvMDdcL3RlcnJhcy1vcGdlZGVrdC1hbHMtcmVzdGF1cmFudC5qcGciLCJzbGlkZXNob3ciOiIwMGRlYjg1In0%3D\">\n\t\t\t\t\t<div class=\"e-gallery-image elementor-gallery-item__image\" data-thumbnail=\"https:\/\/parkhotelgent.be\/wp-content\/uploads\/2020\/07\/terras-opgedekt-als-restaurant.jpg\" data-width=\"700\" data-height=\"467\" aria-label=\"\" role=\"img\" ><\/div>\n\t\t\t\t\t\t\t\t\t\t\t\t\t\t<\/a>\n\t\t\t\t\t\t\t<a class=\"e-gallery-item elementor-gallery-item elementor-animated-content\" href=\"https:\/\/parkhotelgent.be\/wp-content\/uploads\/2020\/07\/241729856.jpg\" data-elementor-open-lightbox=\"yes\" data-elementor-lightbox-slideshow=\"00deb85\" data-elementor-lightbox-title=\"241729856\" data-e-action-hash=\"#elementor-action%3Aaction%3Dlightbox%26settings%3DeyJpZCI6NzY1LCJ1cmwiOiJodHRwczpcL1wvcGFya2hvdGVsZ2VudC5iZVwvd3AtY29udGVudFwvdXBsb2Fkc1wvMjAyMFwvMDdcLzI0MTcyOTg1Ni5qcGciLCJzbGlkZXNob3ciOiIwMGRlYjg1In0%3D\">\n\t\t\t\t\t<div class=\"e-gallery-image elementor-gallery-item__image\" data-thumbnail=\"https:\/\/parkhotelgent.be\/wp-content\/uploads\/2020\/07\/241729856.jpg\" data-width=\"512\" data-height=\"768\" aria-label=\"\" role=\"img\" ><\/div>\n\t\t\t\t\t\t\t\t\t\t\t\t\t\t<\/a>\n\t\t\t\t\t\t\t<a class=\"e-gallery-item elementor-gallery-item elementor-animated-content\" href=\"https:\/\/parkhotelgent.be\/wp-content\/uploads\/2020\/07\/25322701.jpg\" data-elementor-open-lightbox=\"yes\" data-elementor-lightbox-slideshow=\"00deb85\" data-elementor-lightbox-title=\"25322701\" data-e-action-hash=\"#elementor-action%3Aaction%3Dlightbox%26settings%3DeyJpZCI6NzU4LCJ1cmwiOiJodHRwczpcL1wvcGFya2hvdGVsZ2VudC5iZVwvd3AtY29udGVudFwvdXBsb2Fkc1wvMjAyMFwvMDdcLzI1MzIyNzAxLmpwZyIsInNsaWRlc2hvdyI6IjAwZGViODUifQ%3D%3D\">\n\t\t\t\t\t<div class=\"e-gallery-image elementor-gallery-item__image\" data-thumbnail=\"https:\/\/parkhotelgent.be\/wp-content\/uploads\/2020\/07\/25322701-768x512.jpg\" data-width=\"768\" data-height=\"512\" aria-label=\"\" role=\"img\" ><\/div>\n\t\t\t\t\t\t\t\t\t\t\t\t\t\t<\/a>\n\t\t\t\t\t\t\t<a class=\"e-gallery-item elementor-gallery-item elementor-animated-content\" href=\"https:\/\/parkhotelgent.be\/wp-content\/uploads\/2020\/07\/25322834.jpg\" data-elementor-open-lightbox=\"yes\" data-elementor-lightbox-slideshow=\"00deb85\" data-elementor-lightbox-title=\"25322834\" data-e-action-hash=\"#elementor-action%3Aaction%3Dlightbox%26settings%3DeyJpZCI6NzYyLCJ1cmwiOiJodHRwczpcL1wvcGFya2hvdGVsZ2VudC5iZVwvd3AtY29udGVudFwvdXBsb2Fkc1wvMjAyMFwvMDdcLzI1MzIyODM0LmpwZyIsInNsaWRlc2hvdyI6IjAwZGViODUifQ%3D%3D\">\n\t\t\t\t\t<div class=\"e-gallery-image elementor-gallery-item__image\" data-thumbnail=\"https:\/\/parkhotelgent.be\/wp-content\/uploads\/2020\/07\/25322834-768x512.jpg\" data-width=\"768\" data-height=\"512\" aria-label=\"\" role=\"img\" ><\/div>\n\t\t\t\t\t\t\t\t\t\t\t\t\t\t<\/a>\n\t\t\t\t\t\t\t<a class=\"e-gallery-item elementor-gallery-item elementor-animated-content\" href=\"https:\/\/parkhotelgent.be\/wp-content\/uploads\/2020\/07\/25322780.jpg\" data-elementor-open-lightbox=\"yes\" data-elementor-lightbox-slideshow=\"00deb85\" data-elementor-lightbox-title=\"25322780\" data-e-action-hash=\"#elementor-action%3Aaction%3Dlightbox%26settings%3DeyJpZCI6NzYxLCJ1cmwiOiJodHRwczpcL1wvcGFya2hvdGVsZ2VudC5iZVwvd3AtY29udGVudFwvdXBsb2Fkc1wvMjAyMFwvMDdcLzI1MzIyNzgwLmpwZyIsInNsaWRlc2hvdyI6IjAwZGViODUifQ%3D%3D\">\n\t\t\t\t\t<div class=\"e-gallery-image elementor-gallery-item__image\" data-thumbnail=\"https:\/\/parkhotelgent.be\/wp-content\/uploads\/2020\/07\/25322780-768x512.jpg\" data-width=\"768\" data-height=\"512\" aria-label=\"\" role=\"img\" ><\/div>\n\t\t\t\t\t\t\t\t\t\t\t\t\t\t<\/a>\n\t\t\t\t\t<\/div>\n\t\t\t\t\t<\/div>\n\t\t\t\t<\/div>\n\t\t\t\t<div class=\"elementor-element elementor-element-48b4578 elementor-align-center elementor-widget elementor-widget-button\" data-id=\"48b4578\" data-element_type=\"widget\" data-widget_type=\"button.default\">\n\t\t\t\t<div class=\"elementor-widget-container\">\n\t\t\t\t\t\t\t\t\t<div class=\"elementor-button-wrapper\">\n\t\t\t\t\t<a class=\"elementor-button elementor-button-link elementor-size-sm\" href=\"https:\/\/parkhotelgent.be\/es\/fotogalerij\/\">\n\t\t\t\t\t\t<span class=\"elementor-button-content-wrapper\">\n\t\t\t\t\t\t\t\t\t<span class=\"elementor-button-text\">Galer\u00eda de fotos \u2192<\/span>\n\t\t\t\t\t<\/span>\n\t\t\t\t\t<\/a>\n\t\t\t\t<\/div>\n\t\t\t\t\t\t\t\t<\/div>\n\t\t\t\t<\/div>\n\t\t\t\t\t<\/div>\n\t\t<\/div>\n\t\t\t\t\t<\/div>\n\t\t<\/section>\n\t\t\t\t<\/div>","protected":false},"excerpt":{"rendered":"<p>Superofertas Oferta en temporada baja. Durante la temporada baja ofrecemos una gran oferta algunos d\u00edas. Si no hay disponibilidad, siempre puede reservar un precio est\u00e1ndar. Oferta superoferta: te hospedas en una habitaci\u00f3n est\u00e1ndar sin desayuno. Equipamiento de la habitaci\u00f3n: Escritorio, Calefacci\u00f3n, Armario, Portaequipajes, Ducha, Secador de pelo, Aseo, Ba\u00f1o, Radio, TV por cable, Servicio de despertador \/ Reloj despertador y Aire acondicionado Tama\u00f1o de la habitaci\u00f3n: 16 metros cuadrados Tama\u00f1o de [\u2026]<\/p>","protected":false},"author":1,"featured_media":0,"parent":0,"menu_order":4,"comment_status":"closed","ping_status":"closed","template":"elementor_header_footer","meta":{"footnotes":""},"class_list":["post-1256","page","type-page","status-publish","hentry"],"_links":{"self":[{"href":"http:\/\/parkhotelgent.be\/es\/wp-json\/wp\/v2\/pages\/1256","targetHints":{"allow":["GET"]}}],"collection":[{"href":"http:\/\/parkhotelgent.be\/es\/wp-json\/wp\/v2\/pages"}],"about":[{"href":"http:\/\/parkhotelgent.be\/es\/wp-json\/wp\/v2\/types\/page"}],"author":[{"embeddable":true,"href":"http:\/\/parkhotelgent.be\/es\/wp-json\/wp\/v2\/users\/1"}],"replies":[{"embeddable":true,"href":"http:\/\/parkhotelgent.be\/es\/wp-json\/wp\/v2\/comments?post=1256"}],"version-history":[{"count":0,"href":"http:\/\/parkhotelgent.be\/es\/wp-json\/wp\/v2\/pages\/1256\/revisions"}],"wp:attachment":[{"href":"http:\/\/parkhotelgent.be\/es\/wp-json\/wp\/v2\/media?parent=1256"}],"curies":[{"name":"gracias","href":"https:\/\/api.w.org\/{rel}","templated":true}]}}