{"id":1130,"date":"2020-07-16T08:52:19","date_gmt":"2020-07-16T08:52:19","guid":{"rendered":"http:\/\/parkhotel.galia.be\/?page_id=1130"},"modified":"2020-08-06T13:29:54","modified_gmt":"2020-08-06T13:29:54","slug":"standaardkamer","status":"publish","type":"page","link":"http:\/\/parkhotelgent.be\/fr\/standaardkamer\/","title":{"rendered":"Chambre standard"},"content":{"rendered":"<div data-elementor-type=\"wp-page\" data-elementor-id=\"1130\" class=\"elementor elementor-1130\" data-elementor-post-type=\"page\">\n\t\t\t\t\t\t<section class=\"elementor-section elementor-top-section elementor-element elementor-element-67cf8e0 elementor-section-boxed elementor-section-height-default elementor-section-height-default\" data-id=\"67cf8e0\" data-element_type=\"section\" data-settings=\"{&quot;animation&quot;:&quot;none&quot;,&quot;background_background&quot;:&quot;classic&quot;}\">\n\t\t\t\t\t\t<div class=\"elementor-container elementor-column-gap-wide\">\n\t\t\t\t\t<div class=\"elementor-column elementor-col-100 elementor-top-column elementor-element elementor-element-da0476e\" data-id=\"da0476e\" data-element_type=\"column\">\n\t\t\t<div class=\"elementor-widget-wrap elementor-element-populated\">\n\t\t\t\t\t\t<div class=\"elementor-element elementor-element-d2412cd elementor-widget elementor-widget-heading\" data-id=\"d2412cd\" data-element_type=\"widget\" data-widget_type=\"heading.default\">\n\t\t\t\t<div class=\"elementor-widget-container\">\n\t\t\t\t\t<h2 class=\"elementor-heading-title elementor-size-default\">Chambre standard<\/h2>\t\t\t\t<\/div>\n\t\t\t\t<\/div>\n\t\t\t\t<div class=\"elementor-element elementor-element-fc31bbe elementor-widget elementor-widget-heading\" data-id=\"fc31bbe\" data-element_type=\"widget\" data-widget_type=\"heading.default\">\n\t\t\t\t<div class=\"elementor-widget-container\">\n\t\t\t\t\t<h4 class=\"elementor-heading-title elementor-size-default\">\u00c0 partir de 109 \u20ac par nuit<\/h4>\t\t\t\t<\/div>\n\t\t\t\t<\/div>\n\t\t\t\t<div class=\"elementor-element elementor-element-099b144 elementor-widget elementor-widget-text-editor\" data-id=\"099b144\" data-element_type=\"widget\" data-widget_type=\"text-editor.default\">\n\t\t\t\t<div class=\"elementor-widget-container\">\n\t\t\t\t\t\t\t\t\t<p>Les chambres sont \u00e9quip\u00e9es d&#039;une salle de bain priv\u00e9e avec douche, s\u00e8che-cheveux, lavabo et toilettes, TV LED avec cha\u00eenes nationales et \u00e9trang\u00e8res, bureau et climatisation.<\/p><p>Ces chambres sont situ\u00e9es au rez-de-chauss\u00e9e et au premier \u00e9tage, les chambres du premier \u00e9tage ne sont accessibles que par des escaliers. Les chambres du rez-de-chauss\u00e9e sont accessibles en fauteuil roulant. Il n&#039;y a pas d&#039;ascenseur dans l&#039;h\u00f4tel.<\/p>\t\t\t\t\t\t\t\t<\/div>\n\t\t\t\t<\/div>\n\t\t\t\t<div class=\"elementor-element elementor-element-d15cda4 elementor-invisible elementor-widget elementor-widget-gallery\" data-id=\"d15cda4\" data-element_type=\"widget\" data-settings=\"{&quot;columns&quot;:3,&quot;gap&quot;:{&quot;unit&quot;:&quot;px&quot;,&quot;size&quot;:14,&quot;sizes&quot;:[]},&quot;_animation&quot;:&quot;fadeIn&quot;,&quot;gallery_layout&quot;:&quot;grid&quot;,&quot;columns_tablet&quot;:2,&quot;columns_mobile&quot;:1,&quot;gap_tablet&quot;:{&quot;unit&quot;:&quot;px&quot;,&quot;size&quot;:10,&quot;sizes&quot;:[]},&quot;gap_mobile&quot;:{&quot;unit&quot;:&quot;px&quot;,&quot;size&quot;:10,&quot;sizes&quot;:[]},&quot;link_to&quot;:&quot;file&quot;,&quot;aspect_ratio&quot;:&quot;3:2&quot;,&quot;content_hover_animation&quot;:&quot;fade-in&quot;}\" data-widget_type=\"gallery.default\">\n\t\t\t\t<div class=\"elementor-widget-container\">\n\t\t\t\t\t\t\t<div class=\"elementor-gallery__container\">\n\t\t\t\t\t\t\t<a class=\"e-gallery-item elementor-gallery-item elementor-animated-content\" href=\"https:\/\/parkhotelgent.be\/wp-content\/uploads\/2020\/07\/Standaardkamer-met-zicht-TV-raam.jpg\" data-elementor-open-lightbox=\"yes\" data-elementor-lightbox-slideshow=\"d15cda4\" data-elementor-lightbox-title=\"Standaardkamer met zicht TV + raam\" data-e-action-hash=\"#elementor-action%3Aaction%3Dlightbox%26settings%3DeyJpZCI6Nzg5LCJ1cmwiOiJodHRwczpcL1wvcGFya2hvdGVsZ2VudC5iZVwvd3AtY29udGVudFwvdXBsb2Fkc1wvMjAyMFwvMDdcL1N0YW5kYWFyZGthbWVyLW1ldC16aWNodC1UVi1yYWFtLmpwZyIsInNsaWRlc2hvdyI6ImQxNWNkYTQifQ%3D%3D\">\n\t\t\t\t\t<div class=\"e-gallery-image elementor-gallery-item__image\" data-thumbnail=\"https:\/\/parkhotelgent.be\/wp-content\/uploads\/2020\/07\/Standaardkamer-met-zicht-TV-raam-768x358.jpg\" data-width=\"768\" data-height=\"358\" aria-label=\"\" role=\"img\" ><\/div>\n\t\t\t\t\t\t\t\t\t\t\t\t\t\t<\/a>\n\t\t\t\t\t\t\t<a class=\"e-gallery-item elementor-gallery-item elementor-animated-content\" href=\"https:\/\/parkhotelgent.be\/wp-content\/uploads\/2020\/07\/Standaardkamer-ramen-k4.jpg\" data-elementor-open-lightbox=\"yes\" data-elementor-lightbox-slideshow=\"d15cda4\" data-elementor-lightbox-title=\"Standaardkamer + ramen k4\" data-e-action-hash=\"#elementor-action%3Aaction%3Dlightbox%26settings%3DeyJpZCI6Nzg1LCJ1cmwiOiJodHRwczpcL1wvcGFya2hvdGVsZ2VudC5iZVwvd3AtY29udGVudFwvdXBsb2Fkc1wvMjAyMFwvMDdcL1N0YW5kYWFyZGthbWVyLXJhbWVuLWs0LmpwZyIsInNsaWRlc2hvdyI6ImQxNWNkYTQifQ%3D%3D\">\n\t\t\t\t\t<div class=\"e-gallery-image elementor-gallery-item__image\" data-thumbnail=\"https:\/\/parkhotelgent.be\/wp-content\/uploads\/2020\/07\/Standaardkamer-ramen-k4-768x572.jpg\" data-width=\"768\" data-height=\"572\" aria-label=\"\" role=\"img\" ><\/div>\n\t\t\t\t\t\t\t\t\t\t\t\t\t\t<\/a>\n\t\t\t\t\t\t\t<a class=\"e-gallery-item elementor-gallery-item elementor-animated-content\" href=\"https:\/\/parkhotelgent.be\/wp-content\/uploads\/2020\/07\/Standaardkamer-15.jpg\" data-elementor-open-lightbox=\"yes\" data-elementor-lightbox-slideshow=\"d15cda4\" data-elementor-lightbox-title=\"Standaardkamer 15\" data-e-action-hash=\"#elementor-action%3Aaction%3Dlightbox%26settings%3DeyJpZCI6Nzg3LCJ1cmwiOiJodHRwczpcL1wvcGFya2hvdGVsZ2VudC5iZVwvd3AtY29udGVudFwvdXBsb2Fkc1wvMjAyMFwvMDdcL1N0YW5kYWFyZGthbWVyLTE1LmpwZyIsInNsaWRlc2hvdyI6ImQxNWNkYTQifQ%3D%3D\">\n\t\t\t\t\t<div class=\"e-gallery-image elementor-gallery-item__image\" data-thumbnail=\"https:\/\/parkhotelgent.be\/wp-content\/uploads\/2020\/07\/Standaardkamer-15-768x475.jpg\" data-width=\"768\" data-height=\"475\" aria-label=\"\" role=\"img\" ><\/div>\n\t\t\t\t\t\t\t\t\t\t\t\t\t\t<\/a>\n\t\t\t\t\t\t\t<a class=\"e-gallery-item elementor-gallery-item elementor-animated-content\" href=\"https:\/\/parkhotelgent.be\/wp-content\/uploads\/2020\/07\/Standaardkamer-15-2.jpg\" data-elementor-open-lightbox=\"yes\" data-elementor-lightbox-slideshow=\"d15cda4\" data-elementor-lightbox-title=\"Standaardkamer 15 2\" data-e-action-hash=\"#elementor-action%3Aaction%3Dlightbox%26settings%3DeyJpZCI6Nzg2LCJ1cmwiOiJodHRwczpcL1wvcGFya2hvdGVsZ2VudC5iZVwvd3AtY29udGVudFwvdXBsb2Fkc1wvMjAyMFwvMDdcL1N0YW5kYWFyZGthbWVyLTE1LTIuanBnIiwic2xpZGVzaG93IjoiZDE1Y2RhNCJ9\">\n\t\t\t\t\t<div class=\"e-gallery-image elementor-gallery-item__image\" data-thumbnail=\"https:\/\/parkhotelgent.be\/wp-content\/uploads\/2020\/07\/Standaardkamer-15-2-768x392.jpg\" data-width=\"768\" data-height=\"392\" aria-label=\"\" role=\"img\" ><\/div>\n\t\t\t\t\t\t\t\t\t\t\t\t\t\t<\/a>\n\t\t\t\t\t\t\t<a class=\"e-gallery-item elementor-gallery-item elementor-animated-content\" href=\"https:\/\/parkhotelgent.be\/wp-content\/uploads\/2020\/07\/standaardkamer-badkamer.jpg\" data-elementor-open-lightbox=\"yes\" data-elementor-lightbox-slideshow=\"d15cda4\" data-elementor-lightbox-title=\"standaardkamer badkamer\" data-e-action-hash=\"#elementor-action%3Aaction%3Dlightbox%26settings%3DeyJpZCI6Nzg4LCJ1cmwiOiJodHRwczpcL1wvcGFya2hvdGVsZ2VudC5iZVwvd3AtY29udGVudFwvdXBsb2Fkc1wvMjAyMFwvMDdcL3N0YW5kYWFyZGthbWVyLWJhZGthbWVyLmpwZyIsInNsaWRlc2hvdyI6ImQxNWNkYTQifQ%3D%3D\">\n\t\t\t\t\t<div class=\"e-gallery-image elementor-gallery-item__image\" data-thumbnail=\"https:\/\/parkhotelgent.be\/wp-content\/uploads\/2020\/07\/standaardkamer-badkamer-768x777.jpg\" data-width=\"768\" data-height=\"777\" aria-label=\"\" role=\"img\" ><\/div>\n\t\t\t\t\t\t\t\t\t\t\t\t\t\t<\/a>\n\t\t\t\t\t<\/div>\n\t\t\t\t\t<\/div>\n\t\t\t\t<\/div>\n\t\t\t\t\t<\/div>\n\t\t<\/div>\n\t\t\t\t\t<\/div>\n\t\t<\/section>\n\t\t\t\t<section class=\"elementor-section elementor-top-section elementor-element elementor-element-881c473 elementor-section-boxed elementor-section-height-default elementor-section-height-default\" data-id=\"881c473\" data-element_type=\"section\" data-settings=\"{&quot;animation&quot;:&quot;none&quot;,&quot;background_background&quot;:&quot;classic&quot;}\">\n\t\t\t\t\t\t<div class=\"elementor-container elementor-column-gap-wide\">\n\t\t\t\t\t<div class=\"elementor-column elementor-col-100 elementor-top-column elementor-element elementor-element-768a6e7\" data-id=\"768a6e7\" data-element_type=\"column\">\n\t\t\t<div class=\"elementor-widget-wrap elementor-element-populated\">\n\t\t\t\t\t\t<div class=\"elementor-element elementor-element-7273851 elementor-widget elementor-widget-heading\" data-id=\"7273851\" data-element_type=\"widget\" data-widget_type=\"heading.default\">\n\t\t\t\t<div class=\"elementor-widget-container\">\n\t\t\t\t\t<h2 class=\"elementor-heading-title elementor-size-default\">D\u00e9couvrez l&#039;h\u00f4tel<\/h2>\t\t\t\t<\/div>\n\t\t\t\t<\/div>\n\t\t\t\t<div class=\"elementor-element elementor-element-6fa4b0d elementor-invisible elementor-widget elementor-widget-gallery\" data-id=\"6fa4b0d\" data-element_type=\"widget\" data-settings=\"{&quot;gap&quot;:{&quot;unit&quot;:&quot;px&quot;,&quot;size&quot;:14,&quot;sizes&quot;:[]},&quot;_animation&quot;:&quot;fadeIn&quot;,&quot;ideal_row_height&quot;:{&quot;unit&quot;:&quot;px&quot;,&quot;size&quot;:220,&quot;sizes&quot;:[]},&quot;gallery_layout&quot;:&quot;justified&quot;,&quot;ideal_row_height_tablet&quot;:{&quot;unit&quot;:&quot;px&quot;,&quot;size&quot;:220,&quot;sizes&quot;:[]},&quot;ideal_row_height_mobile&quot;:{&quot;unit&quot;:&quot;px&quot;,&quot;size&quot;:220,&quot;sizes&quot;:[]},&quot;lazyload&quot;:&quot;yes&quot;,&quot;gap_tablet&quot;:{&quot;unit&quot;:&quot;px&quot;,&quot;size&quot;:10,&quot;sizes&quot;:[]},&quot;gap_mobile&quot;:{&quot;unit&quot;:&quot;px&quot;,&quot;size&quot;:10,&quot;sizes&quot;:[]},&quot;link_to&quot;:&quot;file&quot;,&quot;content_hover_animation&quot;:&quot;fade-in&quot;}\" data-widget_type=\"gallery.default\">\n\t\t\t\t<div class=\"elementor-widget-container\">\n\t\t\t\t\t\t\t<div class=\"elementor-gallery__container\">\n\t\t\t\t\t\t\t<a class=\"e-gallery-item elementor-gallery-item elementor-animated-content\" href=\"https:\/\/parkhotelgent.be\/wp-content\/uploads\/2020\/07\/Receptie-bar.jpg\" data-elementor-open-lightbox=\"yes\" data-elementor-lightbox-slideshow=\"6fa4b0d\" data-elementor-lightbox-title=\"Receptie + bar\" data-e-action-hash=\"#elementor-action%3Aaction%3Dlightbox%26settings%3DeyJpZCI6NzgzLCJ1cmwiOiJodHRwczpcL1wvcGFya2hvdGVsZ2VudC5iZVwvd3AtY29udGVudFwvdXBsb2Fkc1wvMjAyMFwvMDdcL1JlY2VwdGllLWJhci5qcGciLCJzbGlkZXNob3ciOiI2ZmE0YjBkIn0%3D\">\n\t\t\t\t\t<div class=\"e-gallery-image elementor-gallery-item__image\" data-thumbnail=\"https:\/\/parkhotelgent.be\/wp-content\/uploads\/2020\/07\/Receptie-bar-768x374.jpg\" data-width=\"768\" data-height=\"374\" aria-label=\"\" role=\"img\" ><\/div>\n\t\t\t\t\t\t\t\t\t\t\t\t\t\t<\/a>\n\t\t\t\t\t\t\t<a class=\"e-gallery-item elementor-gallery-item elementor-animated-content\" href=\"https:\/\/parkhotelgent.be\/wp-content\/uploads\/2020\/07\/orig_1388256191.jpg\" data-elementor-open-lightbox=\"yes\" data-elementor-lightbox-slideshow=\"6fa4b0d\" data-elementor-lightbox-title=\"orig_1388256191\" data-e-action-hash=\"#elementor-action%3Aaction%3Dlightbox%26settings%3DeyJpZCI6NzY2LCJ1cmwiOiJodHRwczpcL1wvcGFya2hvdGVsZ2VudC5iZVwvd3AtY29udGVudFwvdXBsb2Fkc1wvMjAyMFwvMDdcL29yaWdfMTM4ODI1NjE5MS5qcGciLCJzbGlkZXNob3ciOiI2ZmE0YjBkIn0%3D\">\n\t\t\t\t\t<div class=\"e-gallery-image elementor-gallery-item__image\" data-thumbnail=\"https:\/\/parkhotelgent.be\/wp-content\/uploads\/2020\/07\/orig_1388256191.jpg\" data-width=\"467\" data-height=\"700\" aria-label=\"\" role=\"img\" ><\/div>\n\t\t\t\t\t\t\t\t\t\t\t\t\t\t<\/a>\n\t\t\t\t\t\t\t<a class=\"e-gallery-item elementor-gallery-item elementor-animated-content\" href=\"https:\/\/parkhotelgent.be\/wp-content\/uploads\/2020\/07\/bovenaanzicht.jpg\" data-elementor-open-lightbox=\"yes\" data-elementor-lightbox-slideshow=\"6fa4b0d\" data-elementor-lightbox-title=\"bovenaanzicht\" data-e-action-hash=\"#elementor-action%3Aaction%3Dlightbox%26settings%3DeyJpZCI6NzkyLCJ1cmwiOiJodHRwczpcL1wvcGFya2hvdGVsZ2VudC5iZVwvd3AtY29udGVudFwvdXBsb2Fkc1wvMjAyMFwvMDdcL2JvdmVuYWFuemljaHQuanBnIiwic2xpZGVzaG93IjoiNmZhNGIwZCJ9\">\n\t\t\t\t\t<div class=\"e-gallery-image elementor-gallery-item__image\" data-thumbnail=\"https:\/\/parkhotelgent.be\/wp-content\/uploads\/2020\/07\/bovenaanzicht.jpg\" data-width=\"467\" data-height=\"700\" aria-label=\"\" role=\"img\" ><\/div>\n\t\t\t\t\t\t\t\t\t\t\t\t\t\t<\/a>\n\t\t\t\t\t\t\t<a class=\"e-gallery-item elementor-gallery-item elementor-animated-content\" href=\"https:\/\/parkhotelgent.be\/wp-content\/uploads\/2020\/07\/terras-opgedekt-als-restaurant.jpg\" data-elementor-open-lightbox=\"yes\" data-elementor-lightbox-slideshow=\"6fa4b0d\" data-elementor-lightbox-title=\"terras opgedekt als restaurant\" data-e-action-hash=\"#elementor-action%3Aaction%3Dlightbox%26settings%3DeyJpZCI6ODEzLCJ1cmwiOiJodHRwczpcL1wvcGFya2hvdGVsZ2VudC5iZVwvd3AtY29udGVudFwvdXBsb2Fkc1wvMjAyMFwvMDdcL3RlcnJhcy1vcGdlZGVrdC1hbHMtcmVzdGF1cmFudC5qcGciLCJzbGlkZXNob3ciOiI2ZmE0YjBkIn0%3D\">\n\t\t\t\t\t<div class=\"e-gallery-image elementor-gallery-item__image\" data-thumbnail=\"https:\/\/parkhotelgent.be\/wp-content\/uploads\/2020\/07\/terras-opgedekt-als-restaurant.jpg\" data-width=\"700\" data-height=\"467\" aria-label=\"\" role=\"img\" ><\/div>\n\t\t\t\t\t\t\t\t\t\t\t\t\t\t<\/a>\n\t\t\t\t\t\t\t<a class=\"e-gallery-item elementor-gallery-item elementor-animated-content\" href=\"https:\/\/parkhotelgent.be\/wp-content\/uploads\/2020\/07\/241729856.jpg\" data-elementor-open-lightbox=\"yes\" data-elementor-lightbox-slideshow=\"6fa4b0d\" data-elementor-lightbox-title=\"241729856\" data-e-action-hash=\"#elementor-action%3Aaction%3Dlightbox%26settings%3DeyJpZCI6NzY1LCJ1cmwiOiJodHRwczpcL1wvcGFya2hvdGVsZ2VudC5iZVwvd3AtY29udGVudFwvdXBsb2Fkc1wvMjAyMFwvMDdcLzI0MTcyOTg1Ni5qcGciLCJzbGlkZXNob3ciOiI2ZmE0YjBkIn0%3D\">\n\t\t\t\t\t<div class=\"e-gallery-image elementor-gallery-item__image\" data-thumbnail=\"https:\/\/parkhotelgent.be\/wp-content\/uploads\/2020\/07\/241729856.jpg\" data-width=\"512\" data-height=\"768\" aria-label=\"\" role=\"img\" ><\/div>\n\t\t\t\t\t\t\t\t\t\t\t\t\t\t<\/a>\n\t\t\t\t\t\t\t<a class=\"e-gallery-item elementor-gallery-item elementor-animated-content\" href=\"https:\/\/parkhotelgent.be\/wp-content\/uploads\/2020\/07\/25322701.jpg\" data-elementor-open-lightbox=\"yes\" data-elementor-lightbox-slideshow=\"6fa4b0d\" data-elementor-lightbox-title=\"25322701\" data-e-action-hash=\"#elementor-action%3Aaction%3Dlightbox%26settings%3DeyJpZCI6NzU4LCJ1cmwiOiJodHRwczpcL1wvcGFya2hvdGVsZ2VudC5iZVwvd3AtY29udGVudFwvdXBsb2Fkc1wvMjAyMFwvMDdcLzI1MzIyNzAxLmpwZyIsInNsaWRlc2hvdyI6IjZmYTRiMGQifQ%3D%3D\">\n\t\t\t\t\t<div class=\"e-gallery-image elementor-gallery-item__image\" data-thumbnail=\"https:\/\/parkhotelgent.be\/wp-content\/uploads\/2020\/07\/25322701-768x512.jpg\" data-width=\"768\" data-height=\"512\" aria-label=\"\" role=\"img\" ><\/div>\n\t\t\t\t\t\t\t\t\t\t\t\t\t\t<\/a>\n\t\t\t\t\t\t\t<a class=\"e-gallery-item elementor-gallery-item elementor-animated-content\" href=\"https:\/\/parkhotelgent.be\/wp-content\/uploads\/2020\/07\/25322834.jpg\" data-elementor-open-lightbox=\"yes\" data-elementor-lightbox-slideshow=\"6fa4b0d\" data-elementor-lightbox-title=\"25322834\" data-e-action-hash=\"#elementor-action%3Aaction%3Dlightbox%26settings%3DeyJpZCI6NzYyLCJ1cmwiOiJodHRwczpcL1wvcGFya2hvdGVsZ2VudC5iZVwvd3AtY29udGVudFwvdXBsb2Fkc1wvMjAyMFwvMDdcLzI1MzIyODM0LmpwZyIsInNsaWRlc2hvdyI6IjZmYTRiMGQifQ%3D%3D\">\n\t\t\t\t\t<div class=\"e-gallery-image elementor-gallery-item__image\" data-thumbnail=\"https:\/\/parkhotelgent.be\/wp-content\/uploads\/2020\/07\/25322834-768x512.jpg\" data-width=\"768\" data-height=\"512\" aria-label=\"\" role=\"img\" ><\/div>\n\t\t\t\t\t\t\t\t\t\t\t\t\t\t<\/a>\n\t\t\t\t\t\t\t<a class=\"e-gallery-item elementor-gallery-item elementor-animated-content\" href=\"https:\/\/parkhotelgent.be\/wp-content\/uploads\/2020\/07\/25322780.jpg\" data-elementor-open-lightbox=\"yes\" data-elementor-lightbox-slideshow=\"6fa4b0d\" data-elementor-lightbox-title=\"25322780\" data-e-action-hash=\"#elementor-action%3Aaction%3Dlightbox%26settings%3DeyJpZCI6NzYxLCJ1cmwiOiJodHRwczpcL1wvcGFya2hvdGVsZ2VudC5iZVwvd3AtY29udGVudFwvdXBsb2Fkc1wvMjAyMFwvMDdcLzI1MzIyNzgwLmpwZyIsInNsaWRlc2hvdyI6IjZmYTRiMGQifQ%3D%3D\">\n\t\t\t\t\t<div class=\"e-gallery-image elementor-gallery-item__image\" data-thumbnail=\"https:\/\/parkhotelgent.be\/wp-content\/uploads\/2020\/07\/25322780-768x512.jpg\" data-width=\"768\" data-height=\"512\" aria-label=\"\" role=\"img\" ><\/div>\n\t\t\t\t\t\t\t\t\t\t\t\t\t\t<\/a>\n\t\t\t\t\t<\/div>\n\t\t\t\t\t<\/div>\n\t\t\t\t<\/div>\n\t\t\t\t<div class=\"elementor-element elementor-element-0699e83 elementor-align-center elementor-widget elementor-widget-button\" data-id=\"0699e83\" data-element_type=\"widget\" data-widget_type=\"button.default\">\n\t\t\t\t<div class=\"elementor-widget-container\">\n\t\t\t\t\t\t\t\t\t<div class=\"elementor-button-wrapper\">\n\t\t\t\t\t<a class=\"elementor-button elementor-button-link elementor-size-sm\" href=\"https:\/\/parkhotelgent.be\/fr\/fotogalerij\/\">\n\t\t\t\t\t\t<span class=\"elementor-button-content-wrapper\">\n\t\t\t\t\t\t\t\t\t<span class=\"elementor-button-text\">Galerie de photos \u2192<\/span>\n\t\t\t\t\t<\/span>\n\t\t\t\t\t<\/a>\n\t\t\t\t<\/div>\n\t\t\t\t\t\t\t\t<\/div>\n\t\t\t\t<\/div>\n\t\t\t\t\t<\/div>\n\t\t<\/div>\n\t\t\t\t\t<\/div>\n\t\t<\/section>\n\t\t\t\t<\/div>","protected":false},"excerpt":{"rendered":"<p>Chambre Standard A partir de 109 \u20ac la nuit Les chambres sont \u00e9quip\u00e9es d&#039;une salle de bain privative avec douche, s\u00e8che-cheveux, lavabo et WC, TV LED avec cha\u00eenes nationales et \u00e9trang\u00e8res, bureau et climatisation. Ces chambres sont situ\u00e9es au rez-de-chauss\u00e9e et au premier \u00e9tage, les chambres du premier \u00e9tage ne sont accessibles que par des escaliers. Les chambres du rez-de-chauss\u00e9e sont avec [\u2026]<\/p>","protected":false},"author":1,"featured_media":0,"parent":0,"menu_order":11,"comment_status":"closed","ping_status":"closed","template":"elementor_header_footer","meta":{"footnotes":""},"class_list":["post-1130","page","type-page","status-publish","hentry"],"_links":{"self":[{"href":"http:\/\/parkhotelgent.be\/fr\/wp-json\/wp\/v2\/pages\/1130","targetHints":{"allow":["GET"]}}],"collection":[{"href":"http:\/\/parkhotelgent.be\/fr\/wp-json\/wp\/v2\/pages"}],"about":[{"href":"http:\/\/parkhotelgent.be\/fr\/wp-json\/wp\/v2\/types\/page"}],"author":[{"embeddable":true,"href":"http:\/\/parkhotelgent.be\/fr\/wp-json\/wp\/v2\/users\/1"}],"replies":[{"embeddable":true,"href":"http:\/\/parkhotelgent.be\/fr\/wp-json\/wp\/v2\/comments?post=1130"}],"version-history":[{"count":0,"href":"http:\/\/parkhotelgent.be\/fr\/wp-json\/wp\/v2\/pages\/1130\/revisions"}],"wp:attachment":[{"href":"http:\/\/parkhotelgent.be\/fr\/wp-json\/wp\/v2\/media?parent=1130"}],"curies":[{"name":"wp","href":"https:\/\/api.w.org\/{rel}","templated":true}]}}