{"id":1128,"date":"2020-07-16T08:51:52","date_gmt":"2020-07-16T08:51:52","guid":{"rendered":"http:\/\/parkhotel.galia.be\/?page_id=1128"},"modified":"2020-08-06T13:27:39","modified_gmt":"2020-08-06T13:27:39","slug":"budgetkamer","status":"publish","type":"page","link":"https:\/\/parkhotelgent.be\/de\/budgetkamer\/","title":{"rendered":"Budget Zimmer"},"content":{"rendered":"<div data-elementor-type=\"wp-page\" data-elementor-id=\"1128\" class=\"elementor elementor-1128\" data-elementor-post-type=\"page\">\n\t\t\t\t\t\t<section class=\"elementor-section elementor-top-section elementor-element elementor-element-15ba355 elementor-section-boxed elementor-section-height-default elementor-section-height-default\" data-id=\"15ba355\" data-element_type=\"section\" data-settings=\"{&quot;animation&quot;:&quot;none&quot;,&quot;background_background&quot;:&quot;classic&quot;}\">\n\t\t\t\t\t\t<div class=\"elementor-container elementor-column-gap-wide\">\n\t\t\t\t\t<div class=\"elementor-column elementor-col-100 elementor-top-column elementor-element elementor-element-61dbb84\" data-id=\"61dbb84\" data-element_type=\"column\">\n\t\t\t<div class=\"elementor-widget-wrap elementor-element-populated\">\n\t\t\t\t\t\t<div class=\"elementor-element elementor-element-048cd2e elementor-widget elementor-widget-heading\" data-id=\"048cd2e\" data-element_type=\"widget\" data-widget_type=\"heading.default\">\n\t\t\t\t<div class=\"elementor-widget-container\">\n\t\t\t\t\t<h2 class=\"elementor-heading-title elementor-size-default\">Budget Zimmer<\/h2>\t\t\t\t<\/div>\n\t\t\t\t<\/div>\n\t\t\t\t<div class=\"elementor-element elementor-element-457ba4e elementor-widget elementor-widget-heading\" data-id=\"457ba4e\" data-element_type=\"widget\" data-widget_type=\"heading.default\">\n\t\t\t\t<div class=\"elementor-widget-container\">\n\t\t\t\t\t<h4 class=\"elementor-heading-title elementor-size-default\">Ab 99 \u20ac pro Nacht<\/h4>\t\t\t\t<\/div>\n\t\t\t\t<\/div>\n\t\t\t\t<div class=\"elementor-element elementor-element-2f83e69 elementor-widget elementor-widget-text-editor\" data-id=\"2f83e69\" data-element_type=\"widget\" data-widget_type=\"text-editor.default\">\n\t\t\t\t<div class=\"elementor-widget-container\">\n\t\t\t\t\t\t\t\t\t<p>Die Zimmer verf\u00fcgen \u00fcber ein eigenes Bad mit Dusche, Haartrockner, Waschbecken und WC, LED-TV mit in- und ausl\u00e4ndischen Kan\u00e4len, Schreibtisch und Klimaanlage.<\/p><p>Diese Zimmer befinden sich im zweiten Stock und sind nur \u00fcber Treppen erreichbar. Es gibt keinen Aufzug im Hotel.<\/p>\t\t\t\t\t\t\t\t<\/div>\n\t\t\t\t<\/div>\n\t\t\t\t<div class=\"elementor-element elementor-element-1826786 elementor-invisible elementor-widget elementor-widget-gallery\" data-id=\"1826786\" data-element_type=\"widget\" data-settings=\"{&quot;columns&quot;:3,&quot;gap&quot;:{&quot;unit&quot;:&quot;px&quot;,&quot;size&quot;:14,&quot;sizes&quot;:[]},&quot;_animation&quot;:&quot;fadeIn&quot;,&quot;gallery_layout&quot;:&quot;grid&quot;,&quot;columns_tablet&quot;:2,&quot;columns_mobile&quot;:1,&quot;gap_tablet&quot;:{&quot;unit&quot;:&quot;px&quot;,&quot;size&quot;:10,&quot;sizes&quot;:[]},&quot;gap_mobile&quot;:{&quot;unit&quot;:&quot;px&quot;,&quot;size&quot;:10,&quot;sizes&quot;:[]},&quot;link_to&quot;:&quot;file&quot;,&quot;aspect_ratio&quot;:&quot;3:2&quot;,&quot;content_hover_animation&quot;:&quot;fade-in&quot;}\" data-widget_type=\"gallery.default\">\n\t\t\t\t<div class=\"elementor-widget-container\">\n\t\t\t\t\t\t\t<div class=\"elementor-gallery__container\">\n\t\t\t\t\t\t\t<a class=\"e-gallery-item elementor-gallery-item elementor-animated-content\" href=\"https:\/\/parkhotelgent.be\/wp-content\/uploads\/2020\/07\/Budgetkamer.jpg\" data-elementor-open-lightbox=\"yes\" data-elementor-lightbox-slideshow=\"1826786\" data-elementor-lightbox-title=\"Budgetkamer\" data-e-action-hash=\"#elementor-action%3Aaction%3Dlightbox%26settings%3DeyJpZCI6NzczLCJ1cmwiOiJodHRwczpcL1wvcGFya2hvdGVsZ2VudC5iZVwvd3AtY29udGVudFwvdXBsb2Fkc1wvMjAyMFwvMDdcL0J1ZGdldGthbWVyLmpwZyIsInNsaWRlc2hvdyI6IjE4MjY3ODYifQ%3D%3D\">\n\t\t\t\t\t<div class=\"e-gallery-image elementor-gallery-item__image\" data-thumbnail=\"https:\/\/parkhotelgent.be\/wp-content\/uploads\/2020\/07\/Budgetkamer-768x484.jpg\" data-width=\"768\" data-height=\"484\" aria-label=\"\" role=\"img\" ><\/div>\n\t\t\t\t\t\t\t\t\t\t\t\t\t\t<\/a>\n\t\t\t\t\t\t\t<a class=\"e-gallery-item elementor-gallery-item elementor-animated-content\" href=\"https:\/\/parkhotelgent.be\/wp-content\/uploads\/2020\/07\/Budgetkamer-met-uitzicht-op-raam.jpg\" data-elementor-open-lightbox=\"yes\" data-elementor-lightbox-slideshow=\"1826786\" data-elementor-lightbox-title=\"Budgetkamer met uitzicht op raam\" data-e-action-hash=\"#elementor-action%3Aaction%3Dlightbox%26settings%3DeyJpZCI6NzcxLCJ1cmwiOiJodHRwczpcL1wvcGFya2hvdGVsZ2VudC5iZVwvd3AtY29udGVudFwvdXBsb2Fkc1wvMjAyMFwvMDdcL0J1ZGdldGthbWVyLW1ldC11aXR6aWNodC1vcC1yYWFtLmpwZyIsInNsaWRlc2hvdyI6IjE4MjY3ODYifQ%3D%3D\">\n\t\t\t\t\t<div class=\"e-gallery-image elementor-gallery-item__image\" data-thumbnail=\"https:\/\/parkhotelgent.be\/wp-content\/uploads\/2020\/07\/Budgetkamer-met-uitzicht-op-raam-768x443.jpg\" data-width=\"768\" data-height=\"443\" aria-label=\"\" role=\"img\" ><\/div>\n\t\t\t\t\t\t\t\t\t\t\t\t\t\t<\/a>\n\t\t\t\t\t\t\t<a class=\"e-gallery-item elementor-gallery-item elementor-animated-content\" href=\"https:\/\/parkhotelgent.be\/wp-content\/uploads\/2020\/07\/budgetkamer-met-zicht-TV.jpg\" data-elementor-open-lightbox=\"yes\" data-elementor-lightbox-slideshow=\"1826786\" data-elementor-lightbox-title=\"budgetkamer met zicht TV\" data-e-action-hash=\"#elementor-action%3Aaction%3Dlightbox%26settings%3DeyJpZCI6NzcyLCJ1cmwiOiJodHRwczpcL1wvcGFya2hvdGVsZ2VudC5iZVwvd3AtY29udGVudFwvdXBsb2Fkc1wvMjAyMFwvMDdcL2J1ZGdldGthbWVyLW1ldC16aWNodC1UVi5qcGciLCJzbGlkZXNob3ciOiIxODI2Nzg2In0%3D\">\n\t\t\t\t\t<div class=\"e-gallery-image elementor-gallery-item__image\" data-thumbnail=\"https:\/\/parkhotelgent.be\/wp-content\/uploads\/2020\/07\/budgetkamer-met-zicht-TV-768x459.jpg\" data-width=\"768\" data-height=\"459\" aria-label=\"\" role=\"img\" ><\/div>\n\t\t\t\t\t\t\t\t\t\t\t\t\t\t<\/a>\n\t\t\t\t\t\t\t<a class=\"e-gallery-item elementor-gallery-item elementor-animated-content\" href=\"https:\/\/parkhotelgent.be\/wp-content\/uploads\/2020\/07\/Badkamer-met-zicht-lavabo-budget.jpg\" data-elementor-open-lightbox=\"yes\" data-elementor-lightbox-slideshow=\"1826786\" data-elementor-lightbox-title=\"Badkamer met zicht lavabo budget\" data-e-action-hash=\"#elementor-action%3Aaction%3Dlightbox%26settings%3DeyJpZCI6NzY4LCJ1cmwiOiJodHRwczpcL1wvcGFya2hvdGVsZ2VudC5iZVwvd3AtY29udGVudFwvdXBsb2Fkc1wvMjAyMFwvMDdcL0JhZGthbWVyLW1ldC16aWNodC1sYXZhYm8tYnVkZ2V0LmpwZyIsInNsaWRlc2hvdyI6IjE4MjY3ODYifQ%3D%3D\">\n\t\t\t\t\t<div class=\"e-gallery-image elementor-gallery-item__image\" data-thumbnail=\"https:\/\/parkhotelgent.be\/wp-content\/uploads\/2020\/07\/Badkamer-met-zicht-lavabo-budget-768x1152.jpg\" data-width=\"768\" data-height=\"1152\" aria-label=\"\" role=\"img\" ><\/div>\n\t\t\t\t\t\t\t\t\t\t\t\t\t\t<\/a>\n\t\t\t\t\t\t\t<a class=\"e-gallery-item elementor-gallery-item elementor-animated-content\" href=\"https:\/\/parkhotelgent.be\/wp-content\/uploads\/2020\/07\/Budgetkamer-2.jpg\" data-elementor-open-lightbox=\"yes\" data-elementor-lightbox-slideshow=\"1826786\" data-elementor-lightbox-title=\"Budgetkamer 2\" data-e-action-hash=\"#elementor-action%3Aaction%3Dlightbox%26settings%3DeyJpZCI6NzY5LCJ1cmwiOiJodHRwczpcL1wvcGFya2hvdGVsZ2VudC5iZVwvd3AtY29udGVudFwvdXBsb2Fkc1wvMjAyMFwvMDdcL0J1ZGdldGthbWVyLTIuanBnIiwic2xpZGVzaG93IjoiMTgyNjc4NiJ9\">\n\t\t\t\t\t<div class=\"e-gallery-image elementor-gallery-item__image\" data-thumbnail=\"https:\/\/parkhotelgent.be\/wp-content\/uploads\/2020\/07\/Budgetkamer-2-768x508.jpg\" data-width=\"768\" data-height=\"508\" aria-label=\"\" role=\"img\" ><\/div>\n\t\t\t\t\t\t\t\t\t\t\t\t\t\t<\/a>\n\t\t\t\t\t\t\t<a class=\"e-gallery-item elementor-gallery-item elementor-animated-content\" href=\"https:\/\/parkhotelgent.be\/wp-content\/uploads\/2020\/07\/budgetkamer-douchewc.jpg\" data-elementor-open-lightbox=\"yes\" data-elementor-lightbox-slideshow=\"1826786\" data-elementor-lightbox-title=\"budgetkamer douche+wc\" data-e-action-hash=\"#elementor-action%3Aaction%3Dlightbox%26settings%3DeyJpZCI6NzcwLCJ1cmwiOiJodHRwczpcL1wvcGFya2hvdGVsZ2VudC5iZVwvd3AtY29udGVudFwvdXBsb2Fkc1wvMjAyMFwvMDdcL2J1ZGdldGthbWVyLWRvdWNoZXdjLmpwZyIsInNsaWRlc2hvdyI6IjE4MjY3ODYifQ%3D%3D\">\n\t\t\t\t\t<div class=\"e-gallery-image elementor-gallery-item__image\" data-thumbnail=\"https:\/\/parkhotelgent.be\/wp-content\/uploads\/2020\/07\/budgetkamer-douchewc-768x1152.jpg\" data-width=\"768\" data-height=\"1152\" aria-label=\"\" role=\"img\" ><\/div>\n\t\t\t\t\t\t\t\t\t\t\t\t\t\t<\/a>\n\t\t\t\t\t<\/div>\n\t\t\t\t\t<\/div>\n\t\t\t\t<\/div>\n\t\t\t\t\t<\/div>\n\t\t<\/div>\n\t\t\t\t\t<\/div>\n\t\t<\/section>\n\t\t\t\t<section class=\"elementor-section elementor-top-section elementor-element elementor-element-a472b73 elementor-section-boxed elementor-section-height-default elementor-section-height-default\" data-id=\"a472b73\" data-element_type=\"section\" data-settings=\"{&quot;animation&quot;:&quot;none&quot;,&quot;background_background&quot;:&quot;classic&quot;}\">\n\t\t\t\t\t\t<div class=\"elementor-container elementor-column-gap-wide\">\n\t\t\t\t\t<div class=\"elementor-column elementor-col-100 elementor-top-column elementor-element elementor-element-e04e9fb\" data-id=\"e04e9fb\" data-element_type=\"column\">\n\t\t\t<div class=\"elementor-widget-wrap elementor-element-populated\">\n\t\t\t\t\t\t<div class=\"elementor-element elementor-element-63a7d84 elementor-widget elementor-widget-heading\" data-id=\"63a7d84\" data-element_type=\"widget\" data-widget_type=\"heading.default\">\n\t\t\t\t<div class=\"elementor-widget-container\">\n\t\t\t\t\t<h2 class=\"elementor-heading-title elementor-size-default\">Entdecken Sie das Hotel<\/h2>\t\t\t\t<\/div>\n\t\t\t\t<\/div>\n\t\t\t\t<div class=\"elementor-element elementor-element-9349a22 elementor-invisible elementor-widget elementor-widget-gallery\" data-id=\"9349a22\" data-element_type=\"widget\" data-settings=\"{&quot;gap&quot;:{&quot;unit&quot;:&quot;px&quot;,&quot;size&quot;:14,&quot;sizes&quot;:[]},&quot;_animation&quot;:&quot;fadeIn&quot;,&quot;ideal_row_height&quot;:{&quot;unit&quot;:&quot;px&quot;,&quot;size&quot;:260,&quot;sizes&quot;:[]},&quot;gallery_layout&quot;:&quot;justified&quot;,&quot;ideal_row_height_tablet&quot;:{&quot;unit&quot;:&quot;px&quot;,&quot;size&quot;:220,&quot;sizes&quot;:[]},&quot;lazyload&quot;:&quot;yes&quot;,&quot;ideal_row_height_mobile&quot;:{&quot;unit&quot;:&quot;px&quot;,&quot;size&quot;:150,&quot;sizes&quot;:[]},&quot;gap_tablet&quot;:{&quot;unit&quot;:&quot;px&quot;,&quot;size&quot;:10,&quot;sizes&quot;:[]},&quot;gap_mobile&quot;:{&quot;unit&quot;:&quot;px&quot;,&quot;size&quot;:10,&quot;sizes&quot;:[]},&quot;link_to&quot;:&quot;file&quot;,&quot;content_hover_animation&quot;:&quot;fade-in&quot;}\" data-widget_type=\"gallery.default\">\n\t\t\t\t<div class=\"elementor-widget-container\">\n\t\t\t\t\t\t\t<div class=\"elementor-gallery__container\">\n\t\t\t\t\t\t\t<a class=\"e-gallery-item elementor-gallery-item elementor-animated-content\" href=\"https:\/\/parkhotelgent.be\/wp-content\/uploads\/2020\/07\/Receptie-bar.jpg\" data-elementor-open-lightbox=\"yes\" data-elementor-lightbox-slideshow=\"9349a22\" data-elementor-lightbox-title=\"Receptie + bar\" data-e-action-hash=\"#elementor-action%3Aaction%3Dlightbox%26settings%3DeyJpZCI6NzgzLCJ1cmwiOiJodHRwczpcL1wvcGFya2hvdGVsZ2VudC5iZVwvd3AtY29udGVudFwvdXBsb2Fkc1wvMjAyMFwvMDdcL1JlY2VwdGllLWJhci5qcGciLCJzbGlkZXNob3ciOiI5MzQ5YTIyIn0%3D\">\n\t\t\t\t\t<div class=\"e-gallery-image elementor-gallery-item__image\" data-thumbnail=\"https:\/\/parkhotelgent.be\/wp-content\/uploads\/2020\/07\/Receptie-bar-768x374.jpg\" data-width=\"768\" data-height=\"374\" aria-label=\"\" role=\"img\" ><\/div>\n\t\t\t\t\t\t\t\t\t\t\t\t\t\t<\/a>\n\t\t\t\t\t\t\t<a class=\"e-gallery-item elementor-gallery-item elementor-animated-content\" href=\"https:\/\/parkhotelgent.be\/wp-content\/uploads\/2020\/07\/orig_1388256191.jpg\" data-elementor-open-lightbox=\"yes\" data-elementor-lightbox-slideshow=\"9349a22\" data-elementor-lightbox-title=\"orig_1388256191\" data-e-action-hash=\"#elementor-action%3Aaction%3Dlightbox%26settings%3DeyJpZCI6NzY2LCJ1cmwiOiJodHRwczpcL1wvcGFya2hvdGVsZ2VudC5iZVwvd3AtY29udGVudFwvdXBsb2Fkc1wvMjAyMFwvMDdcL29yaWdfMTM4ODI1NjE5MS5qcGciLCJzbGlkZXNob3ciOiI5MzQ5YTIyIn0%3D\">\n\t\t\t\t\t<div class=\"e-gallery-image elementor-gallery-item__image\" data-thumbnail=\"https:\/\/parkhotelgent.be\/wp-content\/uploads\/2020\/07\/orig_1388256191.jpg\" data-width=\"467\" data-height=\"700\" aria-label=\"\" role=\"img\" ><\/div>\n\t\t\t\t\t\t\t\t\t\t\t\t\t\t<\/a>\n\t\t\t\t\t\t\t<a class=\"e-gallery-item elementor-gallery-item elementor-animated-content\" href=\"https:\/\/parkhotelgent.be\/wp-content\/uploads\/2020\/07\/bovenaanzicht.jpg\" data-elementor-open-lightbox=\"yes\" data-elementor-lightbox-slideshow=\"9349a22\" data-elementor-lightbox-title=\"bovenaanzicht\" data-e-action-hash=\"#elementor-action%3Aaction%3Dlightbox%26settings%3DeyJpZCI6NzkyLCJ1cmwiOiJodHRwczpcL1wvcGFya2hvdGVsZ2VudC5iZVwvd3AtY29udGVudFwvdXBsb2Fkc1wvMjAyMFwvMDdcL2JvdmVuYWFuemljaHQuanBnIiwic2xpZGVzaG93IjoiOTM0OWEyMiJ9\">\n\t\t\t\t\t<div class=\"e-gallery-image elementor-gallery-item__image\" data-thumbnail=\"https:\/\/parkhotelgent.be\/wp-content\/uploads\/2020\/07\/bovenaanzicht.jpg\" data-width=\"467\" data-height=\"700\" aria-label=\"\" role=\"img\" ><\/div>\n\t\t\t\t\t\t\t\t\t\t\t\t\t\t<\/a>\n\t\t\t\t\t\t\t<a class=\"e-gallery-item elementor-gallery-item elementor-animated-content\" href=\"https:\/\/parkhotelgent.be\/wp-content\/uploads\/2020\/07\/terras-opgedekt-als-restaurant.jpg\" data-elementor-open-lightbox=\"yes\" data-elementor-lightbox-slideshow=\"9349a22\" data-elementor-lightbox-title=\"terras opgedekt als restaurant\" data-e-action-hash=\"#elementor-action%3Aaction%3Dlightbox%26settings%3DeyJpZCI6ODEzLCJ1cmwiOiJodHRwczpcL1wvcGFya2hvdGVsZ2VudC5iZVwvd3AtY29udGVudFwvdXBsb2Fkc1wvMjAyMFwvMDdcL3RlcnJhcy1vcGdlZGVrdC1hbHMtcmVzdGF1cmFudC5qcGciLCJzbGlkZXNob3ciOiI5MzQ5YTIyIn0%3D\">\n\t\t\t\t\t<div class=\"e-gallery-image elementor-gallery-item__image\" data-thumbnail=\"https:\/\/parkhotelgent.be\/wp-content\/uploads\/2020\/07\/terras-opgedekt-als-restaurant.jpg\" data-width=\"700\" data-height=\"467\" aria-label=\"\" role=\"img\" ><\/div>\n\t\t\t\t\t\t\t\t\t\t\t\t\t\t<\/a>\n\t\t\t\t\t\t\t<a class=\"e-gallery-item elementor-gallery-item elementor-animated-content\" href=\"https:\/\/parkhotelgent.be\/wp-content\/uploads\/2020\/07\/241729856.jpg\" data-elementor-open-lightbox=\"yes\" data-elementor-lightbox-slideshow=\"9349a22\" data-elementor-lightbox-title=\"241729856\" data-e-action-hash=\"#elementor-action%3Aaction%3Dlightbox%26settings%3DeyJpZCI6NzY1LCJ1cmwiOiJodHRwczpcL1wvcGFya2hvdGVsZ2VudC5iZVwvd3AtY29udGVudFwvdXBsb2Fkc1wvMjAyMFwvMDdcLzI0MTcyOTg1Ni5qcGciLCJzbGlkZXNob3ciOiI5MzQ5YTIyIn0%3D\">\n\t\t\t\t\t<div class=\"e-gallery-image elementor-gallery-item__image\" data-thumbnail=\"https:\/\/parkhotelgent.be\/wp-content\/uploads\/2020\/07\/241729856.jpg\" data-width=\"512\" data-height=\"768\" aria-label=\"\" role=\"img\" ><\/div>\n\t\t\t\t\t\t\t\t\t\t\t\t\t\t<\/a>\n\t\t\t\t\t\t\t<a class=\"e-gallery-item elementor-gallery-item elementor-animated-content\" href=\"https:\/\/parkhotelgent.be\/wp-content\/uploads\/2020\/07\/25322701.jpg\" data-elementor-open-lightbox=\"yes\" data-elementor-lightbox-slideshow=\"9349a22\" data-elementor-lightbox-title=\"25322701\" data-e-action-hash=\"#elementor-action%3Aaction%3Dlightbox%26settings%3DeyJpZCI6NzU4LCJ1cmwiOiJodHRwczpcL1wvcGFya2hvdGVsZ2VudC5iZVwvd3AtY29udGVudFwvdXBsb2Fkc1wvMjAyMFwvMDdcLzI1MzIyNzAxLmpwZyIsInNsaWRlc2hvdyI6IjkzNDlhMjIifQ%3D%3D\">\n\t\t\t\t\t<div class=\"e-gallery-image elementor-gallery-item__image\" data-thumbnail=\"https:\/\/parkhotelgent.be\/wp-content\/uploads\/2020\/07\/25322701-768x512.jpg\" data-width=\"768\" data-height=\"512\" aria-label=\"\" role=\"img\" ><\/div>\n\t\t\t\t\t\t\t\t\t\t\t\t\t\t<\/a>\n\t\t\t\t\t\t\t<a class=\"e-gallery-item elementor-gallery-item elementor-animated-content\" href=\"https:\/\/parkhotelgent.be\/wp-content\/uploads\/2020\/07\/25322834.jpg\" data-elementor-open-lightbox=\"yes\" data-elementor-lightbox-slideshow=\"9349a22\" data-elementor-lightbox-title=\"25322834\" data-e-action-hash=\"#elementor-action%3Aaction%3Dlightbox%26settings%3DeyJpZCI6NzYyLCJ1cmwiOiJodHRwczpcL1wvcGFya2hvdGVsZ2VudC5iZVwvd3AtY29udGVudFwvdXBsb2Fkc1wvMjAyMFwvMDdcLzI1MzIyODM0LmpwZyIsInNsaWRlc2hvdyI6IjkzNDlhMjIifQ%3D%3D\">\n\t\t\t\t\t<div class=\"e-gallery-image elementor-gallery-item__image\" data-thumbnail=\"https:\/\/parkhotelgent.be\/wp-content\/uploads\/2020\/07\/25322834-768x512.jpg\" data-width=\"768\" data-height=\"512\" aria-label=\"\" role=\"img\" ><\/div>\n\t\t\t\t\t\t\t\t\t\t\t\t\t\t<\/a>\n\t\t\t\t\t\t\t<a class=\"e-gallery-item elementor-gallery-item elementor-animated-content\" href=\"https:\/\/parkhotelgent.be\/wp-content\/uploads\/2020\/07\/25322780.jpg\" data-elementor-open-lightbox=\"yes\" data-elementor-lightbox-slideshow=\"9349a22\" data-elementor-lightbox-title=\"25322780\" data-e-action-hash=\"#elementor-action%3Aaction%3Dlightbox%26settings%3DeyJpZCI6NzYxLCJ1cmwiOiJodHRwczpcL1wvcGFya2hvdGVsZ2VudC5iZVwvd3AtY29udGVudFwvdXBsb2Fkc1wvMjAyMFwvMDdcLzI1MzIyNzgwLmpwZyIsInNsaWRlc2hvdyI6IjkzNDlhMjIifQ%3D%3D\">\n\t\t\t\t\t<div class=\"e-gallery-image elementor-gallery-item__image\" data-thumbnail=\"https:\/\/parkhotelgent.be\/wp-content\/uploads\/2020\/07\/25322780-768x512.jpg\" data-width=\"768\" data-height=\"512\" aria-label=\"\" role=\"img\" ><\/div>\n\t\t\t\t\t\t\t\t\t\t\t\t\t\t<\/a>\n\t\t\t\t\t<\/div>\n\t\t\t\t\t<\/div>\n\t\t\t\t<\/div>\n\t\t\t\t<div class=\"elementor-element elementor-element-e6c2234 elementor-align-center elementor-widget elementor-widget-button\" data-id=\"e6c2234\" data-element_type=\"widget\" data-widget_type=\"button.default\">\n\t\t\t\t<div class=\"elementor-widget-container\">\n\t\t\t\t\t\t\t\t\t<div class=\"elementor-button-wrapper\">\n\t\t\t\t\t<a class=\"elementor-button elementor-button-link elementor-size-sm\" href=\"https:\/\/parkhotelgent.be\/de\/fotogalerij\/\">\n\t\t\t\t\t\t<span class=\"elementor-button-content-wrapper\">\n\t\t\t\t\t\t\t\t\t<span class=\"elementor-button-text\">Fotogalerie \u2192<\/span>\n\t\t\t\t\t<\/span>\n\t\t\t\t\t<\/a>\n\t\t\t\t<\/div>\n\t\t\t\t\t\t\t\t<\/div>\n\t\t\t\t<\/div>\n\t\t\t\t\t<\/div>\n\t\t<\/div>\n\t\t\t\t\t<\/div>\n\t\t<\/section>\n\t\t\t\t<\/div>","protected":false},"excerpt":{"rendered":"<p>Budget-Zimmer Ab 99 \u20ac pro Nacht Die Zimmer sind mit eigenem Bad mit Dusche, Haartrockner, Waschbecken und Toilette, LED-TV mit in- und ausl\u00e4ndischen Sendern, Schreibtisch und Klimaanlage ausgestattet. Diese Zimmer befinden sich auf der 2. Etage und sind nur \u00fcber Treppen erreichbar. Es gibt keinen Aufzug im Hotel. Entdecken Sie das Hotel [\u2026]<\/p>","protected":false},"author":1,"featured_media":0,"parent":0,"menu_order":12,"comment_status":"closed","ping_status":"closed","template":"elementor_header_footer","meta":{"footnotes":""},"class_list":["post-1128","page","type-page","status-publish","hentry"],"_links":{"self":[{"href":"https:\/\/parkhotelgent.be\/de\/wp-json\/wp\/v2\/pages\/1128","targetHints":{"allow":["GET"]}}],"collection":[{"href":"https:\/\/parkhotelgent.be\/de\/wp-json\/wp\/v2\/pages"}],"about":[{"href":"https:\/\/parkhotelgent.be\/de\/wp-json\/wp\/v2\/types\/page"}],"author":[{"embeddable":true,"href":"https:\/\/parkhotelgent.be\/de\/wp-json\/wp\/v2\/users\/1"}],"replies":[{"embeddable":true,"href":"https:\/\/parkhotelgent.be\/de\/wp-json\/wp\/v2\/comments?post=1128"}],"version-history":[{"count":0,"href":"https:\/\/parkhotelgent.be\/de\/wp-json\/wp\/v2\/pages\/1128\/revisions"}],"wp:attachment":[{"href":"https:\/\/parkhotelgent.be\/de\/wp-json\/wp\/v2\/media?parent=1128"}],"curies":[{"name":"wp","href":"https:\/\/api.w.org\/{rel}","templated":true}]}}