{"id":1132,"date":"2020-07-16T08:52:48","date_gmt":"2020-07-16T08:52:48","guid":{"rendered":"http:\/\/parkhotel.galia.be\/?page_id=1132"},"modified":"2020-08-06T13:31:14","modified_gmt":"2020-08-06T13:31:14","slug":"comfortkamer","status":"publish","type":"page","link":"https:\/\/parkhotelgent.be\/de\/comfortkamer\/","title":{"rendered":"Komfortzimmer"},"content":{"rendered":"<div data-elementor-type=\"wp-page\" data-elementor-id=\"1132\" class=\"elementor elementor-1132\" data-elementor-post-type=\"page\">\n\t\t\t\t\t\t<section class=\"elementor-section elementor-top-section elementor-element elementor-element-fd60262 elementor-section-boxed elementor-section-height-default elementor-section-height-default\" data-id=\"fd60262\" data-element_type=\"section\" data-settings=\"{&quot;animation&quot;:&quot;none&quot;,&quot;background_background&quot;:&quot;classic&quot;}\">\n\t\t\t\t\t\t<div class=\"elementor-container elementor-column-gap-wide\">\n\t\t\t\t\t<div class=\"elementor-column elementor-col-100 elementor-top-column elementor-element elementor-element-1b37a13\" data-id=\"1b37a13\" data-element_type=\"column\">\n\t\t\t<div class=\"elementor-widget-wrap elementor-element-populated\">\n\t\t\t\t\t\t<div class=\"elementor-element elementor-element-59317ee elementor-widget elementor-widget-heading\" data-id=\"59317ee\" data-element_type=\"widget\" data-widget_type=\"heading.default\">\n\t\t\t\t<div class=\"elementor-widget-container\">\n\t\t\t\t\t<h2 class=\"elementor-heading-title elementor-size-default\">Komfortzimmer<\/h2>\t\t\t\t<\/div>\n\t\t\t\t<\/div>\n\t\t\t\t<div class=\"elementor-element elementor-element-2deb48d elementor-widget elementor-widget-heading\" data-id=\"2deb48d\" data-element_type=\"widget\" data-widget_type=\"heading.default\">\n\t\t\t\t<div class=\"elementor-widget-container\">\n\t\t\t\t\t<h4 class=\"elementor-heading-title elementor-size-default\">Komfortzimmer 1 am Wasser ab 119 \u20ac<\/h4>\t\t\t\t<\/div>\n\t\t\t\t<\/div>\n\t\t\t\t<div class=\"elementor-element elementor-element-55ee804 elementor-widget elementor-widget-text-editor\" data-id=\"55ee804\" data-element_type=\"widget\" data-widget_type=\"text-editor.default\">\n\t\t\t\t<div class=\"elementor-widget-container\">\n\t\t\t\t\t\t\t\t\t<p>Die Zimmer sind mit einem eigenen Bad mit Dusche, Haartrockner, Waschbecken und WC, LED-TV mit in- und ausl\u00e4ndischen Kan\u00e4len, Schreibtisch, Sitzecke mit 2 Sitzpl\u00e4tzen, Kaffeemaschine, Wasserkocher und Klimaanlage ausgestattet.<\/p><p>Diese ger\u00e4umigen Zimmer befinden sich im Erdgeschoss und im ersten Stock. Die Zimmer im ersten Stock sind nur \u00fcber Treppen erreichbar. Die Zimmer im Erdgeschoss sind f\u00fcr Rollstuhlfahrer zug\u00e4nglich.<\/p><p>Es gibt keinen Aufzug im Hotel.<\/p>\t\t\t\t\t\t\t\t<\/div>\n\t\t\t\t<\/div>\n\t\t\t\t<div class=\"elementor-element elementor-element-78143c0 elementor-invisible elementor-widget elementor-widget-gallery\" data-id=\"78143c0\" data-element_type=\"widget\" data-settings=\"{&quot;gap&quot;:{&quot;unit&quot;:&quot;px&quot;,&quot;size&quot;:14,&quot;sizes&quot;:[]},&quot;_animation&quot;:&quot;fadeIn&quot;,&quot;ideal_row_height&quot;:{&quot;unit&quot;:&quot;px&quot;,&quot;size&quot;:300,&quot;sizes&quot;:[]},&quot;gallery_layout&quot;:&quot;justified&quot;,&quot;ideal_row_height_tablet&quot;:{&quot;unit&quot;:&quot;px&quot;,&quot;size&quot;:220,&quot;sizes&quot;:[]},&quot;ideal_row_height_mobile&quot;:{&quot;unit&quot;:&quot;px&quot;,&quot;size&quot;:150,&quot;sizes&quot;:[]},&quot;gap_tablet&quot;:{&quot;unit&quot;:&quot;px&quot;,&quot;size&quot;:10,&quot;sizes&quot;:[]},&quot;gap_mobile&quot;:{&quot;unit&quot;:&quot;px&quot;,&quot;size&quot;:10,&quot;sizes&quot;:[]},&quot;link_to&quot;:&quot;file&quot;,&quot;content_hover_animation&quot;:&quot;fade-in&quot;}\" data-widget_type=\"gallery.default\">\n\t\t\t\t<div class=\"elementor-widget-container\">\n\t\t\t\t\t\t\t<div class=\"elementor-gallery__container\">\n\t\t\t\t\t\t\t<a class=\"e-gallery-item elementor-gallery-item elementor-animated-content\" href=\"https:\/\/parkhotelgent.be\/wp-content\/uploads\/2020\/07\/Comfortkamer-voorgebouw-23-pano-op-badkamer-inkom-1.jpg\" data-elementor-open-lightbox=\"yes\" data-elementor-lightbox-slideshow=\"78143c0\" data-elementor-lightbox-title=\"Comfortkamer voorgebouw 23 pano op badkamer + inkom\" data-e-action-hash=\"#elementor-action%3Aaction%3Dlightbox%26settings%3DeyJpZCI6MTIzNywidXJsIjoiaHR0cHM6XC9cL3Bhcmtob3RlbGdlbnQuYmVcL3dwLWNvbnRlbnRcL3VwbG9hZHNcLzIwMjBcLzA3XC9Db21mb3J0a2FtZXItdm9vcmdlYm91dy0yMy1wYW5vLW9wLWJhZGthbWVyLWlua29tLTEuanBnIiwic2xpZGVzaG93IjoiNzgxNDNjMCJ9\">\n\t\t\t\t\t<div class=\"e-gallery-image elementor-gallery-item__image\" data-thumbnail=\"https:\/\/parkhotelgent.be\/wp-content\/uploads\/2020\/07\/Comfortkamer-voorgebouw-23-pano-op-badkamer-inkom-1-768x259.jpg\" data-width=\"768\" data-height=\"259\" aria-label=\"\" role=\"img\" ><\/div>\n\t\t\t\t\t\t\t\t\t\t\t\t\t\t<\/a>\n\t\t\t\t\t\t\t<a class=\"e-gallery-item elementor-gallery-item elementor-animated-content\" href=\"https:\/\/parkhotelgent.be\/wp-content\/uploads\/2020\/07\/Comfortkamer-13-koffiebeeld-in-hal.jpg\" data-elementor-open-lightbox=\"yes\" data-elementor-lightbox-slideshow=\"78143c0\" data-elementor-lightbox-title=\"Comfortkamer 13 koffiebeeld in hal\" data-e-action-hash=\"#elementor-action%3Aaction%3Dlightbox%26settings%3DeyJpZCI6Nzc2LCJ1cmwiOiJodHRwczpcL1wvcGFya2hvdGVsZ2VudC5iZVwvd3AtY29udGVudFwvdXBsb2Fkc1wvMjAyMFwvMDdcL0NvbWZvcnRrYW1lci0xMy1rb2ZmaWViZWVsZC1pbi1oYWwuanBnIiwic2xpZGVzaG93IjoiNzgxNDNjMCJ9\">\n\t\t\t\t\t<div class=\"e-gallery-image elementor-gallery-item__image\" data-thumbnail=\"https:\/\/parkhotelgent.be\/wp-content\/uploads\/2020\/07\/Comfortkamer-13-koffiebeeld-in-hal-768x1152.jpg\" data-width=\"768\" data-height=\"1152\" aria-label=\"\" role=\"img\" ><\/div>\n\t\t\t\t\t\t\t\t\t\t\t\t\t\t<\/a>\n\t\t\t\t\t\t\t<a class=\"e-gallery-item elementor-gallery-item elementor-animated-content\" href=\"https:\/\/parkhotelgent.be\/wp-content\/uploads\/2020\/07\/Comfortkamer-badkamer.jpg\" data-elementor-open-lightbox=\"yes\" data-elementor-lightbox-slideshow=\"78143c0\" data-elementor-lightbox-title=\"Comfortkamer + badkamer\" data-e-action-hash=\"#elementor-action%3Aaction%3Dlightbox%26settings%3DeyJpZCI6Nzc0LCJ1cmwiOiJodHRwczpcL1wvcGFya2hvdGVsZ2VudC5iZVwvd3AtY29udGVudFwvdXBsb2Fkc1wvMjAyMFwvMDdcL0NvbWZvcnRrYW1lci1iYWRrYW1lci5qcGciLCJzbGlkZXNob3ciOiI3ODE0M2MwIn0%3D\">\n\t\t\t\t\t<div class=\"e-gallery-image elementor-gallery-item__image\" data-thumbnail=\"https:\/\/parkhotelgent.be\/wp-content\/uploads\/2020\/07\/Comfortkamer-badkamer-768x632.jpg\" data-width=\"768\" data-height=\"632\" aria-label=\"\" role=\"img\" ><\/div>\n\t\t\t\t\t\t\t\t\t\t\t\t\t\t<\/a>\n\t\t\t\t\t\t\t<a class=\"e-gallery-item elementor-gallery-item elementor-animated-content\" href=\"https:\/\/parkhotelgent.be\/wp-content\/uploads\/2020\/07\/Comfortkamer-voorgebouw-23-zicht-bad-inkom.jpg\" data-elementor-open-lightbox=\"yes\" data-elementor-lightbox-slideshow=\"78143c0\" data-elementor-lightbox-title=\"Comfortkamer voorgebouw 23 zicht bad + inkom\" data-e-action-hash=\"#elementor-action%3Aaction%3Dlightbox%26settings%3DeyJpZCI6Nzk3LCJ1cmwiOiJodHRwczpcL1wvcGFya2hvdGVsZ2VudC5iZVwvd3AtY29udGVudFwvdXBsb2Fkc1wvMjAyMFwvMDdcL0NvbWZvcnRrYW1lci12b29yZ2Vib3V3LTIzLXppY2h0LWJhZC1pbmtvbS5qcGciLCJzbGlkZXNob3ciOiI3ODE0M2MwIn0%3D\">\n\t\t\t\t\t<div class=\"e-gallery-image elementor-gallery-item__image\" data-thumbnail=\"https:\/\/parkhotelgent.be\/wp-content\/uploads\/2020\/07\/Comfortkamer-voorgebouw-23-zicht-bad-inkom-768x313.jpg\" data-width=\"768\" data-height=\"313\" aria-label=\"\" role=\"img\" ><\/div>\n\t\t\t\t\t\t\t\t\t\t\t\t\t\t<\/a>\n\t\t\t\t\t<\/div>\n\t\t\t\t\t<\/div>\n\t\t\t\t<\/div>\n\t\t\t\t\t<\/div>\n\t\t<\/div>\n\t\t\t\t\t<\/div>\n\t\t<\/section>\n\t\t\t\t<section class=\"elementor-section elementor-top-section elementor-element elementor-element-acd66bf elementor-section-boxed elementor-section-height-default elementor-section-height-default\" data-id=\"acd66bf\" data-element_type=\"section\" data-settings=\"{&quot;animation&quot;:&quot;none&quot;,&quot;background_background&quot;:&quot;classic&quot;}\">\n\t\t\t\t\t\t<div class=\"elementor-container elementor-column-gap-wide\">\n\t\t\t\t\t<div class=\"elementor-column elementor-col-100 elementor-top-column elementor-element elementor-element-8a1ccb4\" data-id=\"8a1ccb4\" data-element_type=\"column\">\n\t\t\t<div class=\"elementor-widget-wrap elementor-element-populated\">\n\t\t\t\t\t\t<div class=\"elementor-element elementor-element-d530164 elementor-widget elementor-widget-heading\" data-id=\"d530164\" data-element_type=\"widget\" data-widget_type=\"heading.default\">\n\t\t\t\t<div class=\"elementor-widget-container\">\n\t\t\t\t\t<h4 class=\"elementor-heading-title elementor-size-default\">Komfortzimmer 2 im Vorderhaus ab 129 \u20ac <\/h4>\t\t\t\t<\/div>\n\t\t\t\t<\/div>\n\t\t\t\t<div class=\"elementor-element elementor-element-5908d5e elementor-widget elementor-widget-text-editor\" data-id=\"5908d5e\" data-element_type=\"widget\" data-widget_type=\"text-editor.default\">\n\t\t\t\t<div class=\"elementor-widget-container\">\n\t\t\t\t\t\t\t\t\t<p>Die Zimmer sind mit einem eigenen Bad mit Dusche, Haartrockner, Waschbecken und WC, LED-TV mit in- und ausl\u00e4ndischen Kan\u00e4len, Schreibtisch, Sitzecke mit 2 Sitzpl\u00e4tzen, Kaffeemaschine, Wasserkocher und Klimaanlage ausgestattet.<\/p><p>Diese ger\u00e4umigen Zimmer befinden sich im Erdgeschoss und im ersten Stock. Die Zimmer im ersten Stock sind nur \u00fcber Treppen erreichbar. Die Zimmer im Erdgeschoss sind f\u00fcr Rollstuhlfahrer zug\u00e4nglich.<\/p><p>Es gibt keinen Aufzug im Hotel.<\/p>\t\t\t\t\t\t\t\t<\/div>\n\t\t\t\t<\/div>\n\t\t\t\t<div class=\"elementor-element elementor-element-09e8450 elementor-invisible elementor-widget elementor-widget-gallery\" data-id=\"09e8450\" data-element_type=\"widget\" data-settings=\"{&quot;gap&quot;:{&quot;unit&quot;:&quot;px&quot;,&quot;size&quot;:14,&quot;sizes&quot;:[]},&quot;_animation&quot;:&quot;fadeIn&quot;,&quot;ideal_row_height&quot;:{&quot;unit&quot;:&quot;px&quot;,&quot;size&quot;:300,&quot;sizes&quot;:[]},&quot;gallery_layout&quot;:&quot;justified&quot;,&quot;ideal_row_height_tablet&quot;:{&quot;unit&quot;:&quot;px&quot;,&quot;size&quot;:220,&quot;sizes&quot;:[]},&quot;ideal_row_height_mobile&quot;:{&quot;unit&quot;:&quot;px&quot;,&quot;size&quot;:220,&quot;sizes&quot;:[]},&quot;gap_tablet&quot;:{&quot;unit&quot;:&quot;px&quot;,&quot;size&quot;:10,&quot;sizes&quot;:[]},&quot;gap_mobile&quot;:{&quot;unit&quot;:&quot;px&quot;,&quot;size&quot;:10,&quot;sizes&quot;:[]},&quot;link_to&quot;:&quot;file&quot;,&quot;content_hover_animation&quot;:&quot;fade-in&quot;}\" data-widget_type=\"gallery.default\">\n\t\t\t\t<div class=\"elementor-widget-container\">\n\t\t\t\t\t\t\t<div class=\"elementor-gallery__container\">\n\t\t\t\t\t\t\t<a class=\"e-gallery-item elementor-gallery-item elementor-animated-content\" href=\"https:\/\/parkhotelgent.be\/wp-content\/uploads\/2020\/07\/Comfortkamer-voorgebouw-23-zicht-bad-inkom.jpg\" data-elementor-open-lightbox=\"yes\" data-elementor-lightbox-slideshow=\"09e8450\" data-elementor-lightbox-title=\"Comfortkamer voorgebouw 23 zicht bad + inkom\" data-e-action-hash=\"#elementor-action%3Aaction%3Dlightbox%26settings%3DeyJpZCI6Nzk3LCJ1cmwiOiJodHRwczpcL1wvcGFya2hvdGVsZ2VudC5iZVwvd3AtY29udGVudFwvdXBsb2Fkc1wvMjAyMFwvMDdcL0NvbWZvcnRrYW1lci12b29yZ2Vib3V3LTIzLXppY2h0LWJhZC1pbmtvbS5qcGciLCJzbGlkZXNob3ciOiIwOWU4NDUwIn0%3D\">\n\t\t\t\t\t<div class=\"e-gallery-image elementor-gallery-item__image\" data-thumbnail=\"https:\/\/parkhotelgent.be\/wp-content\/uploads\/2020\/07\/Comfortkamer-voorgebouw-23-zicht-bad-inkom-768x313.jpg\" data-width=\"768\" data-height=\"313\" aria-label=\"\" role=\"img\" ><\/div>\n\t\t\t\t\t\t\t\t\t\t\t\t\t\t<\/a>\n\t\t\t\t\t\t\t<a class=\"e-gallery-item elementor-gallery-item elementor-animated-content\" href=\"https:\/\/parkhotelgent.be\/wp-content\/uploads\/2020\/07\/Comfortkamer-voorgebouw-23-pano-op-badkamer-inkom.jpg\" data-elementor-open-lightbox=\"yes\" data-elementor-lightbox-slideshow=\"09e8450\" data-elementor-lightbox-title=\"Comfortkamer voorgebouw 23 pano op badkamer + inkom\" data-e-action-hash=\"#elementor-action%3Aaction%3Dlightbox%26settings%3DeyJpZCI6Nzk2LCJ1cmwiOiJodHRwczpcL1wvcGFya2hvdGVsZ2VudC5iZVwvd3AtY29udGVudFwvdXBsb2Fkc1wvMjAyMFwvMDdcL0NvbWZvcnRrYW1lci12b29yZ2Vib3V3LTIzLXBhbm8tb3AtYmFka2FtZXItaW5rb20uanBnIiwic2xpZGVzaG93IjoiMDllODQ1MCJ9\">\n\t\t\t\t\t<div class=\"e-gallery-image elementor-gallery-item__image\" data-thumbnail=\"https:\/\/parkhotelgent.be\/wp-content\/uploads\/2020\/07\/Comfortkamer-voorgebouw-23-pano-op-badkamer-inkom-768x260.jpg\" data-width=\"768\" data-height=\"260\" aria-label=\"\" role=\"img\" ><\/div>\n\t\t\t\t\t\t\t\t\t\t\t\t\t\t<\/a>\n\t\t\t\t\t\t\t<a class=\"e-gallery-item elementor-gallery-item elementor-animated-content\" href=\"https:\/\/parkhotelgent.be\/wp-content\/uploads\/2020\/07\/Comfortkamer-voorgebouw-zicht-op-stoelen.jpg\" data-elementor-open-lightbox=\"yes\" data-elementor-lightbox-slideshow=\"09e8450\" data-elementor-lightbox-title=\"Comfortkamer voorgebouw zicht op stoelen\" data-e-action-hash=\"#elementor-action%3Aaction%3Dlightbox%26settings%3DeyJpZCI6Nzc5LCJ1cmwiOiJodHRwczpcL1wvcGFya2hvdGVsZ2VudC5iZVwvd3AtY29udGVudFwvdXBsb2Fkc1wvMjAyMFwvMDdcL0NvbWZvcnRrYW1lci12b29yZ2Vib3V3LXppY2h0LW9wLXN0b2VsZW4uanBnIiwic2xpZGVzaG93IjoiMDllODQ1MCJ9\">\n\t\t\t\t\t<div class=\"e-gallery-image elementor-gallery-item__image\" data-thumbnail=\"https:\/\/parkhotelgent.be\/wp-content\/uploads\/2020\/07\/Comfortkamer-voorgebouw-zicht-op-stoelen-768x512.jpg\" data-width=\"768\" data-height=\"512\" aria-label=\"\" role=\"img\" ><\/div>\n\t\t\t\t\t\t\t\t\t\t\t\t\t\t<\/a>\n\t\t\t\t\t\t\t<a class=\"e-gallery-item elementor-gallery-item elementor-animated-content\" href=\"https:\/\/parkhotelgent.be\/wp-content\/uploads\/2020\/07\/comfortkamer-23-zicht-op-badkamer-1.jpg\" data-elementor-open-lightbox=\"yes\" data-elementor-lightbox-slideshow=\"09e8450\" data-elementor-lightbox-title=\"comfortkamer 23 zicht op badkamer\" data-e-action-hash=\"#elementor-action%3Aaction%3Dlightbox%26settings%3DeyJpZCI6MTIzOCwidXJsIjoiaHR0cHM6XC9cL3Bhcmtob3RlbGdlbnQuYmVcL3dwLWNvbnRlbnRcL3VwbG9hZHNcLzIwMjBcLzA3XC9jb21mb3J0a2FtZXItMjMtemljaHQtb3AtYmFka2FtZXItMS5qcGciLCJzbGlkZXNob3ciOiIwOWU4NDUwIn0%3D\">\n\t\t\t\t\t<div class=\"e-gallery-image elementor-gallery-item__image\" data-thumbnail=\"https:\/\/parkhotelgent.be\/wp-content\/uploads\/2020\/07\/comfortkamer-23-zicht-op-badkamer-1-768x505.jpg\" data-width=\"768\" data-height=\"505\" aria-label=\"\" role=\"img\" ><\/div>\n\t\t\t\t\t\t\t\t\t\t\t\t\t\t<\/a>\n\t\t\t\t\t<\/div>\n\t\t\t\t\t<\/div>\n\t\t\t\t<\/div>\n\t\t\t\t\t<\/div>\n\t\t<\/div>\n\t\t\t\t\t<\/div>\n\t\t<\/section>\n\t\t\t\t<section class=\"elementor-section elementor-top-section elementor-element elementor-element-74b57b1 elementor-section-boxed elementor-section-height-default elementor-section-height-default\" data-id=\"74b57b1\" data-element_type=\"section\" data-settings=\"{&quot;animation&quot;:&quot;none&quot;,&quot;background_background&quot;:&quot;classic&quot;}\">\n\t\t\t\t\t\t<div class=\"elementor-container elementor-column-gap-wide\">\n\t\t\t\t\t<div class=\"elementor-column elementor-col-100 elementor-top-column elementor-element elementor-element-0cac9a3\" data-id=\"0cac9a3\" data-element_type=\"column\">\n\t\t\t<div class=\"elementor-widget-wrap elementor-element-populated\">\n\t\t\t\t\t\t<div class=\"elementor-element elementor-element-1529c8d elementor-widget elementor-widget-heading\" data-id=\"1529c8d\" data-element_type=\"widget\" data-widget_type=\"heading.default\">\n\t\t\t\t<div class=\"elementor-widget-container\">\n\t\t\t\t\t<h2 class=\"elementor-heading-title elementor-size-default\">Entdecken Sie das Hotel<\/h2>\t\t\t\t<\/div>\n\t\t\t\t<\/div>\n\t\t\t\t<div class=\"elementor-element elementor-element-d0e51b9 elementor-invisible elementor-widget elementor-widget-gallery\" data-id=\"d0e51b9\" data-element_type=\"widget\" data-settings=\"{&quot;gap&quot;:{&quot;unit&quot;:&quot;px&quot;,&quot;size&quot;:14,&quot;sizes&quot;:[]},&quot;_animation&quot;:&quot;fadeIn&quot;,&quot;ideal_row_height&quot;:{&quot;unit&quot;:&quot;px&quot;,&quot;size&quot;:260,&quot;sizes&quot;:[]},&quot;gallery_layout&quot;:&quot;justified&quot;,&quot;ideal_row_height_tablet&quot;:{&quot;unit&quot;:&quot;px&quot;,&quot;size&quot;:220,&quot;sizes&quot;:[]},&quot;ideal_row_height_mobile&quot;:{&quot;unit&quot;:&quot;px&quot;,&quot;size&quot;:220,&quot;sizes&quot;:[]},&quot;lazyload&quot;:&quot;yes&quot;,&quot;gap_tablet&quot;:{&quot;unit&quot;:&quot;px&quot;,&quot;size&quot;:10,&quot;sizes&quot;:[]},&quot;gap_mobile&quot;:{&quot;unit&quot;:&quot;px&quot;,&quot;size&quot;:10,&quot;sizes&quot;:[]},&quot;link_to&quot;:&quot;file&quot;,&quot;content_hover_animation&quot;:&quot;fade-in&quot;}\" data-widget_type=\"gallery.default\">\n\t\t\t\t<div class=\"elementor-widget-container\">\n\t\t\t\t\t\t\t<div class=\"elementor-gallery__container\">\n\t\t\t\t\t\t\t<a class=\"e-gallery-item elementor-gallery-item elementor-animated-content\" href=\"https:\/\/parkhotelgent.be\/wp-content\/uploads\/2020\/07\/Receptie-bar.jpg\" data-elementor-open-lightbox=\"yes\" data-elementor-lightbox-slideshow=\"d0e51b9\" data-elementor-lightbox-title=\"Receptie + bar\" data-e-action-hash=\"#elementor-action%3Aaction%3Dlightbox%26settings%3DeyJpZCI6NzgzLCJ1cmwiOiJodHRwczpcL1wvcGFya2hvdGVsZ2VudC5iZVwvd3AtY29udGVudFwvdXBsb2Fkc1wvMjAyMFwvMDdcL1JlY2VwdGllLWJhci5qcGciLCJzbGlkZXNob3ciOiJkMGU1MWI5In0%3D\">\n\t\t\t\t\t<div class=\"e-gallery-image elementor-gallery-item__image\" data-thumbnail=\"https:\/\/parkhotelgent.be\/wp-content\/uploads\/2020\/07\/Receptie-bar-768x374.jpg\" data-width=\"768\" data-height=\"374\" aria-label=\"\" role=\"img\" ><\/div>\n\t\t\t\t\t\t\t\t\t\t\t\t\t\t<\/a>\n\t\t\t\t\t\t\t<a class=\"e-gallery-item elementor-gallery-item elementor-animated-content\" href=\"https:\/\/parkhotelgent.be\/wp-content\/uploads\/2020\/07\/orig_1388256191.jpg\" data-elementor-open-lightbox=\"yes\" data-elementor-lightbox-slideshow=\"d0e51b9\" data-elementor-lightbox-title=\"orig_1388256191\" data-e-action-hash=\"#elementor-action%3Aaction%3Dlightbox%26settings%3DeyJpZCI6NzY2LCJ1cmwiOiJodHRwczpcL1wvcGFya2hvdGVsZ2VudC5iZVwvd3AtY29udGVudFwvdXBsb2Fkc1wvMjAyMFwvMDdcL29yaWdfMTM4ODI1NjE5MS5qcGciLCJzbGlkZXNob3ciOiJkMGU1MWI5In0%3D\">\n\t\t\t\t\t<div class=\"e-gallery-image elementor-gallery-item__image\" data-thumbnail=\"https:\/\/parkhotelgent.be\/wp-content\/uploads\/2020\/07\/orig_1388256191.jpg\" data-width=\"467\" data-height=\"700\" aria-label=\"\" role=\"img\" ><\/div>\n\t\t\t\t\t\t\t\t\t\t\t\t\t\t<\/a>\n\t\t\t\t\t\t\t<a class=\"e-gallery-item elementor-gallery-item elementor-animated-content\" href=\"https:\/\/parkhotelgent.be\/wp-content\/uploads\/2020\/07\/bovenaanzicht.jpg\" data-elementor-open-lightbox=\"yes\" data-elementor-lightbox-slideshow=\"d0e51b9\" data-elementor-lightbox-title=\"bovenaanzicht\" data-e-action-hash=\"#elementor-action%3Aaction%3Dlightbox%26settings%3DeyJpZCI6NzkyLCJ1cmwiOiJodHRwczpcL1wvcGFya2hvdGVsZ2VudC5iZVwvd3AtY29udGVudFwvdXBsb2Fkc1wvMjAyMFwvMDdcL2JvdmVuYWFuemljaHQuanBnIiwic2xpZGVzaG93IjoiZDBlNTFiOSJ9\">\n\t\t\t\t\t<div class=\"e-gallery-image elementor-gallery-item__image\" data-thumbnail=\"https:\/\/parkhotelgent.be\/wp-content\/uploads\/2020\/07\/bovenaanzicht.jpg\" data-width=\"467\" data-height=\"700\" aria-label=\"\" role=\"img\" ><\/div>\n\t\t\t\t\t\t\t\t\t\t\t\t\t\t<\/a>\n\t\t\t\t\t\t\t<a class=\"e-gallery-item elementor-gallery-item elementor-animated-content\" href=\"https:\/\/parkhotelgent.be\/wp-content\/uploads\/2020\/07\/terras-opgedekt-als-restaurant.jpg\" data-elementor-open-lightbox=\"yes\" data-elementor-lightbox-slideshow=\"d0e51b9\" data-elementor-lightbox-title=\"terras opgedekt als restaurant\" data-e-action-hash=\"#elementor-action%3Aaction%3Dlightbox%26settings%3DeyJpZCI6ODEzLCJ1cmwiOiJodHRwczpcL1wvcGFya2hvdGVsZ2VudC5iZVwvd3AtY29udGVudFwvdXBsb2Fkc1wvMjAyMFwvMDdcL3RlcnJhcy1vcGdlZGVrdC1hbHMtcmVzdGF1cmFudC5qcGciLCJzbGlkZXNob3ciOiJkMGU1MWI5In0%3D\">\n\t\t\t\t\t<div class=\"e-gallery-image elementor-gallery-item__image\" data-thumbnail=\"https:\/\/parkhotelgent.be\/wp-content\/uploads\/2020\/07\/terras-opgedekt-als-restaurant.jpg\" data-width=\"700\" data-height=\"467\" aria-label=\"\" role=\"img\" ><\/div>\n\t\t\t\t\t\t\t\t\t\t\t\t\t\t<\/a>\n\t\t\t\t\t\t\t<a class=\"e-gallery-item elementor-gallery-item elementor-animated-content\" href=\"https:\/\/parkhotelgent.be\/wp-content\/uploads\/2020\/07\/241729856.jpg\" data-elementor-open-lightbox=\"yes\" data-elementor-lightbox-slideshow=\"d0e51b9\" data-elementor-lightbox-title=\"241729856\" data-e-action-hash=\"#elementor-action%3Aaction%3Dlightbox%26settings%3DeyJpZCI6NzY1LCJ1cmwiOiJodHRwczpcL1wvcGFya2hvdGVsZ2VudC5iZVwvd3AtY29udGVudFwvdXBsb2Fkc1wvMjAyMFwvMDdcLzI0MTcyOTg1Ni5qcGciLCJzbGlkZXNob3ciOiJkMGU1MWI5In0%3D\">\n\t\t\t\t\t<div class=\"e-gallery-image elementor-gallery-item__image\" data-thumbnail=\"https:\/\/parkhotelgent.be\/wp-content\/uploads\/2020\/07\/241729856.jpg\" data-width=\"512\" data-height=\"768\" aria-label=\"\" role=\"img\" ><\/div>\n\t\t\t\t\t\t\t\t\t\t\t\t\t\t<\/a>\n\t\t\t\t\t\t\t<a class=\"e-gallery-item elementor-gallery-item elementor-animated-content\" href=\"https:\/\/parkhotelgent.be\/wp-content\/uploads\/2020\/07\/25322701.jpg\" data-elementor-open-lightbox=\"yes\" data-elementor-lightbox-slideshow=\"d0e51b9\" data-elementor-lightbox-title=\"25322701\" data-e-action-hash=\"#elementor-action%3Aaction%3Dlightbox%26settings%3DeyJpZCI6NzU4LCJ1cmwiOiJodHRwczpcL1wvcGFya2hvdGVsZ2VudC5iZVwvd3AtY29udGVudFwvdXBsb2Fkc1wvMjAyMFwvMDdcLzI1MzIyNzAxLmpwZyIsInNsaWRlc2hvdyI6ImQwZTUxYjkifQ%3D%3D\">\n\t\t\t\t\t<div class=\"e-gallery-image elementor-gallery-item__image\" data-thumbnail=\"https:\/\/parkhotelgent.be\/wp-content\/uploads\/2020\/07\/25322701-768x512.jpg\" data-width=\"768\" data-height=\"512\" aria-label=\"\" role=\"img\" ><\/div>\n\t\t\t\t\t\t\t\t\t\t\t\t\t\t<\/a>\n\t\t\t\t\t\t\t<a class=\"e-gallery-item elementor-gallery-item elementor-animated-content\" href=\"https:\/\/parkhotelgent.be\/wp-content\/uploads\/2020\/07\/25322834.jpg\" data-elementor-open-lightbox=\"yes\" data-elementor-lightbox-slideshow=\"d0e51b9\" data-elementor-lightbox-title=\"25322834\" data-e-action-hash=\"#elementor-action%3Aaction%3Dlightbox%26settings%3DeyJpZCI6NzYyLCJ1cmwiOiJodHRwczpcL1wvcGFya2hvdGVsZ2VudC5iZVwvd3AtY29udGVudFwvdXBsb2Fkc1wvMjAyMFwvMDdcLzI1MzIyODM0LmpwZyIsInNsaWRlc2hvdyI6ImQwZTUxYjkifQ%3D%3D\">\n\t\t\t\t\t<div class=\"e-gallery-image elementor-gallery-item__image\" data-thumbnail=\"https:\/\/parkhotelgent.be\/wp-content\/uploads\/2020\/07\/25322834-768x512.jpg\" data-width=\"768\" data-height=\"512\" aria-label=\"\" role=\"img\" ><\/div>\n\t\t\t\t\t\t\t\t\t\t\t\t\t\t<\/a>\n\t\t\t\t\t\t\t<a class=\"e-gallery-item elementor-gallery-item elementor-animated-content\" href=\"https:\/\/parkhotelgent.be\/wp-content\/uploads\/2020\/07\/25322780.jpg\" data-elementor-open-lightbox=\"yes\" data-elementor-lightbox-slideshow=\"d0e51b9\" data-elementor-lightbox-title=\"25322780\" data-e-action-hash=\"#elementor-action%3Aaction%3Dlightbox%26settings%3DeyJpZCI6NzYxLCJ1cmwiOiJodHRwczpcL1wvcGFya2hvdGVsZ2VudC5iZVwvd3AtY29udGVudFwvdXBsb2Fkc1wvMjAyMFwvMDdcLzI1MzIyNzgwLmpwZyIsInNsaWRlc2hvdyI6ImQwZTUxYjkifQ%3D%3D\">\n\t\t\t\t\t<div class=\"e-gallery-image elementor-gallery-item__image\" data-thumbnail=\"https:\/\/parkhotelgent.be\/wp-content\/uploads\/2020\/07\/25322780-768x512.jpg\" data-width=\"768\" data-height=\"512\" aria-label=\"\" role=\"img\" ><\/div>\n\t\t\t\t\t\t\t\t\t\t\t\t\t\t<\/a>\n\t\t\t\t\t<\/div>\n\t\t\t\t\t<\/div>\n\t\t\t\t<\/div>\n\t\t\t\t<div class=\"elementor-element elementor-element-ce5be41 elementor-align-center elementor-widget elementor-widget-button\" data-id=\"ce5be41\" data-element_type=\"widget\" data-widget_type=\"button.default\">\n\t\t\t\t<div class=\"elementor-widget-container\">\n\t\t\t\t\t\t\t\t\t<div class=\"elementor-button-wrapper\">\n\t\t\t\t\t<a class=\"elementor-button elementor-button-link elementor-size-sm\" href=\"https:\/\/parkhotelgent.be\/de\/fotogalerij\/\">\n\t\t\t\t\t\t<span class=\"elementor-button-content-wrapper\">\n\t\t\t\t\t\t\t\t\t<span class=\"elementor-button-text\">Fotogalerie \u2192<\/span>\n\t\t\t\t\t<\/span>\n\t\t\t\t\t<\/a>\n\t\t\t\t<\/div>\n\t\t\t\t\t\t\t\t<\/div>\n\t\t\t\t<\/div>\n\t\t\t\t\t<\/div>\n\t\t<\/div>\n\t\t\t\t\t<\/div>\n\t\t<\/section>\n\t\t\t\t<\/div>","protected":false},"excerpt":{"rendered":"<p>Komfortzimmer Komfortzimmer 1 direkt am Wasser ab 119 \u20ac Die Zimmer sind ausgestattet mit eigenem Bad mit Dusche, F\u00f6n, Waschbecken und WC, LED-TV mit in- und ausl\u00e4ndischen Sendern, B\u00fcro, Sitzecke mit 2 Sitzpl\u00e4tzen, Kaffeemaschine, Wasserkocher und Klimaanlage Konditionierung. Diese ger\u00e4umigen Zimmer befinden sich im Erdgeschoss und im ersten Stock, die Zimmer im [\u2026]<\/p>","protected":false},"author":1,"featured_media":0,"parent":0,"menu_order":10,"comment_status":"closed","ping_status":"closed","template":"elementor_header_footer","meta":{"footnotes":""},"class_list":["post-1132","page","type-page","status-publish","hentry"],"_links":{"self":[{"href":"https:\/\/parkhotelgent.be\/de\/wp-json\/wp\/v2\/pages\/1132","targetHints":{"allow":["GET"]}}],"collection":[{"href":"https:\/\/parkhotelgent.be\/de\/wp-json\/wp\/v2\/pages"}],"about":[{"href":"https:\/\/parkhotelgent.be\/de\/wp-json\/wp\/v2\/types\/page"}],"author":[{"embeddable":true,"href":"https:\/\/parkhotelgent.be\/de\/wp-json\/wp\/v2\/users\/1"}],"replies":[{"embeddable":true,"href":"https:\/\/parkhotelgent.be\/de\/wp-json\/wp\/v2\/comments?post=1132"}],"version-history":[{"count":0,"href":"https:\/\/parkhotelgent.be\/de\/wp-json\/wp\/v2\/pages\/1132\/revisions"}],"wp:attachment":[{"href":"https:\/\/parkhotelgent.be\/de\/wp-json\/wp\/v2\/media?parent=1132"}],"curies":[{"name":"wp","href":"https:\/\/api.w.org\/{rel}","templated":true}]}}