{"id":1142,"date":"2020-07-16T09:11:13","date_gmt":"2020-07-16T09:11:13","guid":{"rendered":"http:\/\/parkhotel.galia.be\/?page_id=1142"},"modified":"2024-02-06T10:08:12","modified_gmt":"2024-02-06T10:08:12","slug":"parking","status":"publish","type":"page","link":"https:\/\/parkhotelgent.be\/de\/parking\/","title":{"rendered":"Parken"},"content":{"rendered":"<div data-elementor-type=\"wp-page\" data-elementor-id=\"1142\" class=\"elementor elementor-1142\" data-elementor-post-type=\"page\">\n\t\t\t\t\t\t<section class=\"elementor-section elementor-top-section elementor-element elementor-element-9d1d141 elementor-section-boxed elementor-section-height-default elementor-section-height-default\" data-id=\"9d1d141\" data-element_type=\"section\" data-settings=\"{&quot;background_background&quot;:&quot;classic&quot;}\">\n\t\t\t\t\t\t<div class=\"elementor-container elementor-column-gap-wide\">\n\t\t\t\t\t<div class=\"elementor-column elementor-col-50 elementor-top-column elementor-element elementor-element-ab8e3af\" data-id=\"ab8e3af\" data-element_type=\"column\">\n\t\t\t<div class=\"elementor-widget-wrap elementor-element-populated\">\n\t\t\t\t\t\t<div class=\"elementor-element elementor-element-cd88d3f elementor-widget elementor-widget-heading\" data-id=\"cd88d3f\" data-element_type=\"widget\" data-widget_type=\"heading.default\">\n\t\t\t\t<div class=\"elementor-widget-container\">\n\t\t\t\t\t<h2 class=\"elementor-heading-title elementor-size-default\">Parken<\/h2>\t\t\t\t<\/div>\n\t\t\t\t<\/div>\n\t\t\t\t<div class=\"elementor-element elementor-element-d8ceb37 elementor-widget elementor-widget-heading\" data-id=\"d8ceb37\" data-element_type=\"widget\" data-widget_type=\"heading.default\">\n\t\t\t\t<div class=\"elementor-widget-container\">\n\t\t\t\t\t<h4 class=\"elementor-heading-title elementor-size-default\">Parkm\u00f6glichkeiten in Gent<\/h4>\t\t\t\t<\/div>\n\t\t\t\t<\/div>\n\t\t\t\t<div class=\"elementor-element elementor-element-604af4e elementor-widget__width-initial elementor-widget elementor-widget-text-editor\" data-id=\"604af4e\" data-element_type=\"widget\" data-widget_type=\"text-editor.default\">\n\t\t\t\t<div class=\"elementor-widget-container\">\n\t\t\t\t\t\t\t\t\t<p>Ihr Auto k\u00f6nnen Sie sicher im gesicherten Bereich abstellen <b>Tiefgarage Gent S\u00fcd<\/b>, Sie betreten diesen Parkplatz, sobald Sie den Parkplatz betreten <b>Verlassen Sie das Zentrum von Gent<\/b> von der Autobahn.<\/p><p>Nachdem Sie Ihr Fahrzeug geparkt haben, k\u00f6nnen Sie zu Fu\u00df zum Hotel gehen <b>Rundgang von 3 bis 4 Minuten<\/b>.<\/p><p>Danach finden Sie die Karte mit der Wanderroute zum Hotel, folgen Sie der blau gepunkteten Linie auf der Karte.<\/p><p><b>Gent S\u00fcd<\/b> ist auch die <b>G\u00fcnstigstes Parken in Gent<\/b> 16 \u20ac pro Tag, dieser Parkplatz ist auch zug\u00e4nglich <b>ohne<\/b> dass Sie Ihr Auto anmelden m\u00fcssen, damit Sie keine Verst\u00f6\u00dfe begehen, weil Sie <b>Genter LEZ-Zone<\/b> tritt ein. <br \/>Wenn Sie nicht den Parkplatz Gent Zuid nehmen, \u00fcberpr\u00fcfen Sie zuerst Ihr Auto \u00fcber <a href=\"https:\/\/stad.gent\/nl\/mobiliteit-openbare-werken\/lage-emissiezone\" target=\"_blank\" rel=\"noopener\">dieser Link<\/a>.<\/p><p>Hier finden Sie alle Informationen zum Parkplatz Gent S\u00fcd\u00a0<a href=\"https:\/\/www.interparking.be\/en\/find-parking\/Gent%20Zuid\/\" target=\"_blank\" rel=\"noopener\">Hier<\/a> finden.<\/p><p>Wenn du <b>GPS-System<\/b> Sie k\u00f6nnen folgende Adresse eingeben: <b>Woodrow Wilsonplein 1, Gent<\/b>. Wenn Sie lieber zuerst zum Hotel fahren m\u00f6chten, ist das kein Problem, wir stellen Ihnen gerne eine Karte mit den Parkm\u00f6glichkeiten f\u00fcr Ihr Auto zur Verf\u00fcgung.<\/p><p>Bei Fragen senden Sie eine E-Mail an <a href=\"mailto:info@parkhotelgent.be\">info@parkhotelgent.be<\/a><\/p>\t\t\t\t\t\t\t\t<\/div>\n\t\t\t\t<\/div>\n\t\t\t\t<div class=\"elementor-element elementor-element-5429f59 elementor-widget elementor-widget-spacer\" data-id=\"5429f59\" data-element_type=\"widget\" data-widget_type=\"spacer.default\">\n\t\t\t\t<div class=\"elementor-widget-container\">\n\t\t\t\t\t\t\t<div class=\"elementor-spacer\">\n\t\t\t<div class=\"elementor-spacer-inner\"><\/div>\n\t\t<\/div>\n\t\t\t\t\t\t<\/div>\n\t\t\t\t<\/div>\n\t\t\t\t<div class=\"elementor-element elementor-element-2cb08f1 elementor-widget elementor-widget-heading\" data-id=\"2cb08f1\" data-element_type=\"widget\" data-widget_type=\"heading.default\">\n\t\t\t\t<div class=\"elementor-widget-container\">\n\t\t\t\t\t<h3 class=\"elementor-heading-title elementor-size-default\">Weg zum Parkhotel\n<\/h3>\t\t\t\t<\/div>\n\t\t\t\t<\/div>\n\t\t\t\t<div class=\"elementor-element elementor-element-f8342e4 elementor-widget elementor-widget-text-editor\" data-id=\"f8342e4\" data-element_type=\"widget\" data-widget_type=\"text-editor.default\">\n\t\t\t\t<div class=\"elementor-widget-container\">\n\t\t\t\t\t\t\t\t\t<p>Wenn Sie mit dem Auto nach Gent kommen, nehmen Sie die Ausfahrt Gent Zuid und folgen Sie dann den dynamischen LED-Schildern, die Sie zu den verschiedenen Park-and-Rides au\u00dferhalb des Stadtrings R40 f\u00fchren und Ihnen zeigen, wie Sie zu den Tiefgaragen im Stadtzentrum fahren k\u00f6nnen Center .<\/p><p>Diese LED-Schilder sind ab der Ausfahrt Gent Centre bereits auf der Autobahn angebracht, sodass Sie problemlos einen Parkplatz finden k\u00f6nnen.<\/p><p>Mit der n\u00e4chsten Schaltfl\u00e4che k\u00f6nnen Sie die Belegung der Parkpl\u00e4tze in Gent in Echtzeit \u00fcberpr\u00fcfen.<\/p>\t\t\t\t\t\t\t\t<\/div>\n\t\t\t\t<\/div>\n\t\t\t\t<div class=\"elementor-element elementor-element-874423c elementor-widget elementor-widget-button\" data-id=\"874423c\" data-element_type=\"widget\" data-widget_type=\"button.default\">\n\t\t\t\t<div class=\"elementor-widget-container\">\n\t\t\t\t\t\t\t\t\t<div class=\"elementor-button-wrapper\">\n\t\t\t\t\t<a class=\"elementor-button elementor-button-link elementor-size-sm\" href=\"https:\/\/data.stad.gent\/explore\/dataset\/bezetting-parkeergarages-real-time\/table\/?sort=-occupation\" target=\"_blank\">\n\t\t\t\t\t\t<span class=\"elementor-button-content-wrapper\">\n\t\t\t\t\t\t\t\t\t<span class=\"elementor-button-text\">Parkpl\u00e4tze Gent \u2192<\/span>\n\t\t\t\t\t<\/span>\n\t\t\t\t\t<\/a>\n\t\t\t\t<\/div>\n\t\t\t\t\t\t\t\t<\/div>\n\t\t\t\t<\/div>\n\t\t\t\t<div class=\"elementor-element elementor-element-e0bbc8b elementor-widget elementor-widget-image\" data-id=\"e0bbc8b\" data-element_type=\"widget\" data-widget_type=\"image.default\">\n\t\t\t\t<div class=\"elementor-widget-container\">\n\t\t\t\t\t\t\t\t\t\t\t\t\t\t\t<img fetchpriority=\"high\" decoding=\"async\" width=\"364\" height=\"526\" src=\"https:\/\/parkhotelgent.be\/wp-content\/uploads\/2024\/02\/image001.jpg\" class=\"attachment-medium_large size-medium_large wp-image-2724\" alt=\"\" srcset=\"https:\/\/parkhotelgent.be\/wp-content\/uploads\/2024\/02\/image001.jpg 364w, https:\/\/parkhotelgent.be\/wp-content\/uploads\/2024\/02\/image001-208x300.jpg 208w, https:\/\/parkhotelgent.be\/wp-content\/uploads\/2024\/02\/image001-8x12.jpg 8w\" sizes=\"(max-width: 364px) 100vw, 364px\" \/>\t\t\t\t\t\t\t\t\t\t\t\t\t\t\t<\/div>\n\t\t\t\t<\/div>\n\t\t\t\t\t<\/div>\n\t\t<\/div>\n\t\t\t\t<div class=\"elementor-column elementor-col-50 elementor-top-column elementor-element elementor-element-7c66c18\" data-id=\"7c66c18\" data-element_type=\"column\">\n\t\t\t<div class=\"elementor-widget-wrap elementor-element-populated\">\n\t\t\t\t\t\t<div class=\"elementor-element elementor-element-b2b87d5 elementor-widget elementor-widget-image\" data-id=\"b2b87d5\" data-element_type=\"widget\" data-widget_type=\"image.default\">\n\t\t\t\t<div class=\"elementor-widget-container\">\n\t\t\t\t\t\t\t\t\t\t\t\t\t\t\t\t<a href=\"https:\/\/parkhotelgent.be\/wp-content\/uploads\/2020\/07\/Screen-Shot-2020-07-16-at-4.00.21-PM.png\" data-elementor-open-lightbox=\"yes\" data-elementor-lightbox-title=\"Screen Shot 2020-07-16 at 4.00.21 PM\" data-e-action-hash=\"#elementor-action%3Aaction%3Dlightbox%26settings%3DeyJpZCI6MTI5MCwidXJsIjoiaHR0cHM6XC9cL3Bhcmtob3RlbGdlbnQuYmVcL3dwLWNvbnRlbnRcL3VwbG9hZHNcLzIwMjBcLzA3XC9TY3JlZW4tU2hvdC0yMDIwLTA3LTE2LWF0LTQuMDAuMjEtUE0ucG5nIn0%3D\">\n\t\t\t\t\t\t\t<img decoding=\"async\" width=\"595\" height=\"789\" src=\"https:\/\/parkhotelgent.be\/wp-content\/uploads\/2020\/07\/Screen-Shot-2020-07-16-at-4.00.21-PM.png\" class=\"attachment-large size-large wp-image-1290\" alt=\"\" srcset=\"https:\/\/parkhotelgent.be\/wp-content\/uploads\/2020\/07\/Screen-Shot-2020-07-16-at-4.00.21-PM.png 595w, https:\/\/parkhotelgent.be\/wp-content\/uploads\/2020\/07\/Screen-Shot-2020-07-16-at-4.00.21-PM-226x300.png 226w\" sizes=\"(max-width: 595px) 100vw, 595px\" \/>\t\t\t\t\t\t\t\t<\/a>\n\t\t\t\t\t\t\t\t\t\t\t\t\t\t\t<\/div>\n\t\t\t\t<\/div>\n\t\t\t\t<div class=\"elementor-element elementor-element-a9558e7 elementor-widget elementor-widget-heading\" data-id=\"a9558e7\" data-element_type=\"widget\" data-widget_type=\"heading.default\">\n\t\t\t\t<div class=\"elementor-widget-container\">\n\t\t\t\t\t<h2 class=\"elementor-heading-title elementor-size-default\"><h4>Fu\u00dfg\u00e4ngerbeschilderung vom Parkplatz Gent Zuid zum Parkhotel.<\/h4>\n\nDer Fu\u00dfweg betr\u00e4gt 4 Minuten.<\/h2>\t\t\t\t<\/div>\n\t\t\t\t<\/div>\n\t\t\t\t<div class=\"elementor-element elementor-element-ded2afc elementor-widget elementor-widget-image\" data-id=\"ded2afc\" data-element_type=\"widget\" data-widget_type=\"image.default\">\n\t\t\t\t<div class=\"elementor-widget-container\">\n\t\t\t\t\t\t\t\t\t\t\t\t\t\t\t\t<a href=\"https:\/\/parkhotelgent.be\/wp-content\/uploads\/2021\/12\/Gent-Zuid-routeplan.png\" data-elementor-open-lightbox=\"yes\" data-elementor-lightbox-title=\"Gent-Zuid-routeplan\" data-e-action-hash=\"#elementor-action%3Aaction%3Dlightbox%26settings%3DeyJpZCI6MTk5MiwidXJsIjoiaHR0cHM6XC9cL3Bhcmtob3RlbGdlbnQuYmVcL3dwLWNvbnRlbnRcL3VwbG9hZHNcLzIwMjFcLzEyXC9HZW50LVp1aWQtcm91dGVwbGFuLnBuZyJ9\">\n\t\t\t\t\t\t\t<img decoding=\"async\" width=\"800\" height=\"429\" src=\"https:\/\/parkhotelgent.be\/wp-content\/uploads\/2021\/12\/Gent-Zuid-routeplan-1024x549.png\" class=\"attachment-large size-large wp-image-1992\" alt=\"\" srcset=\"https:\/\/parkhotelgent.be\/wp-content\/uploads\/2021\/12\/Gent-Zuid-routeplan-1024x549.png 1024w, https:\/\/parkhotelgent.be\/wp-content\/uploads\/2021\/12\/Gent-Zuid-routeplan-300x161.png 300w, https:\/\/parkhotelgent.be\/wp-content\/uploads\/2021\/12\/Gent-Zuid-routeplan-768x412.png 768w, https:\/\/parkhotelgent.be\/wp-content\/uploads\/2021\/12\/Gent-Zuid-routeplan-1536x823.png 1536w, https:\/\/parkhotelgent.be\/wp-content\/uploads\/2021\/12\/Gent-Zuid-routeplan-18x10.png 18w, https:\/\/parkhotelgent.be\/wp-content\/uploads\/2021\/12\/Gent-Zuid-routeplan.png 1700w\" sizes=\"(max-width: 800px) 100vw, 800px\" \/>\t\t\t\t\t\t\t\t<\/a>\n\t\t\t\t\t\t\t\t\t\t\t\t\t\t\t<\/div>\n\t\t\t\t<\/div>\n\t\t\t\t\t<\/div>\n\t\t<\/div>\n\t\t\t\t\t<\/div>\n\t\t<\/section>\n\t\t\t\t<section class=\"elementor-section elementor-top-section elementor-element elementor-element-b0c0a36 elementor-section-boxed elementor-section-height-default elementor-section-height-default\" data-id=\"b0c0a36\" data-element_type=\"section\" data-settings=\"{&quot;background_background&quot;:&quot;classic&quot;}\">\n\t\t\t\t\t\t<div class=\"elementor-container elementor-column-gap-default\">\n\t\t\t\t\t<div class=\"elementor-column elementor-col-100 elementor-top-column elementor-element elementor-element-fc15fe7\" data-id=\"fc15fe7\" data-element_type=\"column\">\n\t\t\t<div class=\"elementor-widget-wrap elementor-element-populated\">\n\t\t\t\t\t\t<div class=\"elementor-element elementor-element-ea9e3f4 elementor-widget elementor-widget-heading\" data-id=\"ea9e3f4\" data-element_type=\"widget\" data-widget_type=\"heading.default\">\n\t\t\t\t<div class=\"elementor-widget-container\">\n\t\t\t\t\t<h3 class=\"elementor-heading-title elementor-size-default\">Aktionen &amp; Pakete<\/h3>\t\t\t\t<\/div>\n\t\t\t\t<\/div>\n\t\t\t\t<div class=\"elementor-element elementor-element-a1789b6 elementor-widget elementor-widget-uael-posts\" data-id=\"a1789b6\" data-element_type=\"widget\" data-settings=\"{&quot;classic_slides_to_show&quot;:3,&quot;classic_slides_to_show_tablet&quot;:2,&quot;classic_slides_to_show_mobile&quot;:1,&quot;classic_show_filters&quot;:&quot;no&quot;}\" data-widget_type=\"uael-posts.classic\">\n\t\t\t\t<div class=\"elementor-widget-container\">\n\t\t\t\t\t\t\t<div class=\"uael-post__header\">\n\t\t\t\t\t<\/div>\n\t\t<div class=\"uael-post__body\">\n\t\t\t\n\t\t\n\t\t<div class=\"uael-blog-terms-position- uael-post-image-top uael-post-grid uael-posts\" data-query-type=\"custom\" data-structure=\"normal\" data-layout=\"\" data-page=\"1142\" data-skin=\"classic\" data-filter-default=\"\" data-offset-top=\"30\" >\n\n\t\t\t\t\t\t\t<div class=\"uael-post-grid__inner uael-post__columns-3 uael-post__columns-tablet-2 uael-post__columns-mobile-1\">\n\t\t\t\n<div class=\"uael-post-wrapper   nieuws\">\n\t<div class=\"uael-post__bg-wrap uael-bg-wrap-disabled\">\n\n\t\t\t\t\n\t\t<div class=\"uael-post__inner-wrap uael-inner-wrap-disabled\">\n\n\t\t\t\t<div class=\"uael-post__thumbnail\">\n\t\t\t\n\t\t\t<a href=\"https:\/\/parkhotelgent.be\/de\/nieuws\/waarom-kiezen-om-de-olympische-spelen-te-bezoeken-vanuit-gent\/\" target=\"_self\" title=\"Warum sollten Sie die Olympischen Spiele von Gent aus besuchen?\"><img decoding=\"async\" src=\"https:\/\/parkhotelgent.be\/wp-content\/uploads\/elementor\/thumbs\/olymic-games-2024-qisbualn8q1h3aobiszw8hs2nymu715ywp74h0ye9w.jpeg\" title=\"Olympische Spiele 2024\" alt=\"Olympische Spiele 2024\" loading=\"lazy\" \/><\/a>\n\t\t\t\t\t<\/div>\n\t\t\n\t\t\t\n\t\t\t<div class=\"uael-post__content-wrap uael-content-wrap-disabled\">\n\t\t\t\t\t<h4 class=\"uael-post__title\">\n\n\t\t\n\t\t\t\t\t\t<a href=\"https:\/\/parkhotelgent.be\/de\/nieuws\/waarom-kiezen-om-de-olympische-spelen-te-bezoeken-vanuit-gent\/\" target=\"_self\">\n\t\t\t\tWarum sollten Sie die Olympischen Spiele von Gent aus besuchen?\t\t\t<\/a>\n\n\t\t\t\t<\/h4>\n\t\t\t\t\t<\/div>\n\t\t\t\n\t\t<\/div>\n\t\t\n\t<\/div>\n\n<\/div>\n\n<div class=\"uael-post-wrapper   nieuws\">\n\t<div class=\"uael-post__bg-wrap uael-bg-wrap-disabled\">\n\n\t\t\t\t\n\t\t<div class=\"uael-post__inner-wrap uael-inner-wrap-disabled\">\n\n\t\t\t\t<div class=\"uael-post__thumbnail\">\n\t\t\t\n\t\t\t<a href=\"https:\/\/parkhotelgent.be\/de\/nieuws\/lichtfestival-gent\/\" target=\"_self\" title=\"Genter Lichtfestival\"><img decoding=\"async\" src=\"https:\/\/parkhotelgent.be\/wp-content\/uploads\/elementor\/thumbs\/343420-LichtfestivalGent-24278e-original-1579776428-qisdwqfihdxyjkjpuhd977j89hqas3oph54fowkzic.jpeg\" title=\"343420-LightfestivalGent-24278e-original-1579776428\" alt=\"343420-LightfestivalGent-24278e-original-1579776428\" loading=\"lazy\" \/><\/a>\n\t\t\t\t\t<\/div>\n\t\t\n\t\t\t\n\t\t\t<div class=\"uael-post__content-wrap uael-content-wrap-disabled\">\n\t\t\t\t\t<h4 class=\"uael-post__title\">\n\n\t\t\n\t\t\t\t\t\t<a href=\"https:\/\/parkhotelgent.be\/de\/nieuws\/lichtfestival-gent\/\" target=\"_self\">\n\t\t\t\tGenter Lichtfestival\t\t\t<\/a>\n\n\t\t\t\t<\/h4>\n\t\t\t\t\t<\/div>\n\t\t\t\n\t\t<\/div>\n\t\t\n\t<\/div>\n\n<\/div>\n\n<div class=\"uael-post-wrapper   nieuws\">\n\t<div class=\"uael-post__bg-wrap uael-bg-wrap-disabled\">\n\n\t\t\t\t\n\t\t<div class=\"uael-post__inner-wrap uael-inner-wrap-disabled\">\n\n\t\t\t\t<div class=\"uael-post__thumbnail\">\n\t\t\t\n\t\t\t<a href=\"https:\/\/parkhotelgent.be\/de\/nieuws\/internationaal-fietscongres-velo-city-komt-in-juni-2024-naar-gent\/\" target=\"_self\" title=\"Die internationale Radsportkonferenz Velo-city wird im Juni 2024 nach Gent kommen\"><img decoding=\"async\" src=\"https:\/\/parkhotelgent.be\/wp-content\/uploads\/elementor\/thumbs\/POLIS-website-News-and-event-format-2023-10-09T180221.345-qiseg04el4bkjsk3bt7xbchenur6kq6m4ikrv40fyc.png\" title=\"POLIS-Website-News-and-Event-Format-2023-10-09T180221.345\" alt=\"POLIS-Website-News-and-Event-Format-2023-10-09T180221.345\" loading=\"lazy\" \/><\/a>\n\t\t\t\t\t<\/div>\n\t\t\n\t\t\t\n\t\t\t<div class=\"uael-post__content-wrap uael-content-wrap-disabled\">\n\t\t\t\t\t<h4 class=\"uael-post__title\">\n\n\t\t\n\t\t\t\t\t\t<a href=\"https:\/\/parkhotelgent.be\/de\/nieuws\/internationaal-fietscongres-velo-city-komt-in-juni-2024-naar-gent\/\" target=\"_self\">\n\t\t\t\tDie internationale Radsportkonferenz Velo-city wird im Juni 2024 nach Gent kommen\t\t\t<\/a>\n\n\t\t\t\t<\/h4>\n\t\t\t\t\t<\/div>\n\t\t\t\n\t\t<\/div>\n\t\t\n\t<\/div>\n\n<\/div>\n\t\t\t\t<\/div>\n\t\t\t\t\t\t\n\t\t<\/div>\n\n\t\t\t\t\t\t<\/div>\n\t\t<div class=\"uael-post__footer\">\n\t\t\t\t\t<\/div>\n\t\t\t\t\t\t<\/div>\n\t\t\t\t<\/div>\n\t\t\t\t<div class=\"elementor-element elementor-element-99e579a elementor-align-center elementor-widget elementor-widget-button\" data-id=\"99e579a\" data-element_type=\"widget\" data-widget_type=\"button.default\">\n\t\t\t\t<div class=\"elementor-widget-container\">\n\t\t\t\t\t\t\t\t\t<div class=\"elementor-button-wrapper\">\n\t\t\t\t\t<a class=\"elementor-button elementor-button-link elementor-size-sm\" href=\"https:\/\/parkhotelgent.be\/de\/promoties\/\">\n\t\t\t\t\t\t<span class=\"elementor-button-content-wrapper\">\n\t\t\t\t\t\t\t\t\t<span class=\"elementor-button-text\">Alle anzeigen \u2192<\/span>\n\t\t\t\t\t<\/span>\n\t\t\t\t\t<\/a>\n\t\t\t\t<\/div>\n\t\t\t\t\t\t\t\t<\/div>\n\t\t\t\t<\/div>\n\t\t\t\t\t<\/div>\n\t\t<\/div>\n\t\t\t\t\t<\/div>\n\t\t<\/section>\n\t\t\t\t<\/div>","protected":false},"excerpt":{"rendered":"<p>Parken Parkm\u00f6glichkeiten in Gent Ihr Auto k\u00f6nnen Sie sicher in der bewachten Tiefgarage Gent Zuid parken, die Sie an der Ausfahrt Gent Centrum der Autobahn betreten. Nachdem Sie Ihr Fahrzeug abgestellt haben, k\u00f6nnen Sie zu Fu\u00df zum Hotel gehen, dies ist ein Spaziergang von 3 bis 4 Minuten. Danach [\u2026]<\/p>","protected":false},"author":1,"featured_media":0,"parent":0,"menu_order":8,"comment_status":"closed","ping_status":"closed","template":"elementor_header_footer","meta":{"footnotes":""},"class_list":["post-1142","page","type-page","status-publish","hentry"],"_links":{"self":[{"href":"https:\/\/parkhotelgent.be\/de\/wp-json\/wp\/v2\/pages\/1142","targetHints":{"allow":["GET"]}}],"collection":[{"href":"https:\/\/parkhotelgent.be\/de\/wp-json\/wp\/v2\/pages"}],"about":[{"href":"https:\/\/parkhotelgent.be\/de\/wp-json\/wp\/v2\/types\/page"}],"author":[{"embeddable":true,"href":"https:\/\/parkhotelgent.be\/de\/wp-json\/wp\/v2\/users\/1"}],"replies":[{"embeddable":true,"href":"https:\/\/parkhotelgent.be\/de\/wp-json\/wp\/v2\/comments?post=1142"}],"version-history":[{"count":0,"href":"https:\/\/parkhotelgent.be\/de\/wp-json\/wp\/v2\/pages\/1142\/revisions"}],"wp:attachment":[{"href":"https:\/\/parkhotelgent.be\/de\/wp-json\/wp\/v2\/media?parent=1142"}],"curies":[{"name":"wp","href":"https:\/\/api.w.org\/{rel}","templated":true}]}}