{"id":1364,"date":"2020-07-17T09:27:49","date_gmt":"2020-07-17T09:27:49","guid":{"rendered":"https:\/\/parkhotelghent.be\/?page_id=1364"},"modified":"2020-07-17T09:50:52","modified_gmt":"2020-07-17T09:50:52","slug":"privacybeleid","status":"publish","type":"page","link":"https:\/\/parkhotelgent.be\/de\/privacybeleid\/","title":{"rendered":"Datenschutz-Bestimmungen"},"content":{"rendered":"<div data-elementor-type=\"wp-page\" data-elementor-id=\"1364\" class=\"elementor elementor-1364\" data-elementor-post-type=\"page\">\n\t\t\t\t\t\t<section class=\"elementor-section elementor-top-section elementor-element elementor-element-57ffb1f elementor-section-boxed elementor-section-height-default elementor-section-height-default\" data-id=\"57ffb1f\" data-element_type=\"section\" data-settings=\"{&quot;background_background&quot;:&quot;classic&quot;}\">\n\t\t\t\t\t\t<div class=\"elementor-container elementor-column-gap-default\">\n\t\t\t\t\t<div class=\"elementor-column elementor-col-100 elementor-top-column elementor-element elementor-element-7b801da\" data-id=\"7b801da\" data-element_type=\"column\">\n\t\t\t<div class=\"elementor-widget-wrap elementor-element-populated\">\n\t\t\t\t\t\t<div class=\"elementor-element elementor-element-68b1374 elementor-widget elementor-widget-heading\" data-id=\"68b1374\" data-element_type=\"widget\" data-widget_type=\"heading.default\">\n\t\t\t\t<div class=\"elementor-widget-container\">\n\t\t\t\t\t<h2 class=\"elementor-heading-title elementor-size-default\">Datenschutz-Bestimmungen<\/h2>\t\t\t\t<\/div>\n\t\t\t\t<\/div>\n\t\t\t\t<div class=\"elementor-element elementor-element-0437494 elementor-widget elementor-widget-text-editor\" data-id=\"0437494\" data-element_type=\"widget\" data-widget_type=\"text-editor.default\">\n\t\t\t\t<div class=\"elementor-widget-container\">\n\t\t\t\t\t\t\t\t\t<h4><span style=\"color: #262626; font-size: 22px;\">Teil 1: Wir m\u00fcssen Ihre Privatsph\u00e4re gemeinsam sch\u00fctzen.<\/span><\/h4><p>Ihre Privatsph\u00e4re ist uns sehr wichtig. Wir m\u00f6chten Ihre personenbezogenen Daten auf legale, korrekte und transparente Weise verarbeiten. In dieser Datenschutzerkl\u00e4rung erkl\u00e4ren wir, welche personenbezogenen Daten wir von Ihnen als nat\u00fcrliche Person sammeln und verarbeiten.<\/p><p>Von nun an sprechen wir immer \u00fcber Ihre Daten als Kunde, als m\u00f6glicher zuk\u00fcnftiger Kunde oder als andere betroffene Person, wie Beg\u00fcnstigter, Ansprechpartner in einem Unternehmen usw. In welcher Funktion auch immer, Ihre Rechte bleiben gleich und das Hotel Cathedral wird Ihre Daten mit Sorgfalt behandeln. .<\/p><p>Lesen Sie diese Informationen unbedingt durch und sehen Sie, was Sie tun k\u00f6nnen.<\/p><p>Wir empfehlen Ihnen, diese Informationen sorgf\u00e4ltig zu lesen, damit Sie wissen, wof\u00fcr Parkhotel Ihre Daten verwendet. Weitere Informationen zu Ihren Datenschutzrechten und wie Sie diese aus\u00fcben k\u00f6nnen, finden Sie in dieser Datenschutzerkl\u00e4rung.<\/p><p>Parkhotel kann diese Datenschutzerkl\u00e4rung anpassen. Die neueste Version finden Sie immer unter www.hotelcathedral.be. Das Hotel Cathedral informiert Sie \u00fcber seine Website \u00fcber alle wichtigen wesentlichen \u00c4nderungen.<\/p><p>Weitere Informationen zur Datenschutzgesetzgebung in Belgien im Allgemeinen finden Sie auch unter www.privacycommission.be, der Website der belgischen Datenschutzbeh\u00f6rde (fr\u00fcher als Datenschutzkommission bekannt).<\/p><p>Wenden Sie sich an Parkhotel, wenn Sie Fragen zur Verarbeitung Ihrer Daten haben.<\/p><p>Wenn Sie Fragen zum Datenschutz haben oder Ihre Datenschutzeinstellungen anpassen oder Ihre Rechte aus\u00fcben m\u00f6chten, k\u00f6nnen Sie uns auf folgende Weise erreichen: per E-Mail an directie@hotelcathedral.be.<\/p><p>\u00a0<\/p><p>\u00a0<\/p><h6>Teil 2: Sie haben Anspruch auf Ihre Privatsph\u00e4re.<\/h6><p>Wenn Ihre Daten verarbeitet werden, haben Sie viele Rechte. Wenn Parkhotel Sie um Erlaubnis zur Verarbeitung bittet, k\u00f6nnen Sie diese Erlaubnis anschlie\u00dfend selbst widerrufen, wann immer Sie m\u00f6chten. Z.B. Senden Sie einen Newsletter mit Werbeangeboten.<\/p><p><em><b>2.1 Sie k\u00f6nnen Ihre Daten anzeigen.<\/b><\/em><\/p><p>Wenn Sie die Daten anzeigen m\u00f6chten, die Parkhotel \u00fcber Sie verarbeitet, teilen Sie uns dies bitte mit.<\/p><p>Wenn Sie von Ihrem Zugriffsrecht Gebrauch machen, bietet Parkhotel einen m\u00f6glichst vollst\u00e4ndigen \u00dcberblick \u00fcber Ihre Daten, solange diese aufbewahrt werden. Sie k\u00f6nnen auch danach nicht mehr angezeigt werden. Sie werden gem\u00e4\u00df den Standardbereinigungsverfahren aus unseren Dateien entfernt.<\/p><p><em><b>2.2 Sie k\u00f6nnen Ihre Daten korrigieren lassen.<\/b><\/em><\/p><p>Es kann vorkommen, dass bestimmte Daten, die Parkhotel \u00fcber Sie gespeichert hat, (nicht mehr) korrekt sind. Sie k\u00f6nnen jederzeit verlangen, dass diese Informationen korrigiert oder vervollst\u00e4ndigt werden. Z.B. Neue Adresse.<\/p><p><em><b>2.3 Sie k\u00f6nnen Ihre Daten l\u00f6schen lassen.<\/b><\/em><\/p><p>Wenn Sie den Verdacht haben, dass Parkhotel bestimmte Daten rechtswidrig verarbeitet, k\u00f6nnen Sie deren L\u00f6schung beantragen.<\/p><p><em><b>2.4 Sie k\u00f6nnen einer bestimmten Verwendung von Daten widersprechen.<\/b><\/em><\/p><p>Wenn Sie mit der Art und Weise, wie Parkhotel bestimmte Daten aufgrund ihres berechtigten Interesses verarbeitet, nicht einverstanden sind, k\u00f6nnen Sie dem widersprechen. Einspruch, den wir einhalten werden, es sei denn, es gibt zwingende Gr\u00fcnde, dies nicht zu tun. Dies ist beispielsweise der Fall, wenn wir Daten zur Betrugsbek\u00e4mpfung verarbeiten.<\/p><p><em><b>2.5 Manchmal k\u00f6nnen Sie sich weigern, Ihre Daten vollautomatisch verarbeiten zu lassen.<\/b><\/em><\/p><p>Einige Datenverarbeitungen und -prozesse sind ohne menschliches Eingreifen vollst\u00e4ndig automatisiert. Parkhotel versucht, die Logik dieses automatischen Prozesses im Moment selbst zu vermitteln. Zum Beispiel kann Parkhotel noch schneller auf Reservierungen reagieren. Wenn Sie mit dem Ergebnis eines solchen vollautomatisierten Prozesses nicht einverstanden sind, k\u00f6nnen Sie sich an Parkhotel wenden. Sie k\u00f6nnen beispielsweise Parkhotel, einen Mitarbeiter, um Intervention bitten oder uns mitteilen, warum Sie die Bewertung bestreiten.<\/p><p><em><b>2.6 Sie k\u00f6nnen Ihre Rechte aus\u00fcben.<\/b><\/em><\/p><p>Seien Sie immer so genau wie m\u00f6glich, wenn Sie Ihre Rechte aus\u00fcben m\u00f6chten. Dann kann das Hotel Cathedral Ihre Frage konkret und korrekt bearbeiten. Parkhotel muss Ihre Identit\u00e4t so genau wie m\u00f6glich \u00fcberpr\u00fcfen, um zu verhindern, dass jemand anderes Ihre Rechte aus\u00fcbt. Daher kann es mit einem solchen Antrag eine Kopie Ihres Personalausweises anfordern. Wenn Sie eine Beschwerde bez\u00fcglich der Aus\u00fcbung Ihrer Rechte haben, steht Ihnen das Beschwerdemanagement von Parkhotel zur Verf\u00fcgung.<\/p><p>\u00a0<\/p><h6>Teil 3: Parkhotel hat viele Gr\u00fcnde f\u00fcr die Verarbeitung Ihrer pers\u00f6nlichen Daten.<\/h6><p><em><b>3.1 Parkhotel muss den gesetzlichen Verpflichtungen nachkommen<\/b><\/em><\/p><p>Hier listen wir die wichtigsten rechtlichen Gr\u00fcnde auf, warum das Hotel Cathedral Ihre Daten verarbeiten muss.<\/p><p>Hotels m\u00fcssen f\u00fcr alle Kunden polizeiliche Aufzeichnungen f\u00fchren.<\/p><p>Parkhotel kann personenbezogene Daten \u00fcber Sie verarbeiten, weil Sie die Dienste von Parkhotel nutzen und \/ oder weil Sie uns diese beim Ausf\u00fcllen eines Kontaktformulars auf der Website selbst zur Verf\u00fcgung stellen. Parkhotel kann folgende personenbezogene Daten verarbeiten:<\/p><ul><li>Ihr Vor- und Nachname<\/li><li>Ihre Adressdaten<\/li><li>Deine Telefonnummer<\/li><li>deine Emailadresse<\/li><li>Ihre Kreditkarteninformationen.<\/li><\/ul><p>Um beispielsweise die polizeilichen Vorschriften einzuhalten, m\u00fcssen wir Daten von Kunden oder Unternehmen zusammenf\u00fchren.<\/p><p><i><b>3.2 Warum Parkhotel Daten ben\u00f6tigt<\/b><\/i><\/p><p>Parkhotel verarbeitet Ihre pers\u00f6nlichen Daten, um Sie telefonisch kontaktieren zu k\u00f6nnen, um Informationen weiterzugeben, und \/ oder um Sie schriftlich (per E-Mail oder per SMS) zu kontaktieren, wenn Sie nicht telefonisch erreichbar sind.<\/p><p>Dar\u00fcber hinaus kann Parkhotel Ihre pers\u00f6nlichen Daten verwenden, um n\u00fctzliche Ankunftsinformationen zu senden, die f\u00fcr Ihren Besuch in unserem Hotel gelten.<\/p><p><em><b>3.3 Wie lange speichert das Parkhotel Daten?<\/b><\/em><\/p><p>Parkhotel speichert Ihre pers\u00f6nlichen Daten nicht l\u00e4nger als unbedingt erforderlich, um die Ziele zu erreichen, f\u00fcr die Ihre Daten erfasst werden. Ihre Daten werden nicht l\u00e4nger als 3 Monate nach dem Check-out-Datum gespeichert, wenn keine Einigung mit Ihnen erzielt wurde.<\/p><p><em><b>3.4 Mit anderen teilen<\/b><\/em><\/p><p>Parkhotel wird Ihre personenbezogenen Daten nur dann an Dritte weitergeben, wenn dies zur Ausf\u00fchrung eines Vertrages mit Ihnen oder zur Einhaltung einer gesetzlichen Verpflichtung erforderlich ist.<\/p><p>Z.B. Anfrage der Polizei.<\/p><p><em><b>3.5 Zuordnung von Website-Besuchen<\/b><\/em><\/p><p>Allgemeine Besucherdaten werden auf der Website der Parkotel-Kathedrale gespeichert, sodass der Kunde unser Hotel und unsere Stadt problemlos besuchen kann.<\/p><p><em><b>3.6 Cookie-Richtlinien.<\/b><\/em><\/p><p>Was sind Cookies?<\/p><p>Wir verwenden Cookies, wenn Sie unsere E-Mails \u00f6ffnen und \/ oder wenn Sie unsere Websites besuchen oder nutzen. Cookies sind Informationen, die auf Ihrem eigenen Computer oder Mobilger\u00e4t gespeichert werden und normalerweise zur Optimierung der Benutzerfreundlichkeit von Websites und Apps verwendet werden.<\/p><p>Es gibt verschiedene Arten von Cookies, die nach Herkunft, Funktion und Lebensdauer unterteilt sind. Eine vollst\u00e4ndige \u00dcbersicht finden Sie auf Websites wie www.allaboutcookies.org.<\/p><p>Parkhotel verwendet Cookies, um:<\/p><p>Verbesserung der Nutzung und Funktionalit\u00e4t der Website und Apps;<\/p><p>Zu analysieren, wie Benutzer unsere Website und Apps nutzen, und Statistiken zu erstellen; und um den Benutzern unserer Website und Apps personalisierte Informationen und Werbung zu zeigen.<\/p><p>Beispielsweise k\u00f6nnen Sie bei einem sp\u00e4teren Besuch als Besucher unserer Website identifiziert werden, und wir k\u00f6nnen die Benutzerfreundlichkeit erh\u00f6hen, indem wir unsere Website besser auf Ihre W\u00fcnsche und Vorlieben abstimmen. Cookies k\u00f6nnen auch verwendet werden, um den Inhalt oder die Werbung einer Website zu personalisieren. Beispielsweise sieht ein Kunde mit einem bestimmten Unterhaltungspaket andere Nachrichten als jemand, der kein solches Paket hat.<\/p><p>Cookies k\u00f6nnen nur von Parkhotel platziert werden.<\/p><p>Welche Arten von Cookies verwenden wir?<\/p><p>Notwendige Cookies: Diese Cookies stellen sicher, dass Sie durch unsere Website und Apps navigieren und die Funktionen (wie den Warenkorb und Ihre Datenschutzeinstellungen) nutzen k\u00f6nnen.<\/p><h6>\u00a0<\/h6><h6>Teil 4: \u00dcber Sicherheit und Vertraulichkeit<\/h6><p><em><b>4.1 Parkhotel beantwortet nicht nur Fragen von Dritten.<\/b><\/em><\/p><p>Die Ermessenspflicht wird eingehalten. Da Parkhotel seine Diskretions- und Datenschutzgesetze einhalten muss, kann es Fragen von Dritten nur beantworten, wenn diese auf einer gesetzlichen Bestimmung oder einem berechtigten Interesse beruhen, die f\u00fcr die Ausf\u00fchrung des Vertrags erforderlich sind, oder mit Zustimmung der betreffenden Person. Im letzteren Fall empfiehlt Parkhotel sogar, die Daten von der betroffenen Person selbst anzufordern.<\/p><p>Parkhotel kann nicht haftbar gemacht werden, wenn die rechtm\u00e4\u00dfigen Empf\u00e4nger von Daten gem\u00e4\u00df (im Ausland) gesetzlichen Verpflichtungen personenbezogene Daten von Kunden oder juristischen Personen an lokale Beh\u00f6rden \u00fcbermitteln oder diese unsicher behandeln m\u00fcssen.<\/p><p><b><em>4.2 Beschwerden, Abmelden von Newslettern oder L\u00f6schen personenbezogener Daten<\/em>.<\/b><\/p><p>Bei Beschwerden im Zusammenhang mit der Verarbeitung Ihrer pers\u00f6nlichen Daten, wenn Sie keinen Newsletter erhalten m\u00f6chten oder wenn Ihre pers\u00f6nlichen Daten gel\u00f6scht werden sollen, m\u00fcssen alle Anfragen per E-Mail an parkhotel@telenet.be gestellt werden<\/p>\t\t\t\t\t\t\t\t<\/div>\n\t\t\t\t<\/div>\n\t\t\t\t\t<\/div>\n\t\t<\/div>\n\t\t\t\t\t<\/div>\n\t\t<\/section>\n\t\t\t\t<\/div>","protected":false},"excerpt":{"rendered":"<p>Datenschutzerkl\u00e4rung Teil 1: Wir m\u00fcssen Ihre Privatsph\u00e4re gemeinsam sch\u00fctzen. Ihre Privatsph\u00e4re ist uns sehr wichtig. Wir m\u00f6chten Ihre personenbezogenen Daten rechtm\u00e4\u00dfig, korrekt und transparent verarbeiten. In dieser Datenschutzerkl\u00e4rung erl\u00e4utern wir, welche personenbezogenen Daten wir von Ihnen als nat\u00fcrliche Person erheben und verarbeiten. Von nun an werden wir immer \u00fcber Daten \u00fcber Sie sprechen [\u2026]<\/p>","protected":false},"author":1,"featured_media":0,"parent":0,"menu_order":2,"comment_status":"closed","ping_status":"closed","template":"elementor_header_footer","meta":{"footnotes":""},"class_list":["post-1364","page","type-page","status-publish","hentry"],"_links":{"self":[{"href":"https:\/\/parkhotelgent.be\/de\/wp-json\/wp\/v2\/pages\/1364","targetHints":{"allow":["GET"]}}],"collection":[{"href":"https:\/\/parkhotelgent.be\/de\/wp-json\/wp\/v2\/pages"}],"about":[{"href":"https:\/\/parkhotelgent.be\/de\/wp-json\/wp\/v2\/types\/page"}],"author":[{"embeddable":true,"href":"https:\/\/parkhotelgent.be\/de\/wp-json\/wp\/v2\/users\/1"}],"replies":[{"embeddable":true,"href":"https:\/\/parkhotelgent.be\/de\/wp-json\/wp\/v2\/comments?post=1364"}],"version-history":[{"count":0,"href":"https:\/\/parkhotelgent.be\/de\/wp-json\/wp\/v2\/pages\/1364\/revisions"}],"wp:attachment":[{"href":"https:\/\/parkhotelgent.be\/de\/wp-json\/wp\/v2\/media?parent=1364"}],"curies":[{"name":"wp","href":"https:\/\/api.w.org\/{rel}","templated":true}]}}