{"id":14,"date":"2020-05-14T19:13:41","date_gmt":"2020-05-14T19:13:41","guid":{"rendered":"http:\/\/schrijnwerkerij.galia.be\/?page_id=14"},"modified":"2020-07-17T10:39:26","modified_gmt":"2020-07-17T10:39:26","slug":"arrangementen","status":"publish","type":"page","link":"https:\/\/parkhotelgent.be\/de\/arrangementen\/","title":{"rendered":"Arrangements"},"content":{"rendered":"<div data-elementor-type=\"wp-page\" data-elementor-id=\"14\" class=\"elementor elementor-14\" data-elementor-post-type=\"page\">\n\t\t\t\t\t\t<section class=\"elementor-section elementor-top-section elementor-element elementor-element-41e3657 elementor-section-full_width elementor-section-height-default elementor-section-height-default\" data-id=\"41e3657\" data-element_type=\"section\">\n\t\t\t\t\t\t<div class=\"elementor-container elementor-column-gap-no\">\n\t\t\t\t\t<div class=\"elementor-column elementor-col-100 elementor-top-column elementor-element elementor-element-7de4e02\" data-id=\"7de4e02\" data-element_type=\"column\">\n\t\t\t<div class=\"elementor-widget-wrap elementor-element-populated\">\n\t\t\t\t\t\t<div class=\"elementor-element elementor-element-072181c elementor--h-position-center elementor--v-position-middle elementor-widget elementor-widget-slides\" data-id=\"072181c\" data-element_type=\"widget\" data-settings=\"{&quot;navigation&quot;:&quot;none&quot;,&quot;transition&quot;:&quot;fade&quot;,&quot;transition_speed&quot;:500}\" data-widget_type=\"slides.default\">\n\t\t\t\t<div class=\"elementor-widget-container\">\n\t\t\t\t\t\t\t\t\t<div class=\"elementor-swiper\">\n\t\t\t\t\t<div class=\"elementor-slides-wrapper elementor-main-swiper swiper\" role=\"region\" aria-roledescription=\"carousel\" aria-label=\"Slider\" dir=\"ltr\" data-animation=\"\" data-no-translation-aria-label=\"\">\n\t\t\t\t<div class=\"swiper-wrapper elementor-slides\">\n\t\t\t\t\t\t\t\t\t\t<div class=\"elementor-repeater-item-9a7e4a5 swiper-slide\" role=\"group\" aria-roledescription=\"slide\"><div class=\"swiper-slide-bg\" role=\"img\" aria-label=\"AdobeStock_178255351 (2)\"><\/div><div class=\"elementor-background-overlay\"><\/div><div class=\"swiper-slide-inner\" ><div class=\"swiper-slide-contents\"><div class=\"elementor-slide-heading\">Arrangements<\/div><div class=\"elementor-slide-description\">Lorem ipsum<\/div><\/div><\/div><\/div>\t\t\t\t<\/div>\n\t\t\t\t\t\t\t<\/div>\n\t\t\t\t<\/div>\n\t\t\t\t\t\t\t\t<\/div>\n\t\t\t\t<\/div>\n\t\t\t\t\t<\/div>\n\t\t<\/div>\n\t\t\t\t\t<\/div>\n\t\t<\/section>\n\t\t\t\t<section class=\"elementor-section elementor-top-section elementor-element elementor-element-5c3a935 elementor-section-boxed elementor-section-height-default elementor-section-height-default\" data-id=\"5c3a935\" data-element_type=\"section\" data-settings=\"{&quot;background_background&quot;:&quot;classic&quot;}\">\n\t\t\t\t\t\t<div class=\"elementor-container elementor-column-gap-default\">\n\t\t\t\t\t<div class=\"elementor-column elementor-col-100 elementor-top-column elementor-element elementor-element-1c72dc6\" data-id=\"1c72dc6\" data-element_type=\"column\">\n\t\t\t<div class=\"elementor-widget-wrap elementor-element-populated\">\n\t\t\t\t\t\t<div class=\"elementor-element elementor-element-5912703 elementor-grid-1 elementor-grid-tablet-2 elementor-grid-mobile-1 elementor-posts--thumbnail-top elementor-card-shadow-yes elementor-posts__hover-gradient elementor-widget elementor-widget-posts\" data-id=\"5912703\" data-element_type=\"widget\" data-settings=\"{&quot;cards_columns&quot;:&quot;1&quot;,&quot;cards_columns_tablet&quot;:&quot;2&quot;,&quot;cards_columns_mobile&quot;:&quot;1&quot;,&quot;cards_row_gap&quot;:{&quot;unit&quot;:&quot;px&quot;,&quot;size&quot;:35,&quot;sizes&quot;:[]},&quot;cards_row_gap_tablet&quot;:{&quot;unit&quot;:&quot;px&quot;,&quot;size&quot;:&quot;&quot;,&quot;sizes&quot;:[]},&quot;cards_row_gap_mobile&quot;:{&quot;unit&quot;:&quot;px&quot;,&quot;size&quot;:&quot;&quot;,&quot;sizes&quot;:[]}}\" data-widget_type=\"posts.cards\">\n\t\t\t\t<div class=\"elementor-widget-container\">\n\t\t\t\t\t\t\t<div class=\"elementor-posts-container elementor-posts elementor-posts--skin-cards elementor-grid\" role=\"list\">\n\t\t\t\t<article class=\"elementor-post elementor-grid-item post-1167 post type-post status-publish format-standard has-post-thumbnail hentry category-arrangementen\" role=\"listitem\">\n\t\t\t<div class=\"elementor-post__card\">\n\t\t\t\t<a class=\"elementor-post__thumbnail__link\" href=\"https:\/\/parkhotelgent.be\/de\/arrangementen\/gent-4-daags-arrangement\/\" tabindex=\"-1\" ><div class=\"elementor-post__thumbnail\"><img decoding=\"async\" width=\"300\" height=\"147\" src=\"https:\/\/parkhotelgent.be\/wp-content\/uploads\/2020\/07\/gent-local-300x147.jpg\" class=\"attachment-medium size-medium wp-image-1168\" alt=\"\" srcset=\"https:\/\/parkhotelgent.be\/wp-content\/uploads\/2020\/07\/gent-local-300x147.jpg 300w, https:\/\/parkhotelgent.be\/wp-content\/uploads\/2020\/07\/gent-local-768x377.jpg 768w, https:\/\/parkhotelgent.be\/wp-content\/uploads\/2020\/07\/gent-local.jpg 794w\" sizes=\"(max-width: 300px) 100vw, 300px\" \/><\/div><\/a>\n\t\t\t\t<div class=\"elementor-post__text\">\n\t\t\t\t<h3 class=\"elementor-post__title\">\n\t\t\t<a href=\"https:\/\/parkhotelgent.be\/de\/arrangementen\/gent-4-daags-arrangement\/\" >\n\t\t\t\tGent 4-Tages-Paket ab 450 \u20ac\t\t\t<\/a>\n\t\t<\/h3>\n\t\t\t\t<div class=\"elementor-post__excerpt\">\n\t\t\t<p>Starten Sie gut in Ihren Gent-Aufenthalt. Gestalten Sie Ihren Aufenthalt in Gent ganz nach Ihren W\u00fcnschen. Mit dem 4-Tage-Paket ist Gent einfach und \u00fcbersichtlich<\/p>\n\t\t<\/div>\n\t\t\n\t\t<a class=\"elementor-post__read-more\" href=\"https:\/\/parkhotelgent.be\/de\/arrangementen\/gent-4-daags-arrangement\/\" aria-label=\"Mehr \u00fcber Gent 4 daags arrangement vanaf \u20ac 450\" tabindex=\"-1\" >\n\t\t\tWeiterlesen &quot;\t\t<\/a>\n\n\t\t\t\t<\/div>\n\t\t\t\t\t<\/div>\n\t\t<\/article>\n\t\t\t\t<article class=\"elementor-post elementor-grid-item post-1153 post type-post status-publish format-standard has-post-thumbnail hentry category-arrangementen\" role=\"listitem\">\n\t\t\t<div class=\"elementor-post__card\">\n\t\t\t\t<a class=\"elementor-post__thumbnail__link\" href=\"https:\/\/parkhotelgent.be\/de\/arrangementen\/gent-cultuurarrangement-e189\/\" tabindex=\"-1\" ><div class=\"elementor-post__thumbnail\"><img fetchpriority=\"high\" decoding=\"async\" width=\"300\" height=\"225\" src=\"https:\/\/parkhotelgent.be\/wp-content\/uploads\/2020\/07\/incredible-views-300x225.jpg\" class=\"attachment-medium size-medium wp-image-1162\" alt=\"\" srcset=\"https:\/\/parkhotelgent.be\/wp-content\/uploads\/2020\/07\/incredible-views-300x225.jpg 300w, https:\/\/parkhotelgent.be\/wp-content\/uploads\/2020\/07\/incredible-views.jpg 550w\" sizes=\"(max-width: 300px) 100vw, 300px\" \/><\/div><\/a>\n\t\t\t\t<div class=\"elementor-post__text\">\n\t\t\t\t<h3 class=\"elementor-post__title\">\n\t\t\t<a href=\"https:\/\/parkhotelgent.be\/de\/arrangementen\/gent-cultuurarrangement-e189\/\" >\n\t\t\t\tGenter Kulturpaket ab 249 \u20ac\t\t\t<\/a>\n\t\t<\/h3>\n\t\t\t\t<div class=\"elementor-post__excerpt\">\n\t\t\t<p>2 Tage Gent. Einzigartig in Europa, keine leeren Worte. Erleben, schmecken und f\u00fchlen Sie das lebendige Gent, \u00fcberraschend g\u00fcnstig. Im Kulturpaket haben Sie Zugriff auf<\/p>\n\t\t<\/div>\n\t\t\n\t\t<a class=\"elementor-post__read-more\" href=\"https:\/\/parkhotelgent.be\/de\/arrangementen\/gent-cultuurarrangement-e189\/\" aria-label=\"Mehr \u00fcber Gent cultuurarrangement vanaf \u20ac 249\" tabindex=\"-1\" >\n\t\t\tWeiterlesen &quot;\t\t<\/a>\n\n\t\t\t\t<\/div>\n\t\t\t\t\t<\/div>\n\t\t<\/article>\n\t\t\t\t<article class=\"elementor-post elementor-grid-item post-1110 post type-post status-publish format-standard has-post-thumbnail hentry category-arrangementen category-homepagina\" role=\"listitem\">\n\t\t\t<div class=\"elementor-post__card\">\n\t\t\t\t<a class=\"elementor-post__thumbnail__link\" href=\"https:\/\/parkhotelgent.be\/de\/arrangementen\/winterfeesten-arrangement-129e\/\" tabindex=\"-1\" ><div class=\"elementor-post__thumbnail\"><img decoding=\"async\" width=\"300\" height=\"200\" src=\"https:\/\/parkhotelgent.be\/wp-content\/uploads\/2020\/07\/reuzenrad-300x200.jpg\" class=\"attachment-medium size-medium wp-image-1111\" alt=\"\" srcset=\"https:\/\/parkhotelgent.be\/wp-content\/uploads\/2020\/07\/reuzenrad-300x200.jpg 300w, https:\/\/parkhotelgent.be\/wp-content\/uploads\/2020\/07\/reuzenrad-1024x683.jpg 1024w, https:\/\/parkhotelgent.be\/wp-content\/uploads\/2020\/07\/reuzenrad-768x512.jpg 768w, https:\/\/parkhotelgent.be\/wp-content\/uploads\/2020\/07\/reuzenrad-1536x1024.jpg 1536w, https:\/\/parkhotelgent.be\/wp-content\/uploads\/2020\/07\/reuzenrad.jpg 1620w\" sizes=\"(max-width: 300px) 100vw, 300px\" \/><\/div><\/a>\n\t\t\t\t<div class=\"elementor-post__text\">\n\t\t\t\t<h3 class=\"elementor-post__title\">\n\t\t\t<a href=\"https:\/\/parkhotelgent.be\/de\/arrangementen\/winterfeesten-arrangement-129e\/\" >\n\t\t\t\tWinterfeste vom 8. Dezember 2023 bis 22. Dezember 2023 Paket ab 149 \u20ac\t\t\t<\/a>\n\t\t<\/h3>\n\t\t\t\t<div class=\"elementor-post__excerpt\">\n\t\t\t<p>Sind Winterpartys nur f\u00fcr Erwachsene? Nichts ist weniger wahr! Die Genter Winterfeste bieten zahlreiche Aktivit\u00e4ten f\u00fcr alle und Unterhaltung f\u00fcr die Kleinen. Mitschwimmen<\/p>\n\t\t<\/div>\n\t\t\n\t\t<a class=\"elementor-post__read-more\" href=\"https:\/\/parkhotelgent.be\/de\/arrangementen\/winterfeesten-arrangement-129e\/\" aria-label=\"Mehr \u00fcber Winterfeesten vanaf 8 december 2023 tot 22 december 2023 arrangement vanaf \u20ac 149\" tabindex=\"-1\" >\n\t\t\tWeiterlesen &quot;\t\t<\/a>\n\n\t\t\t\t<\/div>\n\t\t\t\t\t<\/div>\n\t\t<\/article>\n\t\t\t\t<article class=\"elementor-post elementor-grid-item post-1119 post type-post status-publish format-standard has-post-thumbnail hentry category-arrangementen\" role=\"listitem\">\n\t\t\t<div class=\"elementor-post__card\">\n\t\t\t\t<a class=\"elementor-post__thumbnail__link\" href=\"https:\/\/parkhotelgent.be\/de\/arrangementen\/paasarrangement-189e\/\" tabindex=\"-1\" ><div class=\"elementor-post__thumbnail\"><img loading=\"lazy\" decoding=\"async\" width=\"300\" height=\"178\" src=\"https:\/\/parkhotelgent.be\/wp-content\/uploads\/2020\/07\/2014-04-16-vrolijk-pasen-300x178.png\" class=\"attachment-medium size-medium wp-image-1121\" alt=\"\" srcset=\"https:\/\/parkhotelgent.be\/wp-content\/uploads\/2020\/07\/2014-04-16-vrolijk-pasen-300x178.png 300w, https:\/\/parkhotelgent.be\/wp-content\/uploads\/2020\/07\/2014-04-16-vrolijk-pasen.png 470w\" sizes=\"(max-width: 300px) 100vw, 300px\" \/><\/div><\/a>\n\t\t\t\t<div class=\"elementor-post__text\">\n\t\t\t\t<h3 class=\"elementor-post__title\">\n\t\t\t<a href=\"https:\/\/parkhotelgent.be\/de\/arrangementen\/paasarrangement-189e\/\" >\n\t\t\t\tOsterpaket ab 129 \u20ac\t\t\t<\/a>\n\t\t<\/h3>\n\t\t\t\t<div class=\"elementor-post__excerpt\">\n\t\t\t<p>Dieses Angebot gilt f\u00fcr alle Reservierungen im Zeitraum vom 31. M\u00e4rz 2024 bis 15. April 2024. Sie \u00fcbernachten in einem Standardzimmer mit<\/p>\n\t\t<\/div>\n\t\t\n\t\t<a class=\"elementor-post__read-more\" href=\"https:\/\/parkhotelgent.be\/de\/arrangementen\/paasarrangement-189e\/\" aria-label=\"Mehr \u00fcber Paasarrangement vanaf \u20ac 129\" tabindex=\"-1\" >\n\t\t\tWeiterlesen &quot;\t\t<\/a>\n\n\t\t\t\t<\/div>\n\t\t\t\t\t<\/div>\n\t\t<\/article>\n\t\t\t\t<\/div>\n\t\t\n\t\t\t\t\t\t<\/div>\n\t\t\t\t<\/div>\n\t\t\t\t\t<\/div>\n\t\t<\/div>\n\t\t\t\t\t<\/div>\n\t\t<\/section>\n\t\t\t\t<\/div>","protected":false},"excerpt":{"rendered":"<p>PaketeLorem ipsum<\/p>","protected":false},"author":1,"featured_media":85,"parent":0,"menu_order":17,"comment_status":"closed","ping_status":"closed","template":"","meta":{"footnotes":""},"class_list":["post-14","page","type-page","status-publish","has-post-thumbnail","hentry"],"_links":{"self":[{"href":"https:\/\/parkhotelgent.be\/de\/wp-json\/wp\/v2\/pages\/14","targetHints":{"allow":["GET"]}}],"collection":[{"href":"https:\/\/parkhotelgent.be\/de\/wp-json\/wp\/v2\/pages"}],"about":[{"href":"https:\/\/parkhotelgent.be\/de\/wp-json\/wp\/v2\/types\/page"}],"author":[{"embeddable":true,"href":"https:\/\/parkhotelgent.be\/de\/wp-json\/wp\/v2\/users\/1"}],"replies":[{"embeddable":true,"href":"https:\/\/parkhotelgent.be\/de\/wp-json\/wp\/v2\/comments?post=14"}],"version-history":[{"count":0,"href":"https:\/\/parkhotelgent.be\/de\/wp-json\/wp\/v2\/pages\/14\/revisions"}],"wp:featuredmedia":[{"embeddable":true,"href":"https:\/\/parkhotelgent.be\/de\/wp-json\/wp\/v2\/media\/85"}],"wp:attachment":[{"href":"https:\/\/parkhotelgent.be\/de\/wp-json\/wp\/v2\/media?parent=14"}],"curies":[{"name":"wp","href":"https:\/\/api.w.org\/{rel}","templated":true}]}}