{"id":1429,"date":"2020-07-20T13:37:05","date_gmt":"2020-07-20T13:37:05","guid":{"rendered":"https:\/\/parkhotelghent.be\/?page_id=1429"},"modified":"2020-08-06T13:40:48","modified_gmt":"2020-08-06T13:40:48","slug":"covid-19","status":"publish","type":"page","link":"https:\/\/parkhotelgent.be\/de\/covid-19\/","title":{"rendered":"COVID-19"},"content":{"rendered":"<div data-elementor-type=\"wp-page\" data-elementor-id=\"1429\" class=\"elementor elementor-1429\" data-elementor-post-type=\"page\">\n\t\t\t\t\t\t<section class=\"elementor-section elementor-top-section elementor-element elementor-element-726b8a1 elementor-section-boxed elementor-section-height-default elementor-section-height-default\" data-id=\"726b8a1\" data-element_type=\"section\" data-settings=\"{&quot;background_background&quot;:&quot;classic&quot;}\">\n\t\t\t\t\t\t<div class=\"elementor-container elementor-column-gap-wide\">\n\t\t\t\t\t<div class=\"elementor-column elementor-col-100 elementor-top-column elementor-element elementor-element-eb1c2a1\" data-id=\"eb1c2a1\" data-element_type=\"column\">\n\t\t\t<div class=\"elementor-widget-wrap elementor-element-populated\">\n\t\t\t\t\t\t<div class=\"elementor-element elementor-element-f01edad elementor-widget elementor-widget-heading\" data-id=\"f01edad\" data-element_type=\"widget\" data-widget_type=\"heading.default\">\n\t\t\t\t<div class=\"elementor-widget-container\">\n\t\t\t\t\t<h2 class=\"elementor-heading-title elementor-size-default\">COVID-19<\/h2>\t\t\t\t<\/div>\n\t\t\t\t<\/div>\n\t\t\t\t<div class=\"elementor-element elementor-element-36a0aca elementor-widget elementor-widget-button\" data-id=\"36a0aca\" data-element_type=\"widget\" data-widget_type=\"button.default\">\n\t\t\t\t<div class=\"elementor-widget-container\">\n\t\t\t\t\t\t\t\t\t<div class=\"elementor-button-wrapper\">\n\t\t\t\t\t<a class=\"elementor-button elementor-button-link elementor-size-sm\" href=\"https:\/\/visit.gent.be\/nl\/maatregelen-voor-bestrijding-coronavirus-covid-19\" target=\"_blank\">\n\t\t\t\t\t\t<span class=\"elementor-button-content-wrapper\">\n\t\t\t\t\t\t\t\t\t<span class=\"elementor-button-text\">Aktualisiert Covid-19<\/span>\n\t\t\t\t\t<\/span>\n\t\t\t\t\t<\/a>\n\t\t\t\t<\/div>\n\t\t\t\t\t\t\t\t<\/div>\n\t\t\t\t<\/div>\n\t\t\t\t<div class=\"elementor-element elementor-element-c92e2bd elementor-widget elementor-widget-text-editor\" data-id=\"c92e2bd\" data-element_type=\"widget\" data-widget_type=\"text-editor.default\">\n\t\t\t\t<div class=\"elementor-widget-container\">\n\t\t\t\t\t\t\t\t\t<p>Im Interesse der \u00f6ffentlichen Gesundheit hat die belgische Regierung am 13. M\u00e4rz eine Reihe zus\u00e4tzlicher Ma\u00dfnahmen ergriffen, um die Ausbreitung des Coronavirus \/ COVID-19 zu verlangsamen. Diese Ma\u00dfnahmen wurden seit dem 4. Mai systematisch gelockert.<\/p><h4>Welche Ma\u00dfnahmen bleiben in Kraft?<\/h4><ul><li>Hygienema\u00dfnahmen sind unerl\u00e4sslich (H\u00e4ndewaschen; Niesen oder Husten im Ellbogen).<\/li><li>Halten Sie ausreichend Abstand voneinander (mindestens 1,5 m).<\/li><li>Das Tragen einer Mundmaske ist in bestimmten Situationen obligatorisch (siehe unten).<\/li><li>Gro\u00dfveranstaltungen, Festivals, private und \u00f6ffentliche Versammlungen sind bis zum 31. August verboten.<\/li><li>Die eigenen Dienstleistungen der Stadt Gent beschr\u00e4nken sich auf das Wesentliche und werden nach M\u00f6glichkeit telefonisch oder per E-Mail erbracht. Seit dem 15. Juni k\u00f6nnen Reisen innerhalb der EU (+ Vereinigtes K\u00f6nigreich, Schweiz, Liechtenstein, Island und Norwegen) durchgef\u00fchrt werden. Weitere Informationen hierzu \u00fcber Foreign Affairs.<\/li><\/ul><h4>Das Tragen einer Mundmaske ist in folgenden Punkten obligatorisch:<\/h4><ul><li>Gesch\u00e4fte und Einkaufszentren<\/li><li>Kino<\/li><li>Theater-, Konzert- und Konferenzr\u00e4ume<\/li><li>Auditorien<\/li><li>Andachtsorte<\/li><li>Museen (und Denkm\u00e4ler)<\/li><li>Bibliothek<\/li><li>\u00f6ffentliche Verkehrsmittel (einschlie\u00dflich Bahnsteig und Bahnhof)<\/li><\/ul><p>Wenn Sie in diesen F\u00e4llen keine Gesichtsmaske tragen, wird Ihnen die Einreise verweigert und Sie riskieren eine Sanktion. Kinder unter 12 Jahren m\u00fcssen keine Mundmaske tragen.<\/p><h4>Was bedeutet die Entspannung f\u00fcr Sie als Besucher?<\/h4><p>Hotels:<br \/>Alle Hotels in Gent sind seit dem 10. Juni wieder ge\u00f6ffnet. F\u00fcr weitere Informationen zu den Sicherheitsbestimmungen wenden Sie sich bitte an Ihr Hotel.<\/p><p>Andere Unterk\u00fcnfte:<br \/>Alle anderen Unterk\u00fcnfte (Ferienh\u00e4user, Ferienh\u00e4user, Campingpl\u00e4tze, B &amp; Bs, Ferienparks, AirBnBs, Herbergen, Jugendunterk\u00fcnfte\u2026) wurden seit dem 8. Juni wiederer\u00f6ffnet. F\u00fcr weitere Informationen zu den Sicherheitsbestimmungen und \u00d6ffnungszeiten wenden Sie sich bitte an Ihre Unterkunft.<\/p><p>Unternehmen (Lebensmittel und Non-Food):<\/p><ul><li>Restaurants, Caf\u00e9s und Bars mit Sitzgelegenheiten haben seit dem 8. Juni wieder ge\u00f6ffnet. Sie m\u00fcssen sp\u00e4testens um 1 Uhr morgens schlie\u00dfen. Es gibt eine Reihe von Sicherheitsbestimmungen, die w\u00e4hrend eines Catering-Besuchs beachtet werden m\u00fcssen.<\/li><li>Nachtclubs und Diskotheken (und andere Catering-Einrichtungen, die keine Sitzpl\u00e4tze anbieten) bleiben geschlossen.<\/li><\/ul><p>Alle Gesch\u00e4fte sind seit dem 11. Mai wieder ge\u00f6ffnet.<br \/>Alle lokalen M\u00e4rkte haben seit dem 18. Mai wieder begonnen.<\/p>\t\t\t\t\t\t\t\t<\/div>\n\t\t\t\t<\/div>\n\t\t\t\t\t<\/div>\n\t\t<\/div>\n\t\t\t\t\t<\/div>\n\t\t<\/section>\n\t\t\t\t<\/div>","protected":false},"excerpt":{"rendered":"<p>Covid-19-Updates Covid-19 Im Interesse der \u00f6ffentlichen Gesundheit hat die belgische Regierung am 13. M\u00e4rz eine Reihe zus\u00e4tzlicher Ma\u00dfnahmen ergriffen, um die Ausbreitung des Coronavirus\/COVID-19 zu verlangsamen. Diese Ma\u00dfnahmen wurden seit dem 4. Mai systematisch gelockert. Welche Ma\u00dfnahmen bleiben in Kraft? Hygienema\u00dfnahmen sind unerl\u00e4sslich (H\u00e4nde waschen, in die Ellbogen niesen oder husten). behalten [\u2026]<\/p>","protected":false},"author":1,"featured_media":0,"parent":0,"menu_order":1,"comment_status":"closed","ping_status":"closed","template":"elementor_header_footer","meta":{"footnotes":""},"class_list":["post-1429","page","type-page","status-publish","hentry"],"_links":{"self":[{"href":"https:\/\/parkhotelgent.be\/de\/wp-json\/wp\/v2\/pages\/1429","targetHints":{"allow":["GET"]}}],"collection":[{"href":"https:\/\/parkhotelgent.be\/de\/wp-json\/wp\/v2\/pages"}],"about":[{"href":"https:\/\/parkhotelgent.be\/de\/wp-json\/wp\/v2\/types\/page"}],"author":[{"embeddable":true,"href":"https:\/\/parkhotelgent.be\/de\/wp-json\/wp\/v2\/users\/1"}],"replies":[{"embeddable":true,"href":"https:\/\/parkhotelgent.be\/de\/wp-json\/wp\/v2\/comments?post=1429"}],"version-history":[{"count":0,"href":"https:\/\/parkhotelgent.be\/de\/wp-json\/wp\/v2\/pages\/1429\/revisions"}],"wp:attachment":[{"href":"https:\/\/parkhotelgent.be\/de\/wp-json\/wp\/v2\/media?parent=1429"}],"curies":[{"name":"wp","href":"https:\/\/api.w.org\/{rel}","templated":true}]}}