{"id":1438,"date":"2020-07-20T14:14:44","date_gmt":"2020-07-20T14:14:44","guid":{"rendered":"https:\/\/parkhotelghent.be\/?page_id=1438"},"modified":"2023-06-12T16:09:22","modified_gmt":"2023-06-12T16:09:22","slug":"welkom-in-parkhotel","status":"publish","type":"page","link":"https:\/\/parkhotelgent.be\/de\/welkom-in-parkhotel\/","title":{"rendered":"Willkommen im Parkhotel"},"content":{"rendered":"<div data-elementor-type=\"wp-page\" data-elementor-id=\"1438\" class=\"elementor elementor-1438\" data-elementor-post-type=\"page\">\n\t\t\t\t\t\t<section class=\"elementor-section elementor-top-section elementor-element elementor-element-95cfb9f elementor-section-boxed elementor-section-height-default elementor-section-height-default\" data-id=\"95cfb9f\" data-element_type=\"section\" data-settings=\"{&quot;background_background&quot;:&quot;classic&quot;}\">\n\t\t\t\t\t\t<div class=\"elementor-container elementor-column-gap-wide\">\n\t\t\t\t\t<div class=\"elementor-column elementor-col-50 elementor-top-column elementor-element elementor-element-518335a\" data-id=\"518335a\" data-element_type=\"column\">\n\t\t\t<div class=\"elementor-widget-wrap elementor-element-populated\">\n\t\t\t\t\t\t<div class=\"elementor-element elementor-element-759e436 elementor-widget elementor-widget-heading\" data-id=\"759e436\" data-element_type=\"widget\" data-widget_type=\"heading.default\">\n\t\t\t\t<div class=\"elementor-widget-container\">\n\t\t\t\t\t<h2 class=\"elementor-heading-title elementor-size-default\">Willkommen im Parkhotel<\/h2>\t\t\t\t<\/div>\n\t\t\t\t<\/div>\n\t\t\t\t<div class=\"elementor-element elementor-element-0267233 elementor-widget elementor-widget-text-editor\" data-id=\"0267233\" data-element_type=\"widget\" data-widget_type=\"text-editor.default\">\n\t\t\t\t<div class=\"elementor-widget-container\">\n\t\t\t\t\t\t\t\t\t<p>Bleib im Herzen von Gent.\u00a0<\/p><p>Das Parkhotel ist ein komplett renoviertes, trendiges Hotel, in dem Sie pers\u00f6nlich begr\u00fc\u00dft werden.<\/p><p>Das komplett renovierte Hotel hat seit Januar 2010 seine T\u00fcren ge\u00f6ffnet. In den Zimmern und in der Bar finden Sie allen modernen Komfort. In der Bar k\u00f6nnen Sie von Montag bis Samstag von 14 bis 20 Uhr entspannen und einen Kaffee oder ein frisches Bier genie\u00dfen.<\/p><p>Gem\u00fctlichkeit und Pers\u00f6nlichkeit sind unser gr\u00f6\u00dftes Kapital. Alle Zimmer sind gem\u00fctlich und trendy. Jedes Zimmer verf\u00fcgt \u00fcber ein eigenes Bad, einen Flachbild-TV, eine Klimaanlage und WLAN. Alle Zimmer bieten einen sch\u00f6nen Blick auf die Gartenterrasse, auf der Sie in der Sonne oder im Schatten bei einem Glas Wei\u00dfwein und einem Snack entspannen k\u00f6nnen.<\/p><p>Das Parkhotel ist ein Hotel, das sowohl Gesch\u00e4ftsleute als auch Touristen willkommen hei\u00dft. Dar\u00fcber hinaus liegt das Hotel nur wenige Gehminuten vom alten historischen Zentrum (450 m) entfernt, wo Sie nicht nur das Einkaufszentrum mit seinen zahlreichen trendigen Boutiquen und Gesch\u00e4ften finden, sondern auch verschiedene Terrassen genie\u00dfen k\u00f6nnen. Die alten historischen Geb\u00e4ude wie das Belfort, das Gravensteen und die Museen sind leicht zu erreichen. Das Universit\u00e4tsviertel und die Vlerick Management School sind nur wenige Gehminuten vom Hotel entfernt.<\/p><p>Das Hotel verf\u00fcgt nicht \u00fcber einen Aufzug, ist jedoch f\u00fcr Rollstuhlfahrer im Erdgeschoss zug\u00e4nglich.<\/p><p>Es ist ein Privileg, Sie in meinem Hotel begr\u00fc\u00dfen zu d\u00fcrfen und Sie morgens mit einem k\u00f6stlichen Fr\u00fchst\u00fcck verw\u00f6hnen zu lassen.<\/p><p>De Wit Olivier<\/p>\t\t\t\t\t\t\t\t<\/div>\n\t\t\t\t<\/div>\n\t\t\t\t<div class=\"elementor-element elementor-element-d28233d elementor-widget elementor-widget-heading\" data-id=\"d28233d\" data-element_type=\"widget\" data-widget_type=\"heading.default\">\n\t\t\t\t<div class=\"elementor-widget-container\">\n\t\t\t\t\t<h3 class=\"elementor-heading-title elementor-size-default\">Parken<\/h3>\t\t\t\t<\/div>\n\t\t\t\t<\/div>\n\t\t\t\t<div class=\"elementor-element elementor-element-21aec17 elementor-widget elementor-widget-text-editor\" data-id=\"21aec17\" data-element_type=\"widget\" data-widget_type=\"text-editor.default\">\n\t\t\t\t<div class=\"elementor-widget-container\">\n\t\t\t\t\t\t\t\t\t<p>Wenn Sie mit dem Auto anreisen, k\u00f6nnen Sie im Parking Gent Zuid (P3) parken. Das Hotel selbst verf\u00fcgt \u00fcber keine Parkpl\u00e4tze, daher empfehlen wir Parking Gent Zuid.<\/p><p>Sobald Sie die Autobahn verlassen und die Ausfahrt Gent-Zentrum nehmen, k\u00f6nnen Sie in das Parkhaus Gent Zuid einfahren. Fahren Sie einfach geradeaus und betreten Sie das Parkhaus. Alle Informationen finden Sie unter <a href=\"https:\/\/www.interparking.be\/en\/find-parking\/Gent%20Zuid\/\" target=\"_blank\" rel=\"noopener\">dieser Link<\/a>.<\/p><p>Wenn Sie ein GPS-System haben, k\u00f6nnen Sie folgende Adresse eingeben: Woodrow Wilsonplein 1, Gent.<\/p><p>Nachdem Sie Ihr Fahrzeug geparkt haben, k\u00f6nnen Sie zu Fu\u00df zum Hotel gehen, was einem 3 bis 4-min\u00fctigen Spaziergang entspricht. Hier finden Sie die Karte mit der Wanderroute zum Hotel. Folgen Sie der blau gepunkteten Linie auf der Karte.<\/p><p>Gent Zuid ist auch der g\u00fcnstigste Parkplatz in Gent. Dieser Parkplatz ist auch ohne Anmeldung Ihres Autos zug\u00e4nglich, sodass Sie keine Verst\u00f6\u00dfe begehen, wenn Sie die LEZ-Zone betreten.<\/p><p>Wenn Sie den Parkplatz Gent Zuid nicht nutzen, \u00fcberpr\u00fcfen Sie Ihr Auto zun\u00e4chst \u00fcber <a href=\"https:\/\/stad.gent\/nl\/mobiliteit-openbare-werken\/mobiliteit-openbare-werken\/parkings-gent#Is%20er%20n%C3%BA%20plaats?\" target=\"_blank\" rel=\"noopener\">dieser Link<\/a>.<\/p><p>Tipp? Sobald Sie Gent \u00fcber die Autobahnen oder Regionalstra\u00dfen erreichen, folgen Sie den Zonen oder dem Namen eines Parkplatzes auf den Schildern, um zu einem verf\u00fcgbaren Parkplatz zu fahren. \u00dcber die Parkschilder unterwegs finden Sie immer einen Parkplatz, Parking Zuid<br \/>und Reep ist f\u00fcr unsere Kunden bestimmt.<\/p><p>Wenn Sie in Gent kostenlos parken m\u00f6chten, parken Sie Ihr Auto an einem<br \/>Park-and-Ride-Zone, siehe <a href=\"https:\/\/stad.gent\/nl\/mobiliteit-openbare-werken\/mobiliteit-openbare-werken\/park-and-ride-pr\" target=\"_blank\" rel=\"noopener\">dieser Link<\/a>.<\/p><p>Bei Fragen senden Sie bitte eine E-Mail an <a href=\"mailto:info@parkhotelgent.be\">info@parkhotelgent.be<\/a>.<\/p>\t\t\t\t\t\t\t\t<\/div>\n\t\t\t\t<\/div>\n\t\t\t\t\t<\/div>\n\t\t<\/div>\n\t\t\t\t<div class=\"elementor-column elementor-col-50 elementor-top-column elementor-element elementor-element-13eb513\" data-id=\"13eb513\" data-element_type=\"column\">\n\t\t\t<div class=\"elementor-widget-wrap elementor-element-populated\">\n\t\t\t\t\t\t<div class=\"elementor-element elementor-element-ce3c218 elementor-widget elementor-widget-gallery\" data-id=\"ce3c218\" data-element_type=\"widget\" data-settings=\"{&quot;gallery_layout&quot;:&quot;masonry&quot;,&quot;columns&quot;:2,&quot;columns_tablet&quot;:2,&quot;columns_mobile&quot;:1,&quot;gap&quot;:{&quot;unit&quot;:&quot;px&quot;,&quot;size&quot;:10,&quot;sizes&quot;:[]},&quot;gap_tablet&quot;:{&quot;unit&quot;:&quot;px&quot;,&quot;size&quot;:10,&quot;sizes&quot;:[]},&quot;gap_mobile&quot;:{&quot;unit&quot;:&quot;px&quot;,&quot;size&quot;:10,&quot;sizes&quot;:[]},&quot;link_to&quot;:&quot;file&quot;,&quot;overlay_background&quot;:&quot;yes&quot;,&quot;content_hover_animation&quot;:&quot;fade-in&quot;}\" data-widget_type=\"gallery.default\">\n\t\t\t\t<div class=\"elementor-widget-container\">\n\t\t\t\t\t\t\t<div class=\"elementor-gallery__container\">\n\t\t\t\t\t\t\t<a class=\"e-gallery-item elementor-gallery-item elementor-animated-content\" href=\"https:\/\/parkhotelgent.be\/wp-content\/uploads\/2020\/07\/Gevel-vooraanzicht.jpg\" data-elementor-open-lightbox=\"yes\" data-elementor-lightbox-slideshow=\"ce3c218\" data-elementor-lightbox-title=\"Gevel vooraanzicht\" data-e-action-hash=\"#elementor-action%3Aaction%3Dlightbox%26settings%3DeyJpZCI6Nzk5LCJ1cmwiOiJodHRwczpcL1wvcGFya2hvdGVsZ2VudC5iZVwvd3AtY29udGVudFwvdXBsb2Fkc1wvMjAyMFwvMDdcL0dldmVsLXZvb3JhYW56aWNodC5qcGciLCJzbGlkZXNob3ciOiJjZTNjMjE4In0%3D\">\n\t\t\t\t\t<div class=\"e-gallery-image elementor-gallery-item__image\" data-thumbnail=\"https:\/\/parkhotelgent.be\/wp-content\/uploads\/2020\/07\/Gevel-vooraanzicht-300x287.jpg\" data-width=\"300\" data-height=\"287\" aria-label=\"\" role=\"img\" ><\/div>\n\t\t\t\t\t\t\t\t\t\t\t<div class=\"elementor-gallery-item__overlay\"><\/div>\n\t\t\t\t\t\t\t\t\t\t\t\t\t\t<\/a>\n\t\t\t\t\t\t\t<a class=\"e-gallery-item elementor-gallery-item elementor-animated-content\" href=\"https:\/\/parkhotelgent.be\/wp-content\/uploads\/2020\/07\/hal-trap-1-verdiep-voorgebouw.jpg\" data-elementor-open-lightbox=\"yes\" data-elementor-lightbox-slideshow=\"ce3c218\" data-elementor-lightbox-title=\"hal trap 1 verdiep voorgebouw\" data-e-action-hash=\"#elementor-action%3Aaction%3Dlightbox%26settings%3DeyJpZCI6ODAyLCJ1cmwiOiJodHRwczpcL1wvcGFya2hvdGVsZ2VudC5iZVwvd3AtY29udGVudFwvdXBsb2Fkc1wvMjAyMFwvMDdcL2hhbC10cmFwLTEtdmVyZGllcC12b29yZ2Vib3V3LmpwZyIsInNsaWRlc2hvdyI6ImNlM2MyMTgifQ%3D%3D\">\n\t\t\t\t\t<div class=\"e-gallery-image elementor-gallery-item__image\" data-thumbnail=\"https:\/\/parkhotelgent.be\/wp-content\/uploads\/2020\/07\/hal-trap-1-verdiep-voorgebouw-200x300.jpg\" data-width=\"200\" data-height=\"300\" aria-label=\"\" role=\"img\" ><\/div>\n\t\t\t\t\t\t\t\t\t\t\t<div class=\"elementor-gallery-item__overlay\"><\/div>\n\t\t\t\t\t\t\t\t\t\t\t\t\t\t<\/a>\n\t\t\t\t\t\t\t<a class=\"e-gallery-item elementor-gallery-item elementor-animated-content\" href=\"https:\/\/parkhotelgent.be\/wp-content\/uploads\/2020\/07\/Receptie-bar.jpg\" data-elementor-open-lightbox=\"yes\" data-elementor-lightbox-slideshow=\"ce3c218\" data-elementor-lightbox-title=\"Receptie + bar\" data-e-action-hash=\"#elementor-action%3Aaction%3Dlightbox%26settings%3DeyJpZCI6NzgzLCJ1cmwiOiJodHRwczpcL1wvcGFya2hvdGVsZ2VudC5iZVwvd3AtY29udGVudFwvdXBsb2Fkc1wvMjAyMFwvMDdcL1JlY2VwdGllLWJhci5qcGciLCJzbGlkZXNob3ciOiJjZTNjMjE4In0%3D\">\n\t\t\t\t\t<div class=\"e-gallery-image elementor-gallery-item__image\" data-thumbnail=\"https:\/\/parkhotelgent.be\/wp-content\/uploads\/2020\/07\/Receptie-bar-300x146.jpg\" data-width=\"300\" data-height=\"146\" aria-label=\"\" role=\"img\" ><\/div>\n\t\t\t\t\t\t\t\t\t\t\t<div class=\"elementor-gallery-item__overlay\"><\/div>\n\t\t\t\t\t\t\t\t\t\t\t\t\t\t<\/a>\n\t\t\t\t\t\t\t<a class=\"e-gallery-item elementor-gallery-item elementor-animated-content\" href=\"https:\/\/parkhotelgent.be\/wp-content\/uploads\/2020\/07\/hal-trap-naarr-2-verdiep-voorgebouw.jpg\" data-elementor-open-lightbox=\"yes\" data-elementor-lightbox-slideshow=\"ce3c218\" data-elementor-lightbox-title=\"hal trap naarr 2 verdiep voorgebouw\" data-e-action-hash=\"#elementor-action%3Aaction%3Dlightbox%26settings%3DeyJpZCI6ODA1LCJ1cmwiOiJodHRwczpcL1wvcGFya2hvdGVsZ2VudC5iZVwvd3AtY29udGVudFwvdXBsb2Fkc1wvMjAyMFwvMDdcL2hhbC10cmFwLW5hYXJyLTItdmVyZGllcC12b29yZ2Vib3V3LmpwZyIsInNsaWRlc2hvdyI6ImNlM2MyMTgifQ%3D%3D\">\n\t\t\t\t\t<div class=\"e-gallery-image elementor-gallery-item__image\" data-thumbnail=\"https:\/\/parkhotelgent.be\/wp-content\/uploads\/2020\/07\/hal-trap-naarr-2-verdiep-voorgebouw-300x200.jpg\" data-width=\"300\" data-height=\"200\" aria-label=\"\" role=\"img\" ><\/div>\n\t\t\t\t\t\t\t\t\t\t\t<div class=\"elementor-gallery-item__overlay\"><\/div>\n\t\t\t\t\t\t\t\t\t\t\t\t\t\t<\/a>\n\t\t\t\t\t\t\t<a class=\"e-gallery-item elementor-gallery-item elementor-animated-content\" href=\"https:\/\/parkhotelgent.be\/wp-content\/uploads\/2020\/07\/25322581.jpg\" data-elementor-open-lightbox=\"yes\" data-elementor-lightbox-slideshow=\"ce3c218\" data-elementor-lightbox-title=\"25322581\" data-e-action-hash=\"#elementor-action%3Aaction%3Dlightbox%26settings%3DeyJpZCI6NzU1LCJ1cmwiOiJodHRwczpcL1wvcGFya2hvdGVsZ2VudC5iZVwvd3AtY29udGVudFwvdXBsb2Fkc1wvMjAyMFwvMDdcLzI1MzIyNTgxLmpwZyIsInNsaWRlc2hvdyI6ImNlM2MyMTgifQ%3D%3D\">\n\t\t\t\t\t<div class=\"e-gallery-image elementor-gallery-item__image\" data-thumbnail=\"https:\/\/parkhotelgent.be\/wp-content\/uploads\/2020\/07\/25322581-200x300.jpg\" data-width=\"200\" data-height=\"300\" aria-label=\"\" role=\"img\" ><\/div>\n\t\t\t\t\t\t\t\t\t\t\t<div class=\"elementor-gallery-item__overlay\"><\/div>\n\t\t\t\t\t\t\t\t\t\t\t\t\t\t<\/a>\n\t\t\t\t\t\t\t<a class=\"e-gallery-item elementor-gallery-item elementor-animated-content\" href=\"https:\/\/parkhotelgent.be\/wp-content\/uploads\/2020\/07\/25322834.jpg\" data-elementor-open-lightbox=\"yes\" data-elementor-lightbox-slideshow=\"ce3c218\" data-elementor-lightbox-title=\"25322834\" data-e-action-hash=\"#elementor-action%3Aaction%3Dlightbox%26settings%3DeyJpZCI6NzYyLCJ1cmwiOiJodHRwczpcL1wvcGFya2hvdGVsZ2VudC5iZVwvd3AtY29udGVudFwvdXBsb2Fkc1wvMjAyMFwvMDdcLzI1MzIyODM0LmpwZyIsInNsaWRlc2hvdyI6ImNlM2MyMTgifQ%3D%3D\">\n\t\t\t\t\t<div class=\"e-gallery-image elementor-gallery-item__image\" data-thumbnail=\"https:\/\/parkhotelgent.be\/wp-content\/uploads\/2020\/07\/25322834-300x200.jpg\" data-width=\"300\" data-height=\"200\" aria-label=\"\" role=\"img\" ><\/div>\n\t\t\t\t\t\t\t\t\t\t\t<div class=\"elementor-gallery-item__overlay\"><\/div>\n\t\t\t\t\t\t\t\t\t\t\t\t\t\t<\/a>\n\t\t\t\t\t<\/div>\n\t\t\t\t\t<\/div>\n\t\t\t\t<\/div>\n\t\t\t\t\t<\/div>\n\t\t<\/div>\n\t\t\t\t\t<\/div>\n\t\t<\/section>\n\t\t\t\t<\/div>","protected":false},"excerpt":{"rendered":"<p>Willkommen im Parkhotel Logeer im Herzen von Gent. Das Parkhotel ist ein komplett renoviertes, trendiges Hotel, in dem Sie pers\u00f6nlich willkommen gehei\u00dfen werden. Das komplett renovierte Hotel hat seit Januar 2010 seine Pforten ge\u00f6ffnet. In den Zimmern und in der Bar finden Sie allen modernen Komfort. In der Bar genie\u00dfen Sie [\u2026]<\/p>","protected":false},"author":1,"featured_media":0,"parent":0,"menu_order":3,"comment_status":"closed","ping_status":"closed","template":"elementor_header_footer","meta":{"footnotes":""},"class_list":["post-1438","page","type-page","status-publish","hentry"],"_links":{"self":[{"href":"https:\/\/parkhotelgent.be\/de\/wp-json\/wp\/v2\/pages\/1438","targetHints":{"allow":["GET"]}}],"collection":[{"href":"https:\/\/parkhotelgent.be\/de\/wp-json\/wp\/v2\/pages"}],"about":[{"href":"https:\/\/parkhotelgent.be\/de\/wp-json\/wp\/v2\/types\/page"}],"author":[{"embeddable":true,"href":"https:\/\/parkhotelgent.be\/de\/wp-json\/wp\/v2\/users\/1"}],"replies":[{"embeddable":true,"href":"https:\/\/parkhotelgent.be\/de\/wp-json\/wp\/v2\/comments?post=1438"}],"version-history":[{"count":0,"href":"https:\/\/parkhotelgent.be\/de\/wp-json\/wp\/v2\/pages\/1438\/revisions"}],"wp:attachment":[{"href":"https:\/\/parkhotelgent.be\/de\/wp-json\/wp\/v2\/media?parent=1438"}],"curies":[{"name":"wp","href":"https:\/\/api.w.org\/{rel}","templated":true}]}}