{"id":16,"date":"2020-05-14T19:14:10","date_gmt":"2020-05-14T19:14:10","guid":{"rendered":"http:\/\/schrijnwerkerij.galia.be\/?page_id=16"},"modified":"2020-10-30T14:48:49","modified_gmt":"2020-10-30T14:48:49","slug":"promoties","status":"publish","type":"page","link":"https:\/\/parkhotelgent.be\/de\/promoties\/","title":{"rendered":"Werbeaktionen"},"content":{"rendered":"<div data-elementor-type=\"wp-page\" data-elementor-id=\"16\" class=\"elementor elementor-16\" data-elementor-post-type=\"page\">\n\t\t\t\t\t\t<section class=\"elementor-section elementor-top-section elementor-element elementor-element-2da2c02 elementor-section-full_width elementor-section-content-bottom elementor-section-height-default elementor-section-height-default\" data-id=\"2da2c02\" data-element_type=\"section\">\n\t\t\t\t\t\t<div class=\"elementor-container elementor-column-gap-no\">\n\t\t\t\t\t<div class=\"elementor-column elementor-col-100 elementor-top-column elementor-element elementor-element-1a42f1a\" data-id=\"1a42f1a\" data-element_type=\"column\">\n\t\t\t<div class=\"elementor-widget-wrap elementor-element-populated\">\n\t\t\t\t\t\t<div class=\"elementor-element elementor-element-399096a elementor--h-position-center elementor--v-position-middle elementor-widget elementor-widget-slides\" data-id=\"399096a\" data-element_type=\"widget\" data-settings=\"{&quot;navigation&quot;:&quot;none&quot;,&quot;transition&quot;:&quot;fade&quot;,&quot;transition_speed&quot;:500}\" data-widget_type=\"slides.default\">\n\t\t\t\t<div class=\"elementor-widget-container\">\n\t\t\t\t\t\t\t\t\t<div class=\"elementor-swiper\">\n\t\t\t\t\t<div class=\"elementor-slides-wrapper elementor-main-swiper swiper\" role=\"region\" aria-roledescription=\"carousel\" aria-label=\"Slider\" dir=\"ltr\" data-animation=\"\" data-no-translation-aria-label=\"\">\n\t\t\t\t<div class=\"swiper-wrapper elementor-slides\">\n\t\t\t\t\t\t\t\t\t\t<div class=\"elementor-repeater-item-9a7e4a5 swiper-slide\" role=\"group\" aria-roledescription=\"slide\"><div class=\"swiper-slide-bg\" role=\"img\" aria-label=\"AdobeStock_178255351 (2)\"><\/div><div class=\"elementor-background-overlay\"><\/div><div class=\"swiper-slide-inner\" ><div class=\"swiper-slide-contents\"><div class=\"elementor-slide-heading\">Promotions &amp;<br\/>Arrangements<\/div><\/div><\/div><\/div>\t\t\t\t<\/div>\n\t\t\t\t\t\t\t<\/div>\n\t\t\t\t<\/div>\n\t\t\t\t\t\t\t\t<\/div>\n\t\t\t\t<\/div>\n\t\t\t\t\t<\/div>\n\t\t<\/div>\n\t\t\t\t\t<\/div>\n\t\t<\/section>\n\t\t\t\t<section class=\"elementor-section elementor-top-section elementor-element elementor-element-aaa4d99 elementor-section-boxed elementor-section-height-default elementor-section-height-default\" data-id=\"aaa4d99\" data-element_type=\"section\" data-settings=\"{&quot;background_background&quot;:&quot;classic&quot;}\">\n\t\t\t\t\t\t<div class=\"elementor-container elementor-column-gap-wide\">\n\t\t\t\t\t<div class=\"elementor-column elementor-col-100 elementor-top-column elementor-element elementor-element-633f83d\" data-id=\"633f83d\" data-element_type=\"column\">\n\t\t\t<div class=\"elementor-widget-wrap elementor-element-populated\">\n\t\t\t\t\t\t<div class=\"elementor-element elementor-element-6378bf5 elementor-widget elementor-widget-uael-posts\" data-id=\"6378bf5\" data-element_type=\"widget\" data-settings=\"{&quot;feed_slides_to_show_tablet&quot;:2,&quot;feed_slides_to_show_mobile&quot;:1,&quot;feed_show_filters&quot;:&quot;no&quot;}\" data-widget_type=\"uael-posts.feed\">\n\t\t\t\t<div class=\"elementor-widget-container\">\n\t\t\t\t\t\t\t<div class=\"uael-post__header\">\n\t\t\t\t\t<\/div>\n\t\t<div class=\"uael-post__body\">\n\t\t\t\n\t\t\n\t\t<div class=\"uael-post-grid uael-posts\" data-query-type=\"custom\" data-structure=\"\" data-layout=\"\" data-page=\"16\" data-skin=\"feed\" data-filter-default=\"\" data-offset-top=\"30\" >\n\n\t\t\t\t\t\t\t<div class=\"uael-post-grid__inner uael-post__columns-1 uael-post__columns-tablet-1 uael-post__columns-mobile-1\">\n\t\t\t\n\n<div class=\"uael-post-wrapper  export promoties\">\n\n\t<div class=\"uael-post__bg-wrap\">\n\t\t\n\t\t\n\t\t<div class=\"uael-post__inner-wrap\">\n\n\t\t\t\t<div class=\"uael-post__thumbnail\">\n\t\t\t\n\t\t\t<a href=\"https:\/\/parkhotelgent.be\/de\/promoties\/fietsarrangement-superdeal-nu-aan-109-e-ontbijt-inbegrepen\/\" target=\"_self\" title=\"Radpaket: Superangebot ab 139 \u20ac, inklusive Fr\u00fchst\u00fcck\"><img fetchpriority=\"high\" decoding=\"async\" width=\"768\" height=\"513\" src=\"https:\/\/parkhotelgent.be\/wp-content\/uploads\/2020\/10\/CityCyclingGent-390-43-768x513.jpg\" class=\"attachment-medium_large size-medium_large wp-image-1740\" alt=\"\" srcset=\"https:\/\/parkhotelgent.be\/wp-content\/uploads\/2020\/10\/CityCyclingGent-390-43-768x513.jpg 768w, https:\/\/parkhotelgent.be\/wp-content\/uploads\/2020\/10\/CityCyclingGent-390-43-300x200.jpg 300w, https:\/\/parkhotelgent.be\/wp-content\/uploads\/2020\/10\/CityCyclingGent-390-43-1024x684.jpg 1024w, https:\/\/parkhotelgent.be\/wp-content\/uploads\/2020\/10\/CityCyclingGent-390-43-1536x1025.jpg 1536w, https:\/\/parkhotelgent.be\/wp-content\/uploads\/2020\/10\/CityCyclingGent-390-43.jpg 1618w\" sizes=\"(max-width: 768px) 100vw, 768px\" \/><\/a>\n\t\t\t\t\t<\/div>\n\t\t\n\t\t\t\n\t\t\t<div class=\"uael-post__content-wrap\">\n\n\t\t\t\t\t<h3 class=\"uael-post__title\">\n\n\t\t\n\t\t\t\t\t\t<a href=\"https:\/\/parkhotelgent.be\/de\/promoties\/fietsarrangement-superdeal-nu-aan-109-e-ontbijt-inbegrepen\/\" target=\"_self\">\n\t\t\t\tRadpaket: Superangebot ab 139 \u20ac, inklusive Fr\u00fchst\u00fcck\t\t\t<\/a>\n\n\t\t\t\t<\/h3>\n\t\t<div class=\"uael-post__separator\"><\/div>\n\t\t<div class=\"uael-post__excerpt\">\n\t\t\tBei der Buchung dieses Pakets ist folgendes inklusive: \u00dcbernachtung im Standardzimmer. Kostenloses Fahrrad f\u00fcr 1 Tag. Das Fahrrad steht Ihnen ab 11:00 Uhr des Anreisetages bis 11:00 Uhr des Folgetages zur Verf\u00fcgung. Kostenlose Fahrradkarte Gent. 2 kostenlose Flaschen Wasser im Zimmer. Mit dem Fahrradticket radeln Sie durch Gent ...\t\t<\/div>\n\n\t\t\t\t\t<a class=\"uael-post__read-more elementor-button\" href=\"https:\/\/parkhotelgent.be\/de\/promoties\/fietsarrangement-superdeal-nu-aan-109-e-ontbijt-inbegrepen\/\" target=\"_self\" aria-labelledby=\"uael-post-1739\">\n\t\t\t\t\t<span class=\"elementor-button-content-wrapper\">\n\t\t\t\t\t\t\t\t\t\t\t\t\t\t<span class=\"elementor-button-icon elementor-align-icon-left\">\n\n\t\t\t\t\t\t\t\t\t\n\t\t\t\t\t\t\t\t<\/span>\n\t\t\t\t\t\t\t\t\t\t\t\t\t\n\t\t\t\t\t\t<span class=\"elementor-button-text\" id=\"uael-post-1739\">Weitere Infos \u2192<\/span>\n\t\t\t\t\t<\/span>\n\t\t\t\t<\/a>\n\t\t\t\t\t\t<\/div>\n\t\t\t\n\t\t<\/div>\n\t\t\n\t<\/div>\n\n<\/div>\n\n\n<div class=\"uael-post-wrapper  homepagina promoties\">\n\n\t<div class=\"uael-post__bg-wrap\">\n\t\t\n\t\t\n\t\t<div class=\"uael-post__inner-wrap\">\n\n\t\t\t\t<div class=\"uael-post__thumbnail\">\n\t\t\t\n\t\t\t<a href=\"https:\/\/parkhotelgent.be\/de\/promoties\/romantisch-arrangement-superdeal\/\" target=\"_self\" title=\"Romantisches Paket\"><img decoding=\"async\" width=\"640\" height=\"400\" src=\"https:\/\/parkhotelgent.be\/wp-content\/uploads\/2020\/07\/Valentijn-romantisch-arrangement.png\" class=\"attachment-medium_large size-medium_large wp-image-1105\" alt=\"\" srcset=\"https:\/\/parkhotelgent.be\/wp-content\/uploads\/2020\/07\/Valentijn-romantisch-arrangement.png 640w, https:\/\/parkhotelgent.be\/wp-content\/uploads\/2020\/07\/Valentijn-romantisch-arrangement-300x188.png 300w\" sizes=\"(max-width: 640px) 100vw, 640px\" \/><\/a>\n\t\t\t\t\t<\/div>\n\t\t\n\t\t\t\n\t\t\t<div class=\"uael-post__content-wrap\">\n\n\t\t\t\t\t<h3 class=\"uael-post__title\">\n\n\t\t\n\t\t\t\t\t\t<a href=\"https:\/\/parkhotelgent.be\/de\/promoties\/romantisch-arrangement-superdeal\/\" target=\"_self\">\n\t\t\t\tRomantisches Paket\t\t\t<\/a>\n\n\t\t\t\t<\/h3>\n\t\t<div class=\"uael-post__separator\"><\/div>\n\t\t<div class=\"uael-post__excerpt\">\n\t\t\tSuper-Angebot ab 139 \u20ac. Genie\u00dfen Sie mit Ihrem Liebsten einen romantischen Aufenthalt in Gent. Erleben Sie Gent und \u00fcbernachten Sie mit Ihrem Partner im Parkhotel in der N\u00e4he des historischen Zentrums von Gent. Sie \u00fcbernachten in einem Komfortzimmer, ausgestattet mit WLAN, Flachbildfernseher und eigenem Bad. Nach dem Einchecken k\u00f6nnen Sie genie\u00dfen ...\t\t<\/div>\n\n\t\t\t\t\t<a class=\"uael-post__read-more elementor-button\" href=\"https:\/\/parkhotelgent.be\/de\/promoties\/romantisch-arrangement-superdeal\/\" target=\"_self\" aria-labelledby=\"uael-post-1727\">\n\t\t\t\t\t<span class=\"elementor-button-content-wrapper\">\n\t\t\t\t\t\t\t\t\t\t\t\t\t\t<span class=\"elementor-button-icon elementor-align-icon-left\">\n\n\t\t\t\t\t\t\t\t\t\n\t\t\t\t\t\t\t\t<\/span>\n\t\t\t\t\t\t\t\t\t\t\t\t\t\n\t\t\t\t\t\t<span class=\"elementor-button-text\" id=\"uael-post-1727\">Weitere Infos \u2192<\/span>\n\t\t\t\t\t<\/span>\n\t\t\t\t<\/a>\n\t\t\t\t\t\t<\/div>\n\t\t\t\n\t\t<\/div>\n\t\t\n\t<\/div>\n\n<\/div>\n\n\n<div class=\"uael-post-wrapper  homepagina promoties\">\n\n\t<div class=\"uael-post__bg-wrap\">\n\t\t\n\t\t\n\t\t<div class=\"uael-post__inner-wrap\">\n\n\t\t\t\t<div class=\"uael-post__thumbnail\">\n\t\t\t\n\t\t\t<a href=\"https:\/\/parkhotelgent.be\/de\/promoties\/frietarrangement\/\" target=\"_self\" title=\"Aktion: \u00dcbernachtung und belgische Pommes ab 129 \u20ac\"><img decoding=\"async\" width=\"768\" height=\"685\" src=\"https:\/\/parkhotelgent.be\/wp-content\/uploads\/2020\/05\/filip-in-frituur-voor-op-website-768x685.jpg\" class=\"attachment-medium_large size-medium_large wp-image-860\" alt=\"\" srcset=\"https:\/\/parkhotelgent.be\/wp-content\/uploads\/2020\/05\/filip-in-frituur-voor-op-website-768x685.jpg 768w, https:\/\/parkhotelgent.be\/wp-content\/uploads\/2020\/05\/filip-in-frituur-voor-op-website-300x268.jpg 300w, https:\/\/parkhotelgent.be\/wp-content\/uploads\/2020\/05\/filip-in-frituur-voor-op-website-1024x914.jpg 1024w, https:\/\/parkhotelgent.be\/wp-content\/uploads\/2020\/05\/filip-in-frituur-voor-op-website-1536x1371.jpg 1536w, https:\/\/parkhotelgent.be\/wp-content\/uploads\/2020\/05\/filip-in-frituur-voor-op-website.jpg 1700w\" sizes=\"(max-width: 768px) 100vw, 768px\" \/><\/a>\n\t\t\t\t\t<\/div>\n\t\t\n\t\t\t\n\t\t\t<div class=\"uael-post__content-wrap\">\n\n\t\t\t\t\t<h3 class=\"uael-post__title\">\n\n\t\t\n\t\t\t\t\t\t<a href=\"https:\/\/parkhotelgent.be\/de\/promoties\/frietarrangement\/\" target=\"_self\">\n\t\t\t\tAktion: \u00dcbernachtung und belgische Pommes ab 129 \u20ac\t\t\t<\/a>\n\n\t\t\t\t<\/h3>\n\t\t<div class=\"uael-post__separator\"><\/div>\n\t\t<div class=\"uael-post__excerpt\">\n\t\t\tSie sollten diese Promo nicht verpassen, wenn Sie k\u00f6stliche Belviva-Pommes von uns m\u00f6gen. Unser Angebot beinhaltet: 1 Nacht in einem Standardzimmer mit Fr\u00fchst\u00fcck, eine Packung Pommes Frites von Filip mit Sauce und ein St\u00fcck Fleisch Ihrer Wahl pro Person. Die besten Pommes in Gent !!!\t\t<\/div>\n\n\t\t\t\t\t<a class=\"uael-post__read-more elementor-button\" href=\"https:\/\/parkhotelgent.be\/de\/promoties\/frietarrangement\/\" target=\"_self\" aria-labelledby=\"uael-post-877\">\n\t\t\t\t\t<span class=\"elementor-button-content-wrapper\">\n\t\t\t\t\t\t\t\t\t\t\t\t\t\t<span class=\"elementor-button-icon elementor-align-icon-left\">\n\n\t\t\t\t\t\t\t\t\t\n\t\t\t\t\t\t\t\t<\/span>\n\t\t\t\t\t\t\t\t\t\t\t\t\t\n\t\t\t\t\t\t<span class=\"elementor-button-text\" id=\"uael-post-877\">Weitere Infos \u2192<\/span>\n\t\t\t\t\t<\/span>\n\t\t\t\t<\/a>\n\t\t\t\t\t\t<\/div>\n\t\t\t\n\t\t<\/div>\n\t\t\n\t<\/div>\n\n<\/div>\n\n\n<div class=\"uael-post-wrapper  arrangementen\">\n\n\t<div class=\"uael-post__bg-wrap\">\n\t\t\n\t\t\n\t\t<div class=\"uael-post__inner-wrap\">\n\n\t\t\t\t<div class=\"uael-post__thumbnail\">\n\t\t\t\n\t\t\t<a href=\"https:\/\/parkhotelgent.be\/de\/arrangementen\/gent-4-daags-arrangement\/\" target=\"_self\" title=\"Gent 4-Tages-Paket ab 450 \u20ac\"><img loading=\"lazy\" decoding=\"async\" width=\"768\" height=\"377\" src=\"https:\/\/parkhotelgent.be\/wp-content\/uploads\/2020\/07\/gent-local-768x377.jpg\" class=\"attachment-medium_large size-medium_large wp-image-1168\" alt=\"\" srcset=\"https:\/\/parkhotelgent.be\/wp-content\/uploads\/2020\/07\/gent-local-768x377.jpg 768w, https:\/\/parkhotelgent.be\/wp-content\/uploads\/2020\/07\/gent-local-300x147.jpg 300w, https:\/\/parkhotelgent.be\/wp-content\/uploads\/2020\/07\/gent-local.jpg 794w\" sizes=\"(max-width: 768px) 100vw, 768px\" \/><\/a>\n\t\t\t\t\t<\/div>\n\t\t\n\t\t\t\n\t\t\t<div class=\"uael-post__content-wrap\">\n\n\t\t\t\t\t<h3 class=\"uael-post__title\">\n\n\t\t\n\t\t\t\t\t\t<a href=\"https:\/\/parkhotelgent.be\/de\/arrangementen\/gent-4-daags-arrangement\/\" target=\"_self\">\n\t\t\t\tGent 4-Tages-Paket ab 450 \u20ac\t\t\t<\/a>\n\n\t\t\t\t<\/h3>\n\t\t<div class=\"uael-post__separator\"><\/div>\n\t\t<div class=\"uael-post__excerpt\">\n\t\t\tBeginnen Sie Ihren Aufenthalt in Gent gut. Gestalten Sie Ihren Aufenthalt in Gent ganz nach Ihrem Geschmack. Mit dem 4-Tages-Paket l\u00e4sst sich Gent einfach und \u00fcbersichtlich besichtigen. Sie erhalten einen praktischen Stadtplan zum Ausklappen und alle Informationen zu den CityCard-Vorteilen. Das 4-Tages-Paket f\u00fcr Gent ist ein All-in-Erlebnis in Gent. Du ...\t\t<\/div>\n\n\t\t\t\t\t<a class=\"uael-post__read-more elementor-button\" href=\"https:\/\/parkhotelgent.be\/de\/arrangementen\/gent-4-daags-arrangement\/\" target=\"_self\" aria-labelledby=\"uael-post-1167\">\n\t\t\t\t\t<span class=\"elementor-button-content-wrapper\">\n\t\t\t\t\t\t\t\t\t\t\t\t\t\t<span class=\"elementor-button-icon elementor-align-icon-left\">\n\n\t\t\t\t\t\t\t\t\t\n\t\t\t\t\t\t\t\t<\/span>\n\t\t\t\t\t\t\t\t\t\t\t\t\t\n\t\t\t\t\t\t<span class=\"elementor-button-text\" id=\"uael-post-1167\">Weitere Infos \u2192<\/span>\n\t\t\t\t\t<\/span>\n\t\t\t\t<\/a>\n\t\t\t\t\t\t<\/div>\n\t\t\t\n\t\t<\/div>\n\t\t\n\t<\/div>\n\n<\/div>\n\n\n<div class=\"uael-post-wrapper  arrangementen\">\n\n\t<div class=\"uael-post__bg-wrap\">\n\t\t\n\t\t\n\t\t<div class=\"uael-post__inner-wrap\">\n\n\t\t\t\t<div class=\"uael-post__thumbnail\">\n\t\t\t\n\t\t\t<a href=\"https:\/\/parkhotelgent.be\/de\/arrangementen\/gent-cultuurarrangement-e189\/\" target=\"_self\" title=\"Genter Kulturpaket ab 249 \u20ac\"><img loading=\"lazy\" decoding=\"async\" width=\"550\" height=\"413\" src=\"https:\/\/parkhotelgent.be\/wp-content\/uploads\/2020\/07\/incredible-views.jpg\" class=\"attachment-medium_large size-medium_large wp-image-1162\" alt=\"\" srcset=\"https:\/\/parkhotelgent.be\/wp-content\/uploads\/2020\/07\/incredible-views.jpg 550w, https:\/\/parkhotelgent.be\/wp-content\/uploads\/2020\/07\/incredible-views-300x225.jpg 300w\" sizes=\"(max-width: 550px) 100vw, 550px\" \/><\/a>\n\t\t\t\t\t<\/div>\n\t\t\n\t\t\t\n\t\t\t<div class=\"uael-post__content-wrap\">\n\n\t\t\t\t\t<h3 class=\"uael-post__title\">\n\n\t\t\n\t\t\t\t\t\t<a href=\"https:\/\/parkhotelgent.be\/de\/arrangementen\/gent-cultuurarrangement-e189\/\" target=\"_self\">\n\t\t\t\tGenter Kulturpaket ab 249 \u20ac\t\t\t<\/a>\n\n\t\t\t\t<\/h3>\n\t\t<div class=\"uael-post__separator\"><\/div>\n\t\t<div class=\"uael-post__excerpt\">\n\t\t\t2 Tage in Gent. Einzigartig in Europa, keine leeren Worte. Erleben, schmecken und f\u00fchlen Sie das lebendige Gent zu \u00fcberraschend g\u00fcnstigen Preisen. Mit dem Kulturpaket haben Sie Zugang zu allen Top-Attraktionen in Gent, einschlie\u00dflich der \u00f6ffentlichen Verkehrsmittel. Kurz gesagt: Mit diesem Paket schonen Sie Ihren Geldbeutel w\u00e4hrend Ihres gesamten St\u00e4dtetrips. Maximum Gent gegen ...\t\t<\/div>\n\n\t\t\t\t\t<a class=\"uael-post__read-more elementor-button\" href=\"https:\/\/parkhotelgent.be\/de\/arrangementen\/gent-cultuurarrangement-e189\/\" target=\"_self\" aria-labelledby=\"uael-post-1153\">\n\t\t\t\t\t<span class=\"elementor-button-content-wrapper\">\n\t\t\t\t\t\t\t\t\t\t\t\t\t\t<span class=\"elementor-button-icon elementor-align-icon-left\">\n\n\t\t\t\t\t\t\t\t\t\n\t\t\t\t\t\t\t\t<\/span>\n\t\t\t\t\t\t\t\t\t\t\t\t\t\n\t\t\t\t\t\t<span class=\"elementor-button-text\" id=\"uael-post-1153\">Weitere Infos \u2192<\/span>\n\t\t\t\t\t<\/span>\n\t\t\t\t<\/a>\n\t\t\t\t\t\t<\/div>\n\t\t\t\n\t\t<\/div>\n\t\t\n\t<\/div>\n\n<\/div>\n\n\n<div class=\"uael-post-wrapper  arrangementen homepagina\">\n\n\t<div class=\"uael-post__bg-wrap\">\n\t\t\n\t\t\n\t\t<div class=\"uael-post__inner-wrap\">\n\n\t\t\t\t<div class=\"uael-post__thumbnail\">\n\t\t\t\n\t\t\t<a href=\"https:\/\/parkhotelgent.be\/de\/arrangementen\/winterfeesten-arrangement-129e\/\" target=\"_self\" title=\"Winterfeste vom 8. Dezember 2023 bis 22. Dezember 2023 Paket ab 149 \u20ac\"><img loading=\"lazy\" decoding=\"async\" width=\"768\" height=\"512\" src=\"https:\/\/parkhotelgent.be\/wp-content\/uploads\/2020\/07\/reuzenrad-768x512.jpg\" class=\"attachment-medium_large size-medium_large wp-image-1111\" alt=\"\" srcset=\"https:\/\/parkhotelgent.be\/wp-content\/uploads\/2020\/07\/reuzenrad-768x512.jpg 768w, https:\/\/parkhotelgent.be\/wp-content\/uploads\/2020\/07\/reuzenrad-300x200.jpg 300w, https:\/\/parkhotelgent.be\/wp-content\/uploads\/2020\/07\/reuzenrad-1024x683.jpg 1024w, https:\/\/parkhotelgent.be\/wp-content\/uploads\/2020\/07\/reuzenrad-1536x1024.jpg 1536w, https:\/\/parkhotelgent.be\/wp-content\/uploads\/2020\/07\/reuzenrad.jpg 1620w\" sizes=\"(max-width: 768px) 100vw, 768px\" \/><\/a>\n\t\t\t\t\t<\/div>\n\t\t\n\t\t\t\n\t\t\t<div class=\"uael-post__content-wrap\">\n\n\t\t\t\t\t<h3 class=\"uael-post__title\">\n\n\t\t\n\t\t\t\t\t\t<a href=\"https:\/\/parkhotelgent.be\/de\/arrangementen\/winterfeesten-arrangement-129e\/\" target=\"_self\">\n\t\t\t\tWinterfeste vom 8. Dezember 2023 bis 22. Dezember 2023 Paket ab 149 \u20ac\t\t\t<\/a>\n\n\t\t\t\t<\/h3>\n\t\t<div class=\"uael-post__separator\"><\/div>\n\t\t<div class=\"uael-post__excerpt\">\n\t\t\tSind Winterpartys nur f\u00fcr Erwachsene? Nichts k\u00f6nnte weiter von der Wahrheit entfernt sein! Die Genter Winterfeste bieten zahlreiche Aktivit\u00e4ten f\u00fcr jedermann und Unterhaltung f\u00fcr die Kleinen. Schweben Sie in einer der gro\u00dfen Weihnachtskugeln im beweglichen Sapin Magique oder f\u00fchlen Sie sich wie ein Riese, der vom Riesenrad \u00fcber die Stadt Gent fliegt \u2026\t\t<\/div>\n\n\t\t\t\t\t<a class=\"uael-post__read-more elementor-button\" href=\"https:\/\/parkhotelgent.be\/de\/arrangementen\/winterfeesten-arrangement-129e\/\" target=\"_self\" aria-labelledby=\"uael-post-1110\">\n\t\t\t\t\t<span class=\"elementor-button-content-wrapper\">\n\t\t\t\t\t\t\t\t\t\t\t\t\t\t<span class=\"elementor-button-icon elementor-align-icon-left\">\n\n\t\t\t\t\t\t\t\t\t\n\t\t\t\t\t\t\t\t<\/span>\n\t\t\t\t\t\t\t\t\t\t\t\t\t\n\t\t\t\t\t\t<span class=\"elementor-button-text\" id=\"uael-post-1110\">Weitere Infos \u2192<\/span>\n\t\t\t\t\t<\/span>\n\t\t\t\t<\/a>\n\t\t\t\t\t\t<\/div>\n\t\t\t\n\t\t<\/div>\n\t\t\n\t<\/div>\n\n<\/div>\n\n\n<div class=\"uael-post-wrapper  arrangementen\">\n\n\t<div class=\"uael-post__bg-wrap\">\n\t\t\n\t\t\n\t\t<div class=\"uael-post__inner-wrap\">\n\n\t\t\t\t<div class=\"uael-post__thumbnail\">\n\t\t\t\n\t\t\t<a href=\"https:\/\/parkhotelgent.be\/de\/arrangementen\/paasarrangement-189e\/\" target=\"_self\" title=\"Osterpaket ab 129 \u20ac\"><img loading=\"lazy\" decoding=\"async\" width=\"470\" height=\"279\" src=\"https:\/\/parkhotelgent.be\/wp-content\/uploads\/2020\/07\/2014-04-16-vrolijk-pasen.png\" class=\"attachment-medium_large size-medium_large wp-image-1121\" alt=\"\" srcset=\"https:\/\/parkhotelgent.be\/wp-content\/uploads\/2020\/07\/2014-04-16-vrolijk-pasen.png 470w, https:\/\/parkhotelgent.be\/wp-content\/uploads\/2020\/07\/2014-04-16-vrolijk-pasen-300x178.png 300w\" sizes=\"(max-width: 470px) 100vw, 470px\" \/><\/a>\n\t\t\t\t\t<\/div>\n\t\t\n\t\t\t\n\t\t\t<div class=\"uael-post__content-wrap\">\n\n\t\t\t\t\t<h3 class=\"uael-post__title\">\n\n\t\t\n\t\t\t\t\t\t<a href=\"https:\/\/parkhotelgent.be\/de\/arrangementen\/paasarrangement-189e\/\" target=\"_self\">\n\t\t\t\tOsterpaket ab 129 \u20ac\t\t\t<\/a>\n\n\t\t\t\t<\/h3>\n\t\t<div class=\"uael-post__separator\"><\/div>\n\t\t<div class=\"uael-post__excerpt\">\n\t\t\tDieses Angebot gilt f\u00fcr alle Reservierungen im Zeitraum vom 31. M\u00e4rz 2024 bis 15. April 2024. Sie \u00fcbernachten in einem Standardzimmer mit Fr\u00fchst\u00fcck f\u00fcr 2 Personen, die Zimmer sind ausgestattet mit einem eigenen Bad mit Dusche, F\u00f6hn, Waschbecken und Toilette, LED-TV mit in- und ausl\u00e4ndischen Sendern, Schreibtisch...\t\t<\/div>\n\n\t\t\t\t\t<a class=\"uael-post__read-more elementor-button\" href=\"https:\/\/parkhotelgent.be\/de\/arrangementen\/paasarrangement-189e\/\" target=\"_self\" aria-labelledby=\"uael-post-1119\">\n\t\t\t\t\t<span class=\"elementor-button-content-wrapper\">\n\t\t\t\t\t\t\t\t\t\t\t\t\t\t<span class=\"elementor-button-icon elementor-align-icon-left\">\n\n\t\t\t\t\t\t\t\t\t\n\t\t\t\t\t\t\t\t<\/span>\n\t\t\t\t\t\t\t\t\t\t\t\t\t\n\t\t\t\t\t\t<span class=\"elementor-button-text\" id=\"uael-post-1119\">Weitere Infos \u2192<\/span>\n\t\t\t\t\t<\/span>\n\t\t\t\t<\/a>\n\t\t\t\t\t\t<\/div>\n\t\t\t\n\t\t<\/div>\n\t\t\n\t<\/div>\n\n<\/div>\n\t\t\t\t<\/div>\n\t\t\t\t\t\t\n\t\t<\/div>\n\n\t\t\t\t\t\t<\/div>\n\t\t<div class=\"uael-post__footer\">\n\t\t\t\t\t<\/div>\n\t\t\t\t\t\t<\/div>\n\t\t\t\t<\/div>\n\t\t\t\t\t<\/div>\n\t\t<\/div>\n\t\t\t\t\t<\/div>\n\t\t<\/section>\n\t\t\t\t<\/div>","protected":false},"excerpt":{"rendered":"<p>Aktionen &amp; Pakete Romantischer Aufenthalt \u20ac 159,- Gent ist die ideale Stadt, um gemeinsam mit Ihren Liebsten zu entdecken, was gibt es Sch\u00f6neres, als Hand in Hand entlang der Uferpromenade zu schlendern und auf einer der vielen Terrassen zu verweilen. Nach einem sch\u00f6nen beleuchteten Abendspaziergang k\u00f6nnen Sie ein romantisches Abendessen [\u2026]<\/p>","protected":false},"author":1,"featured_media":0,"parent":0,"menu_order":16,"comment_status":"closed","ping_status":"closed","template":"","meta":{"footnotes":""},"class_list":["post-16","page","type-page","status-publish","hentry"],"_links":{"self":[{"href":"https:\/\/parkhotelgent.be\/de\/wp-json\/wp\/v2\/pages\/16","targetHints":{"allow":["GET"]}}],"collection":[{"href":"https:\/\/parkhotelgent.be\/de\/wp-json\/wp\/v2\/pages"}],"about":[{"href":"https:\/\/parkhotelgent.be\/de\/wp-json\/wp\/v2\/types\/page"}],"author":[{"embeddable":true,"href":"https:\/\/parkhotelgent.be\/de\/wp-json\/wp\/v2\/users\/1"}],"replies":[{"embeddable":true,"href":"https:\/\/parkhotelgent.be\/de\/wp-json\/wp\/v2\/comments?post=16"}],"version-history":[{"count":0,"href":"https:\/\/parkhotelgent.be\/de\/wp-json\/wp\/v2\/pages\/16\/revisions"}],"wp:attachment":[{"href":"https:\/\/parkhotelgent.be\/de\/wp-json\/wp\/v2\/media?parent=16"}],"curies":[{"name":"wp","href":"https:\/\/api.w.org\/{rel}","templated":true}]}}