{"id":2240,"date":"2021-12-30T21:11:16","date_gmt":"2021-12-30T21:11:16","guid":{"rendered":"https:\/\/parkhotelgent.be\/?page_id=2240"},"modified":"2021-12-31T16:51:01","modified_gmt":"2021-12-31T16:51:01","slug":"citycard-gent","status":"publish","type":"page","link":"https:\/\/parkhotelgent.be\/de\/citycard-gent\/","title":{"rendered":"CityCard Gent"},"content":{"rendered":"<div data-elementor-type=\"wp-page\" data-elementor-id=\"2240\" class=\"elementor elementor-2240\" data-elementor-post-type=\"page\">\n\t\t\t\t\t\t<section class=\"elementor-section elementor-top-section elementor-element elementor-element-3ea2197 elementor-section-boxed elementor-section-height-default elementor-section-height-default\" data-id=\"3ea2197\" data-element_type=\"section\" data-settings=\"{&quot;background_background&quot;:&quot;classic&quot;}\">\n\t\t\t\t\t\t<div class=\"elementor-container elementor-column-gap-wide\">\n\t\t\t\t\t<div class=\"elementor-column elementor-col-100 elementor-top-column elementor-element elementor-element-1729c28\" data-id=\"1729c28\" data-element_type=\"column\">\n\t\t\t<div class=\"elementor-widget-wrap elementor-element-populated\">\n\t\t\t\t\t\t<div class=\"elementor-element elementor-element-4fbd2cc elementor-widget elementor-widget-heading\" data-id=\"4fbd2cc\" data-element_type=\"widget\" data-widget_type=\"heading.default\">\n\t\t\t\t<div class=\"elementor-widget-container\">\n\t\t\t\t\t<h2 class=\"elementor-heading-title elementor-size-default\">CityCard Gent<\/h2>\t\t\t\t<\/div>\n\t\t\t\t<\/div>\n\t\t\t\t<div class=\"elementor-element elementor-element-20402c0 elementor-widget elementor-widget-image\" data-id=\"20402c0\" data-element_type=\"widget\" data-widget_type=\"image.default\">\n\t\t\t\t<div class=\"elementor-widget-container\">\n\t\t\t\t\t\t\t\t\t\t\t\t\t\t\t<img fetchpriority=\"high\" decoding=\"async\" width=\"768\" height=\"614\" src=\"https:\/\/parkhotelgent.be\/wp-content\/uploads\/2021\/12\/CityCard-Gent-map-768x614.jpg\" class=\"attachment-medium_large size-medium_large wp-image-2242\" alt=\"\" srcset=\"https:\/\/parkhotelgent.be\/wp-content\/uploads\/2021\/12\/CityCard-Gent-map-768x614.jpg 768w, https:\/\/parkhotelgent.be\/wp-content\/uploads\/2021\/12\/CityCard-Gent-map-300x240.jpg 300w, https:\/\/parkhotelgent.be\/wp-content\/uploads\/2021\/12\/CityCard-Gent-map-15x12.jpg 15w, https:\/\/parkhotelgent.be\/wp-content\/uploads\/2021\/12\/CityCard-Gent-map.jpg 840w\" sizes=\"(max-width: 768px) 100vw, 768px\" \/>\t\t\t\t\t\t\t\t\t\t\t\t\t\t\t<\/div>\n\t\t\t\t<\/div>\n\t\t\t\t<div class=\"elementor-element elementor-element-a1f1c24 elementor-widget elementor-widget-text-editor\" data-id=\"a1f1c24\" data-element_type=\"widget\" data-widget_type=\"text-editor.default\">\n\t\t\t\t<div class=\"elementor-widget-container\">\n\t\t\t\t\t\t\t\t\t<p>Gestalten Sie Ihr Wochenende ganz nach Ihrem Willen. Die CityCard Gent ist einfach und \u00fcbersichtlich zu bedienen. Sie erhalten einen praktischen erweiterbaren Stadtplan und alle Informationen zu den CityCard-Vorteilen. W\u00e4hlen Sie eine Karte f\u00fcr 48 Stunden oder 72 Stunden.<\/p>\n<p>Diese Rabattkarte ist ein All-in-Erlebnis in Gent. Sie w\u00e4ren verr\u00fcckt, wenn Sie dieses einzigartige Angebot nicht genie\u00dfen w\u00fcrden!<\/p>\n<p>Die Gent CityCard k\u00f6nnen Sie hier kaufen:<\/p>\n<ul>\n<li>Per E-Mail an <a href=\"mailto:info@parkhotelgent.be\">info@parkhotelgent.be<\/a><\/li>\n<li>Bei Ankunft an der Hotelrezeption.<\/li>\n<li>Alle teilnehmenden Museen und Sehensw\u00fcrdigkeiten in Gent.<\/li>\n<li>Die Verkaufsstellen des Transportunternehmens De Lijn.<\/li>\n<\/ul>\t\t\t\t\t\t\t\t<\/div>\n\t\t\t\t<\/div>\n\t\t\t\t\t<\/div>\n\t\t<\/div>\n\t\t\t\t\t<\/div>\n\t\t<\/section>\n\t\t\t\t<\/div>","protected":false},"excerpt":{"rendered":"<p>CityCard Gent Gestalten Sie Ihren Wochenendtrip ganz nach Ihren W\u00fcnschen. Die CityCard Gent ist einfach und \u00fcbersichtlich zu bedienen. Sie erhalten einen praktischen erweiterbaren Stadtplan und alle Informationen zu den CityCard-Vorteilen. W\u00e4hlen Sie eine Karte f\u00fcr 48 Stunden oder 72 Stunden. Diese Rabattkarte ist ein All-in-Erlebnis in Gent. Du w\u00e4rst verr\u00fcckt, wenn du nicht [\u2026]<\/p>","protected":false},"author":1,"featured_media":0,"parent":0,"menu_order":4,"comment_status":"closed","ping_status":"closed","template":"elementor_header_footer","meta":{"footnotes":""},"class_list":["post-2240","page","type-page","status-publish","hentry"],"_links":{"self":[{"href":"https:\/\/parkhotelgent.be\/de\/wp-json\/wp\/v2\/pages\/2240","targetHints":{"allow":["GET"]}}],"collection":[{"href":"https:\/\/parkhotelgent.be\/de\/wp-json\/wp\/v2\/pages"}],"about":[{"href":"https:\/\/parkhotelgent.be\/de\/wp-json\/wp\/v2\/types\/page"}],"author":[{"embeddable":true,"href":"https:\/\/parkhotelgent.be\/de\/wp-json\/wp\/v2\/users\/1"}],"replies":[{"embeddable":true,"href":"https:\/\/parkhotelgent.be\/de\/wp-json\/wp\/v2\/comments?post=2240"}],"version-history":[{"count":0,"href":"https:\/\/parkhotelgent.be\/de\/wp-json\/wp\/v2\/pages\/2240\/revisions"}],"wp:attachment":[{"href":"https:\/\/parkhotelgent.be\/de\/wp-json\/wp\/v2\/media?parent=2240"}],"curies":[{"name":"wp","href":"https:\/\/api.w.org\/{rel}","templated":true}]}}