{"id":1364,"date":"2020-07-17T09:27:49","date_gmt":"2020-07-17T09:27:49","guid":{"rendered":"https:\/\/parkhotelghent.be\/?page_id=1364"},"modified":"2020-07-17T09:50:52","modified_gmt":"2020-07-17T09:50:52","slug":"privacybeleid","status":"publish","type":"page","link":"https:\/\/parkhotelgent.be\/es\/privacybeleid\/","title":{"rendered":"Pol\u00edtica de privacidad"},"content":{"rendered":"<div data-elementor-type=\"wp-page\" data-elementor-id=\"1364\" class=\"elementor elementor-1364\" data-elementor-post-type=\"page\">\n\t\t\t\t\t\t<section class=\"elementor-section elementor-top-section elementor-element elementor-element-57ffb1f elementor-section-boxed elementor-section-height-default elementor-section-height-default\" data-id=\"57ffb1f\" data-element_type=\"section\" data-settings=\"{&quot;background_background&quot;:&quot;classic&quot;}\">\n\t\t\t\t\t\t<div class=\"elementor-container elementor-column-gap-default\">\n\t\t\t\t\t<div class=\"elementor-column elementor-col-100 elementor-top-column elementor-element elementor-element-7b801da\" data-id=\"7b801da\" data-element_type=\"column\">\n\t\t\t<div class=\"elementor-widget-wrap elementor-element-populated\">\n\t\t\t\t\t\t<div class=\"elementor-element elementor-element-68b1374 elementor-widget elementor-widget-heading\" data-id=\"68b1374\" data-element_type=\"widget\" data-widget_type=\"heading.default\">\n\t\t\t\t<div class=\"elementor-widget-container\">\n\t\t\t\t\t<h2 class=\"elementor-heading-title elementor-size-default\">Pol\u00edtica de privacidad<\/h2>\t\t\t\t<\/div>\n\t\t\t\t<\/div>\n\t\t\t\t<div class=\"elementor-element elementor-element-0437494 elementor-widget elementor-widget-text-editor\" data-id=\"0437494\" data-element_type=\"widget\" data-widget_type=\"text-editor.default\">\n\t\t\t\t<div class=\"elementor-widget-container\">\n\t\t\t\t\t\t\t\t\t<h4><span style=\"color: #262626; font-size: 22px;\">Parte 1: Debemos proteger su privacidad juntos.<\/span><\/h4><p>Su privacidad es muy importante para nosotros. Queremos tratar sus datos personales de forma legal, correcta y transparente. En esta declaraci\u00f3n de privacidad, explicamos qu\u00e9 datos personales recopilamos y procesamos de usted como persona f\u00edsica.<\/p><p>A partir de ahora, siempre estamos hablando de sus datos como cliente, como posible futuro cliente o como otro interesado, como beneficiario, persona de contacto en una empresa, etc. En cualquier calidad, sus derechos siguen siendo los mismos y Hotel Cathedral se ocupa de sus datos. .<\/p><p>Aseg\u00farese de leer esta informaci\u00f3n y ver qu\u00e9 puede hacer.<\/p><p>Le recomendamos que lea atentamente esta informaci\u00f3n, para que sepa para qu\u00e9 utiliza Parkhotel sus datos. Tambi\u00e9n encontrar\u00e1 m\u00e1s informaci\u00f3n sobre sus derechos de privacidad y c\u00f3mo puede ejercerlos en esta declaraci\u00f3n de privacidad.<\/p><p>Parkhotel puede ajustar esta declaraci\u00f3n de privacidad. Siempre encontrar\u00e1 la versi\u00f3n m\u00e1s reciente en www.hotelcathedral.be. Hotel Cathedral le informar\u00e1 a trav\u00e9s de su sitio web sobre cada cambio sustancial importante.<\/p><p>Para obtener m\u00e1s informaci\u00f3n sobre la legislaci\u00f3n de privacidad en B\u00e9lgica en general, tambi\u00e9n puede visitar www.privacycommission.be, el sitio web de la Autoridad de Protecci\u00f3n de Datos de B\u00e9lgica (anteriormente conocida como la comisi\u00f3n de privacidad).<\/p><p>P\u00f3ngase en contacto con Parkhotel si tiene alguna pregunta sobre el procesamiento de sus datos.<\/p><p>Si tiene preguntas sobre la privacidad o desea ajustar su configuraci\u00f3n de privacidad o ejercer sus derechos, puede comunicarse con nosotros de la siguiente manera; por correo electr\u00f3nico a directie@hotelcathedral.be.<\/p><p>\u00a0<\/p><p>\u00a0<\/p><h6>Parte 2: Tiene derecho a su privacidad.<\/h6><p>Si se procesan sus datos, tiene muchos derechos. Si Parkhotel le solicita permiso para el procesamiento, posteriormente puede retirarlo usted mismo cuando lo desee. P.ej. Enviar newsletter con ofertas promocionales.<\/p><p><em><b>2.1 Puede ver sus datos.<\/b><\/em><\/p><p>Si desea ver los datos que Parkhotel procesa sobre usted, h\u00e1ganoslo saber.<\/p><p>Si ejerce su derecho de acceso, Parkhotel le proporcionar\u00e1 una descripci\u00f3n general de sus datos lo m\u00e1s completa posible, siempre que se conserven. Tampoco se pueden mostrar posteriormente. Se eliminan de nuestros archivos de acuerdo con los procesos de limpieza est\u00e1ndar.<\/p><p><em><b>2.2 Puede hacer que se corrijan sus datos.<\/b><\/em><\/p><p>Puede suceder que ciertos datos que Parkhotel ha almacenado sobre usted ya no sean correctos. Siempre puede solicitar que se corrija o complete esta informaci\u00f3n. P.ej. Nueva direccion.<\/p><p><em><b>2.3 Puede borrar sus datos.<\/b><\/em><\/p><p>Si sospecha que Parkhotel est\u00e1 procesando ciertos datos de manera ilegal, puede solicitar que se eliminen.<\/p><p><em><b>2.4 Puede oponerse a un uso espec\u00edfico de los datos.<\/b><\/em><\/p><p>Si no est\u00e1 de acuerdo con la forma en que Parkhotel procesa ciertos datos sobre la base de su inter\u00e9s leg\u00edtimo, puede oponerse a esto. Objeci\u00f3n de que cumpliremos a menos que existan razones imperiosas para no hacerlo, que es el caso, por ejemplo, si procesamos datos para combatir el fraude.<\/p><p><em><b>2.5 En ocasiones, puede negarse a que sus datos se procesen de forma totalmente autom\u00e1tica.<\/b><\/em><\/p><p>Algunos procesos y procesos de datos est\u00e1n completamente automatizados sin intervenci\u00f3n humana. Parkhotel intenta transmitir la l\u00f3gica de este proceso autom\u00e1tico en el momento mismo. Por ejemplo, Parkhotel puede responder a las reservas a\u00fan m\u00e1s r\u00e1pido. Si no est\u00e1 de acuerdo con el resultado de dicho proceso totalmente automatizado, puede ponerse en contacto con Parkhotel. Por ejemplo, puede solicitar la intervenci\u00f3n de Parkhotel, un empleado o hacernos saber por qu\u00e9 est\u00e1 impugnando la evaluaci\u00f3n.<\/p><p><em><b>2.6 Puede ejercer sus derechos.<\/b><\/em><\/p><p>Sea siempre lo m\u00e1s espec\u00edfico posible si desea ejercer sus derechos. Entonces el Hotel Cathedral puede abordar su pregunta de manera concreta y correcta. Parkhotel debe verificar su identidad lo m\u00e1s cerca posible para evitar que otra persona ejerza sus derechos. Por lo tanto, puede solicitar una copia de su c\u00e9dula de identidad con dicha solicitud. Si tiene una queja sobre el ejercicio de sus derechos, la gesti\u00f3n de quejas de Parkhotel est\u00e1 lista para usted.<\/p><p>\u00a0<\/p><h6>Parte 3: Parkhotel tiene muchas razones para procesar sus datos personales.<\/h6><p><em><b>3.1 Parkhotel debe cumplir con las obligaciones legales<\/b><\/em><\/p><p>A continuaci\u00f3n enumeramos las principales razones legales por las que Hotel Cathedral debe tratar sus datos.<\/p><p>Los hoteles deben mantener registros policiales de todos los clientes.<\/p><p>Parkhotel puede procesar datos personales sobre usted, porque utiliza los servicios de Parkhotel, y \/ o porque usted mismo nos los proporciona al completar un formulario de contacto en el sitio web. Parkhotel puede procesar los siguientes datos personales:<\/p><ul><li>Tu nombre y apellido<\/li><li>Detalles de su direcci\u00f3n<\/li><li>Su n\u00famero de tel\u00e9fono<\/li><li>Tu correo electr\u00f3nico<\/li><li>La informaci\u00f3n de su tarjeta de cr\u00e9dito.<\/li><\/ul><p>Por ejemplo, para cumplir con la normativa policial, tenemos que reunir datos de clientes o empresas.<\/p><p><i><b>3.2 Por qu\u00e9 el hotel del parque necesita datos<\/b><\/i><\/p><p>Parkhotel procesa sus datos personales para poder contactarlo por tel\u00e9fono para transmitirle informaci\u00f3n y \/ o contactarlo por escrito (por correo electr\u00f3nico o mensaje de texto) si no puede ser localizado por tel\u00e9fono.<\/p><p>Adem\u00e1s, Parkhotel puede utilizar sus datos personales para enviar informaci\u00f3n de llegada \u00fatil que se aplica cuando visita nuestro hotel.<\/p><p><em><b>3.3 Cu\u00e1nto tiempo el hotel del parque almacena datos<\/b><\/em><\/p><p>Parkhotel no almacena sus datos personales m\u00e1s tiempo del estrictamente necesario para lograr los objetivos para los que se recopilan sus datos. Sus datos no se conservar\u00e1n m\u00e1s de 3 meses despu\u00e9s de la fecha de salida si no se llega a un acuerdo con usted.<\/p><p><em><b>3.4 Compartir con otros<\/b><\/em><\/p><p>Parkhotel solo proporcionar\u00e1 sus datos personales a terceros si esto es necesario para la ejecuci\u00f3n de un acuerdo con usted o para cumplir con una obligaci\u00f3n legal.<\/p><p>P.ej. Solicitud de la polic\u00eda.<\/p><p><em><b>3.5 Mapeo de visitas al sitio web<\/b><\/em><\/p><p>Los datos generales del visitante se conservan en la web de Parkotel Cathedral, para que el cliente pueda visitar nuestro hotel y ciudad sin ning\u00fan problema.<\/p><p><em><b>3.6 Pol\u00edtica de cookies.<\/b><\/em><\/p><p>\u00bfQu\u00e9 son las cookies?<\/p><p>Usamos cookies cuando abre nuestros correos electr\u00f3nicos y \/ o cuando visita o usa nuestros sitios web. Las cookies son piezas de informaci\u00f3n que se almacenan en su propia computadora o dispositivo m\u00f3vil y que generalmente se utilizan para optimizar la facilidad de uso de sitios web y aplicaciones.<\/p><p>Existen diferentes tipos de cookies, divididas por origen, funci\u00f3n y vida \u00fatil. Para obtener una descripci\u00f3n completa, puede consultar sitios web como www.allaboutcookies.org.<\/p><p>Parkhotel utiliza cookies para:<\/p><p>Mejorar el uso y las funcionalidades de su sitio web y sus aplicaciones;<\/p><p>Para analizar c\u00f3mo los usuarios utilizan nuestro sitio web y aplicaciones y para compilar estad\u00edsticas; y mostrar a los usuarios de nuestro sitio web y aplicaciones informaci\u00f3n y anuncios personalizados.<\/p><p>Por ejemplo, puede ser identificado como visitante de nuestro sitio web en una visita posterior y podemos aumentar la facilidad de uso adaptando mejor nuestro sitio web a sus deseos y preferencias. Las cookies tambi\u00e9n se pueden utilizar para personalizar el contenido o la publicidad de un sitio web. Por ejemplo, un cliente que tiene un paquete de entretenimiento espec\u00edfico ver\u00e1 mensajes diferentes a los de alguien que no tiene ese paquete.<\/p><p>Las cookies solo pueden ser colocadas por Parkhotel.<\/p><p>\u00bfQu\u00e9 tipos de cookies utilizamos?<\/p><p>Cookies necesarias: estas cookies garantizan que pueda navegar por nuestro sitio web y aplicaciones y utilizar las funcionalidades (como el carrito de la compra y su configuraci\u00f3n de privacidad).<\/p><h6>\u00a0<\/h6><h6>Parte 4: sobre seguridad y confidencialidad<\/h6><p><em><b>4.1 Parkhotel no solo responde preguntas de terceros.<\/b><\/em><\/p><p>Se observa el deber de discreci\u00f3n. Debido a que Parkhotel debe cumplir con su deber de discreci\u00f3n y legislaci\u00f3n de privacidad, solo puede responder preguntas de terceros si se basan en una disposici\u00f3n legal o un inter\u00e9s leg\u00edtimo, que son necesarios para la ejecuci\u00f3n del acuerdo, o con el consentimiento del interesado. En este \u00faltimo caso, Parkhotel incluso recomienda solicitar los datos al propio interesado.<\/p><p>Parkhotel no se hace responsable si los destinatarios leg\u00edtimos de los datos, de acuerdo con las obligaciones legales (en el extranjero), deben enviar los datos personales de los clientes o personas jur\u00eddicas a las autoridades locales o tratarlos de manera insegura.<\/p><p><b><em>4.2 Reclamaciones, cancelaci\u00f3n de la suscripci\u00f3n a boletines informativos o eliminaci\u00f3n de datos personales<\/em>.<\/b><\/p><p>Para quejas relacionadas con el procesamiento de sus datos personales, si no desea recibir boletines informativos o si desea que se eliminen sus datos personales, todas las solicitudes deben realizarse enviando un correo electr\u00f3nico motivado a parkhotel@telenet.be<\/p>\t\t\t\t\t\t\t\t<\/div>\n\t\t\t\t<\/div>\n\t\t\t\t\t<\/div>\n\t\t<\/div>\n\t\t\t\t\t<\/div>\n\t\t<\/section>\n\t\t\t\t<\/div>","protected":false},"excerpt":{"rendered":"<p>Pol\u00edtica de privacidad Parte 1: Debemos proteger su privacidad juntos. Su privacidad es muy importante para nosotros. Queremos tratar sus datos personales de forma legal, correcta y transparente. En esta declaraci\u00f3n de privacidad, explicamos qu\u00e9 datos personales recopilamos y procesamos de usted como persona f\u00edsica. A partir de ahora siempre estaremos hablando de datos sobre ti [\u2026]<\/p>","protected":false},"author":1,"featured_media":0,"parent":0,"menu_order":2,"comment_status":"closed","ping_status":"closed","template":"elementor_header_footer","meta":{"footnotes":""},"class_list":["post-1364","page","type-page","status-publish","hentry"],"_links":{"self":[{"href":"https:\/\/parkhotelgent.be\/es\/wp-json\/wp\/v2\/pages\/1364","targetHints":{"allow":["GET"]}}],"collection":[{"href":"https:\/\/parkhotelgent.be\/es\/wp-json\/wp\/v2\/pages"}],"about":[{"href":"https:\/\/parkhotelgent.be\/es\/wp-json\/wp\/v2\/types\/page"}],"author":[{"embeddable":true,"href":"https:\/\/parkhotelgent.be\/es\/wp-json\/wp\/v2\/users\/1"}],"replies":[{"embeddable":true,"href":"https:\/\/parkhotelgent.be\/es\/wp-json\/wp\/v2\/comments?post=1364"}],"version-history":[{"count":0,"href":"https:\/\/parkhotelgent.be\/es\/wp-json\/wp\/v2\/pages\/1364\/revisions"}],"wp:attachment":[{"href":"https:\/\/parkhotelgent.be\/es\/wp-json\/wp\/v2\/media?parent=1364"}],"curies":[{"name":"gracias","href":"https:\/\/api.w.org\/{rel}","templated":true}]}}