{"id":1429,"date":"2020-07-20T13:37:05","date_gmt":"2020-07-20T13:37:05","guid":{"rendered":"https:\/\/parkhotelghent.be\/?page_id=1429"},"modified":"2020-08-06T13:40:48","modified_gmt":"2020-08-06T13:40:48","slug":"covid-19","status":"publish","type":"page","link":"https:\/\/parkhotelgent.be\/es\/covid-19\/","title":{"rendered":"COVID-19"},"content":{"rendered":"<div data-elementor-type=\"wp-page\" data-elementor-id=\"1429\" class=\"elementor elementor-1429\" data-elementor-post-type=\"page\">\n\t\t\t\t\t\t<section class=\"elementor-section elementor-top-section elementor-element elementor-element-726b8a1 elementor-section-boxed elementor-section-height-default elementor-section-height-default\" data-id=\"726b8a1\" data-element_type=\"section\" data-settings=\"{&quot;background_background&quot;:&quot;classic&quot;}\">\n\t\t\t\t\t\t<div class=\"elementor-container elementor-column-gap-wide\">\n\t\t\t\t\t<div class=\"elementor-column elementor-col-100 elementor-top-column elementor-element elementor-element-eb1c2a1\" data-id=\"eb1c2a1\" data-element_type=\"column\">\n\t\t\t<div class=\"elementor-widget-wrap elementor-element-populated\">\n\t\t\t\t\t\t<div class=\"elementor-element elementor-element-f01edad elementor-widget elementor-widget-heading\" data-id=\"f01edad\" data-element_type=\"widget\" data-widget_type=\"heading.default\">\n\t\t\t\t<div class=\"elementor-widget-container\">\n\t\t\t\t\t<h2 class=\"elementor-heading-title elementor-size-default\">COVID-19<\/h2>\t\t\t\t<\/div>\n\t\t\t\t<\/div>\n\t\t\t\t<div class=\"elementor-element elementor-element-36a0aca elementor-widget elementor-widget-button\" data-id=\"36a0aca\" data-element_type=\"widget\" data-widget_type=\"button.default\">\n\t\t\t\t<div class=\"elementor-widget-container\">\n\t\t\t\t\t\t\t\t\t<div class=\"elementor-button-wrapper\">\n\t\t\t\t\t<a class=\"elementor-button elementor-button-link elementor-size-sm\" href=\"https:\/\/visit.gent.be\/nl\/maatregelen-voor-bestrijding-coronavirus-covid-19\" target=\"_blank\">\n\t\t\t\t\t\t<span class=\"elementor-button-content-wrapper\">\n\t\t\t\t\t\t\t\t\t<span class=\"elementor-button-text\">Actualizaciones Covid-19<\/span>\n\t\t\t\t\t<\/span>\n\t\t\t\t\t<\/a>\n\t\t\t\t<\/div>\n\t\t\t\t\t\t\t\t<\/div>\n\t\t\t\t<\/div>\n\t\t\t\t<div class=\"elementor-element elementor-element-c92e2bd elementor-widget elementor-widget-text-editor\" data-id=\"c92e2bd\" data-element_type=\"widget\" data-widget_type=\"text-editor.default\">\n\t\t\t\t<div class=\"elementor-widget-container\">\n\t\t\t\t\t\t\t\t\t<p>En inter\u00e9s de la salud p\u00fablica, el Gobierno belga tom\u00f3 una serie de medidas adicionales el 13 de marzo para frenar la propagaci\u00f3n del coronavirus \/ COVID-19. Estas medidas se han relajado sistem\u00e1ticamente desde el 4 de mayo.<\/p><h4>\u00bfQu\u00e9 medidas siguen vigentes?<\/h4><ul><li>Las medidas de higiene son imprescindibles (lavarse las manos; estornudar o toser en el codo).<\/li><li>Mantenga una distancia suficiente entre s\u00ed (m\u00ednimo 1,5 m).<\/li><li>El uso de una mascarilla bucal es obligatorio en determinadas situaciones (ver m\u00e1s abajo).<\/li><li>Los grandes eventos, festivales y reuniones p\u00fablicas y privadas siguen estando prohibidos hasta el 31 de agosto.<\/li><li>Los servicios propios de la ciudad de Gante se limitan a lo esencial y, en la medida de lo posible, los servicios se prestan por tel\u00e9fono o correo electr\u00f3nico. Desde el 15 de junio es posible viajar dentro de la UE (+ Reino Unido, Suiza, Liechtenstein, Islandia y Noruega). M\u00e1s informaci\u00f3n al respecto a trav\u00e9s de Relaciones Exteriores.<\/li><\/ul><h4>El uso de una mascarilla bucal es obligatorio en los siguientes aspectos:<\/h4><ul><li>tiendas y centros comerciales<\/li><li>salas de cine<\/li><li>salas de teatro, conciertos y conferencias<\/li><li>auditorios<\/li><li>lugares de adoraci\u00f3n<\/li><li>museos (y monumentos)<\/li><li>biblioteca<\/li><li>transporte p\u00fablico (incluyendo plataforma y estaci\u00f3n)<\/li><\/ul><p>Si no usa una mascarilla en estos casos, se le negar\u00e1 la entrada y se arriesga a una sanci\u00f3n. Los ni\u00f1os menores de 12 a\u00f1os no est\u00e1n obligados a usar una mascarilla bucal.<\/p><h4>\u00bfQu\u00e9 significa la relajaci\u00f3n para ti como visitante?<\/h4><p>Hoteles:<br \/>Todos los hoteles de Gante han vuelto a abrir desde el 10 de junio. Para obtener m\u00e1s informaci\u00f3n sobre las normas de seguridad, comun\u00edquese con su hotel.<\/p><p>Otros alojamientos:<br \/>Todos los dem\u00e1s alojamientos (casas de vacaciones, casas de vacaciones, campings, B&amp;B, complejos vacacionales, AirBnB, albergues, centros de alojamiento para j\u00f3venes\u2026) han sido reabiertos desde el 8 de junio. Para obtener m\u00e1s informaci\u00f3n sobre las normas de seguridad y los horarios de apertura, comun\u00edquese con su alojamiento.<\/p><p>Empresas (alimentarias y no alimentarias):<\/p><ul><li>restaurantes, caf\u00e9s y bares que ofrecen asientos han reabierto desde el 8 de junio. Deben cerrar a la 1 am como muy tarde. Hay una serie de normas de seguridad que deben observarse durante una visita de catering.<\/li><li>Los clubes nocturnos y discotecas (y otros establecimientos de restauraci\u00f3n que no ofrecen asientos) permanecer\u00e1n cerrados.<\/li><\/ul><p>Todas las tiendas est\u00e1n abiertas de nuevo desde el 11 de mayo.<br \/>Todos los mercados locales han vuelto a empezar desde el 18 de mayo.<\/p>\t\t\t\t\t\t\t\t<\/div>\n\t\t\t\t<\/div>\n\t\t\t\t\t<\/div>\n\t\t<\/div>\n\t\t\t\t\t<\/div>\n\t\t<\/section>\n\t\t\t\t<\/div>","protected":false},"excerpt":{"rendered":"<p>Covid-19 Actualiza Covid-19 En inter\u00e9s de la salud p\u00fablica, el Gobierno belga tom\u00f3 una serie de medidas adicionales el 13 de marzo para frenar la propagaci\u00f3n del coronavirus \/ COVID-19. Estas medidas se han relajado sistem\u00e1ticamente desde el 4 de mayo. \u00bfQu\u00e9 medidas siguen vigentes? Las medidas de higiene son fundamentales (lavarse las manos, estornudar o toser en el codo). mantenerse [\u2026]<\/p>","protected":false},"author":1,"featured_media":0,"parent":0,"menu_order":1,"comment_status":"closed","ping_status":"closed","template":"elementor_header_footer","meta":{"footnotes":""},"class_list":["post-1429","page","type-page","status-publish","hentry"],"_links":{"self":[{"href":"https:\/\/parkhotelgent.be\/es\/wp-json\/wp\/v2\/pages\/1429","targetHints":{"allow":["GET"]}}],"collection":[{"href":"https:\/\/parkhotelgent.be\/es\/wp-json\/wp\/v2\/pages"}],"about":[{"href":"https:\/\/parkhotelgent.be\/es\/wp-json\/wp\/v2\/types\/page"}],"author":[{"embeddable":true,"href":"https:\/\/parkhotelgent.be\/es\/wp-json\/wp\/v2\/users\/1"}],"replies":[{"embeddable":true,"href":"https:\/\/parkhotelgent.be\/es\/wp-json\/wp\/v2\/comments?post=1429"}],"version-history":[{"count":0,"href":"https:\/\/parkhotelgent.be\/es\/wp-json\/wp\/v2\/pages\/1429\/revisions"}],"wp:attachment":[{"href":"https:\/\/parkhotelgent.be\/es\/wp-json\/wp\/v2\/media?parent=1429"}],"curies":[{"name":"gracias","href":"https:\/\/api.w.org\/{rel}","templated":true}]}}