{"id":1438,"date":"2020-07-20T14:14:44","date_gmt":"2020-07-20T14:14:44","guid":{"rendered":"https:\/\/parkhotelghent.be\/?page_id=1438"},"modified":"2023-06-12T16:09:22","modified_gmt":"2023-06-12T16:09:22","slug":"welkom-in-parkhotel","status":"publish","type":"page","link":"https:\/\/parkhotelgent.be\/es\/welkom-in-parkhotel\/","title":{"rendered":"Bienvenido a Parkhotel"},"content":{"rendered":"<div data-elementor-type=\"wp-page\" data-elementor-id=\"1438\" class=\"elementor elementor-1438\" data-elementor-post-type=\"page\">\n\t\t\t\t\t\t<section class=\"elementor-section elementor-top-section elementor-element elementor-element-95cfb9f elementor-section-boxed elementor-section-height-default elementor-section-height-default\" data-id=\"95cfb9f\" data-element_type=\"section\" data-settings=\"{&quot;background_background&quot;:&quot;classic&quot;}\">\n\t\t\t\t\t\t<div class=\"elementor-container elementor-column-gap-wide\">\n\t\t\t\t\t<div class=\"elementor-column elementor-col-50 elementor-top-column elementor-element elementor-element-518335a\" data-id=\"518335a\" data-element_type=\"column\">\n\t\t\t<div class=\"elementor-widget-wrap elementor-element-populated\">\n\t\t\t\t\t\t<div class=\"elementor-element elementor-element-759e436 elementor-widget elementor-widget-heading\" data-id=\"759e436\" data-element_type=\"widget\" data-widget_type=\"heading.default\">\n\t\t\t\t<div class=\"elementor-widget-container\">\n\t\t\t\t\t<h2 class=\"elementor-heading-title elementor-size-default\">Bienvenido a Parkhotel<\/h2>\t\t\t\t<\/div>\n\t\t\t\t<\/div>\n\t\t\t\t<div class=\"elementor-element elementor-element-0267233 elementor-widget elementor-widget-text-editor\" data-id=\"0267233\" data-element_type=\"widget\" data-widget_type=\"text-editor.default\">\n\t\t\t\t<div class=\"elementor-widget-container\">\n\t\t\t\t\t\t\t\t\t<p>Qu\u00e9date en el coraz\u00f3n de Gante.\u00a0<\/p><p>Parkhotel es un hotel moderno completamente renovado donde ser\u00e1 recibido personalmente.<\/p><p>El hotel completamente renovado ha abierto sus puertas desde enero de 2010. Encontrar\u00e1 todas las comodidades modernas en las habitaciones y en el bar. En el bar podr\u00e1 relajarse de lunes a s\u00e1bado de 14 a 20 horas y disfrutar de un caf\u00e9 o una cerveza fresca.<\/p><p>La comodidad y la personalidad son nuestros activos m\u00e1s fuertes. Todas las habitaciones son acogedoras y modernas. Cada habitaci\u00f3n tiene ba\u00f1o privado, TV de pantalla plana, aire acondicionado e internet inal\u00e1mbrico. Todas las habitaciones tienen una hermosa vista a la terraza del jard\u00edn, donde podr\u00e1 relajarse bajo el sol o en la sombra con una copa de vino blanco y un refrigerio.<\/p><p>Parkhotel es un hotel que recibe tanto a turistas como a empresarios. Adem\u00e1s, el hotel se encuentra a poca distancia a pie del antiguo centro hist\u00f3rico (450 metros), donde no solo encontrar\u00e1 el centro comercial con sus numerosas boutiques y tiendas de moda, sino que tambi\u00e9n podr\u00e1 disfrutar de varias terrazas. Los viejos edificios hist\u00f3ricos como el Belfort, el Gravensteen y los museos est\u00e1n a poca distancia. El barrio universitario y la escuela de administraci\u00f3n de Vlerick est\u00e1n a pocos minutos a pie del hotel.<\/p><p>El hotel no dispone de ascensor, pero es accesible para personas en silla de ruedas en la planta baja.<\/p><p>Darles la bienvenida a mi hotel es un privilegio, as\u00ed como mimarlos con un delicioso desayuno por la ma\u00f1ana.<\/p><p>De Wit Olivier<\/p>\t\t\t\t\t\t\t\t<\/div>\n\t\t\t\t<\/div>\n\t\t\t\t<div class=\"elementor-element elementor-element-d28233d elementor-widget elementor-widget-heading\" data-id=\"d28233d\" data-element_type=\"widget\" data-widget_type=\"heading.default\">\n\t\t\t\t<div class=\"elementor-widget-container\">\n\t\t\t\t\t<h3 class=\"elementor-heading-title elementor-size-default\">Estacionamiento<\/h3>\t\t\t\t<\/div>\n\t\t\t\t<\/div>\n\t\t\t\t<div class=\"elementor-element elementor-element-21aec17 elementor-widget elementor-widget-text-editor\" data-id=\"21aec17\" data-element_type=\"widget\" data-widget_type=\"text-editor.default\">\n\t\t\t\t<div class=\"elementor-widget-container\">\n\t\t\t\t\t\t\t\t\t<p>Si vienes en coche, podr\u00e1s aparcar en el Parking Gent Zuid (P3). El hotel en s\u00ed no dispone de aparcamiento, por lo que recomendamos el Parking Gent Zuid.<\/p><p>Podr\u00e1s entrar al parking Gent Zuid tan pronto como salgas de la autopista y tomes la salida centro de Gante, simplemente sigue recto y entra al aparcamiento. Puedes encontrar toda la informaci\u00f3n en <a href=\"https:\/\/www.interparking.be\/en\/find-parking\/Gent%20Zuid\/\" target=\"_blank\" rel=\"noopener\">este enlace<\/a>.<\/p><p>Si tiene un sistema GPS, puede ingresar la siguiente direcci\u00f3n: Woodrow Wilsonplein 1, Gent.<\/p><p>Despu\u00e9s de aparcar su veh\u00edculo, podr\u00e1 caminar hasta el hotel, que est\u00e1 a 3 o 4 minutos a pie. Aqu\u00ed encontrar\u00e1 el mapa con la ruta a pie hasta el hotel, siga la l\u00ednea de puntos azules del mapa.<\/p><p>Gent Zuid es tambi\u00e9n el aparcamiento m\u00e1s barato de Gante, a este aparcamiento tambi\u00e9n se puede acceder sin necesidad de registrar el coche para que no incurras en ninguna infracci\u00f3n al entrar en la zona LEZ.<\/p><p>Si no utilizas el parking Gent Zuid, primero revisa tu coche a trav\u00e9s de <a href=\"https:\/\/stad.gent\/nl\/mobiliteit-openbare-werken\/mobiliteit-openbare-werken\/parkings-gent#Is%20er%20n%C3%BA%20plaats?\" target=\"_blank\" rel=\"noopener\">este enlace<\/a>.<\/p><p>\u00bfConsejo? Tan pronto como llegue a Gante por las autopistas o carreteras regionales, siga las zonas o el nombre de un aparcamiento en las indicaciones para llegar a un aparcamiento disponible. A trav\u00e9s de las se\u00f1ales de aparcamiento en el camino siempre encontrar\u00e1 un Parking, Parking Zuid.<br \/>y Reep est\u00e1 designado para nuestros clientes.<\/p><p>Si quieres aparcar gratis en Gante, aparca tu coche en un<br \/>zona de aparcamiento y paseo, consulte <a href=\"https:\/\/stad.gent\/nl\/mobiliteit-openbare-werken\/mobiliteit-openbare-werken\/park-and-ride-pr\" target=\"_blank\" rel=\"noopener\">este enlace<\/a>.<\/p><p>Si tiene alguna pregunta, env\u00ede un correo electr\u00f3nico a <a href=\"mailto:info@parkhotelgent.be\">info@parkhotelgent.be<\/a>.<\/p>\t\t\t\t\t\t\t\t<\/div>\n\t\t\t\t<\/div>\n\t\t\t\t\t<\/div>\n\t\t<\/div>\n\t\t\t\t<div class=\"elementor-column elementor-col-50 elementor-top-column elementor-element elementor-element-13eb513\" data-id=\"13eb513\" data-element_type=\"column\">\n\t\t\t<div class=\"elementor-widget-wrap elementor-element-populated\">\n\t\t\t\t\t\t<div class=\"elementor-element elementor-element-ce3c218 elementor-widget elementor-widget-gallery\" data-id=\"ce3c218\" data-element_type=\"widget\" data-settings=\"{&quot;gallery_layout&quot;:&quot;masonry&quot;,&quot;columns&quot;:2,&quot;columns_tablet&quot;:2,&quot;columns_mobile&quot;:1,&quot;gap&quot;:{&quot;unit&quot;:&quot;px&quot;,&quot;size&quot;:10,&quot;sizes&quot;:[]},&quot;gap_tablet&quot;:{&quot;unit&quot;:&quot;px&quot;,&quot;size&quot;:10,&quot;sizes&quot;:[]},&quot;gap_mobile&quot;:{&quot;unit&quot;:&quot;px&quot;,&quot;size&quot;:10,&quot;sizes&quot;:[]},&quot;link_to&quot;:&quot;file&quot;,&quot;overlay_background&quot;:&quot;yes&quot;,&quot;content_hover_animation&quot;:&quot;fade-in&quot;}\" data-widget_type=\"gallery.default\">\n\t\t\t\t<div class=\"elementor-widget-container\">\n\t\t\t\t\t\t\t<div class=\"elementor-gallery__container\">\n\t\t\t\t\t\t\t<a class=\"e-gallery-item elementor-gallery-item elementor-animated-content\" href=\"https:\/\/parkhotelgent.be\/wp-content\/uploads\/2020\/07\/Gevel-vooraanzicht.jpg\" data-elementor-open-lightbox=\"yes\" data-elementor-lightbox-slideshow=\"ce3c218\" data-elementor-lightbox-title=\"Gevel vooraanzicht\" data-e-action-hash=\"#elementor-action%3Aaction%3Dlightbox%26settings%3DeyJpZCI6Nzk5LCJ1cmwiOiJodHRwczpcL1wvcGFya2hvdGVsZ2VudC5iZVwvd3AtY29udGVudFwvdXBsb2Fkc1wvMjAyMFwvMDdcL0dldmVsLXZvb3JhYW56aWNodC5qcGciLCJzbGlkZXNob3ciOiJjZTNjMjE4In0%3D\">\n\t\t\t\t\t<div class=\"e-gallery-image elementor-gallery-item__image\" data-thumbnail=\"https:\/\/parkhotelgent.be\/wp-content\/uploads\/2020\/07\/Gevel-vooraanzicht-300x287.jpg\" data-width=\"300\" data-height=\"287\" aria-label=\"\" role=\"img\" ><\/div>\n\t\t\t\t\t\t\t\t\t\t\t<div class=\"elementor-gallery-item__overlay\"><\/div>\n\t\t\t\t\t\t\t\t\t\t\t\t\t\t<\/a>\n\t\t\t\t\t\t\t<a class=\"e-gallery-item elementor-gallery-item elementor-animated-content\" href=\"https:\/\/parkhotelgent.be\/wp-content\/uploads\/2020\/07\/hal-trap-1-verdiep-voorgebouw.jpg\" data-elementor-open-lightbox=\"yes\" data-elementor-lightbox-slideshow=\"ce3c218\" data-elementor-lightbox-title=\"hal trap 1 verdiep voorgebouw\" data-e-action-hash=\"#elementor-action%3Aaction%3Dlightbox%26settings%3DeyJpZCI6ODAyLCJ1cmwiOiJodHRwczpcL1wvcGFya2hvdGVsZ2VudC5iZVwvd3AtY29udGVudFwvdXBsb2Fkc1wvMjAyMFwvMDdcL2hhbC10cmFwLTEtdmVyZGllcC12b29yZ2Vib3V3LmpwZyIsInNsaWRlc2hvdyI6ImNlM2MyMTgifQ%3D%3D\">\n\t\t\t\t\t<div class=\"e-gallery-image elementor-gallery-item__image\" data-thumbnail=\"https:\/\/parkhotelgent.be\/wp-content\/uploads\/2020\/07\/hal-trap-1-verdiep-voorgebouw-200x300.jpg\" data-width=\"200\" data-height=\"300\" aria-label=\"\" role=\"img\" ><\/div>\n\t\t\t\t\t\t\t\t\t\t\t<div class=\"elementor-gallery-item__overlay\"><\/div>\n\t\t\t\t\t\t\t\t\t\t\t\t\t\t<\/a>\n\t\t\t\t\t\t\t<a class=\"e-gallery-item elementor-gallery-item elementor-animated-content\" href=\"https:\/\/parkhotelgent.be\/wp-content\/uploads\/2020\/07\/Receptie-bar.jpg\" data-elementor-open-lightbox=\"yes\" data-elementor-lightbox-slideshow=\"ce3c218\" data-elementor-lightbox-title=\"Receptie + bar\" data-e-action-hash=\"#elementor-action%3Aaction%3Dlightbox%26settings%3DeyJpZCI6NzgzLCJ1cmwiOiJodHRwczpcL1wvcGFya2hvdGVsZ2VudC5iZVwvd3AtY29udGVudFwvdXBsb2Fkc1wvMjAyMFwvMDdcL1JlY2VwdGllLWJhci5qcGciLCJzbGlkZXNob3ciOiJjZTNjMjE4In0%3D\">\n\t\t\t\t\t<div class=\"e-gallery-image elementor-gallery-item__image\" data-thumbnail=\"https:\/\/parkhotelgent.be\/wp-content\/uploads\/2020\/07\/Receptie-bar-300x146.jpg\" data-width=\"300\" data-height=\"146\" aria-label=\"\" role=\"img\" ><\/div>\n\t\t\t\t\t\t\t\t\t\t\t<div class=\"elementor-gallery-item__overlay\"><\/div>\n\t\t\t\t\t\t\t\t\t\t\t\t\t\t<\/a>\n\t\t\t\t\t\t\t<a class=\"e-gallery-item elementor-gallery-item elementor-animated-content\" href=\"https:\/\/parkhotelgent.be\/wp-content\/uploads\/2020\/07\/hal-trap-naarr-2-verdiep-voorgebouw.jpg\" data-elementor-open-lightbox=\"yes\" data-elementor-lightbox-slideshow=\"ce3c218\" data-elementor-lightbox-title=\"hal trap naarr 2 verdiep voorgebouw\" data-e-action-hash=\"#elementor-action%3Aaction%3Dlightbox%26settings%3DeyJpZCI6ODA1LCJ1cmwiOiJodHRwczpcL1wvcGFya2hvdGVsZ2VudC5iZVwvd3AtY29udGVudFwvdXBsb2Fkc1wvMjAyMFwvMDdcL2hhbC10cmFwLW5hYXJyLTItdmVyZGllcC12b29yZ2Vib3V3LmpwZyIsInNsaWRlc2hvdyI6ImNlM2MyMTgifQ%3D%3D\">\n\t\t\t\t\t<div class=\"e-gallery-image elementor-gallery-item__image\" data-thumbnail=\"https:\/\/parkhotelgent.be\/wp-content\/uploads\/2020\/07\/hal-trap-naarr-2-verdiep-voorgebouw-300x200.jpg\" data-width=\"300\" data-height=\"200\" aria-label=\"\" role=\"img\" ><\/div>\n\t\t\t\t\t\t\t\t\t\t\t<div class=\"elementor-gallery-item__overlay\"><\/div>\n\t\t\t\t\t\t\t\t\t\t\t\t\t\t<\/a>\n\t\t\t\t\t\t\t<a class=\"e-gallery-item elementor-gallery-item elementor-animated-content\" href=\"https:\/\/parkhotelgent.be\/wp-content\/uploads\/2020\/07\/25322581.jpg\" data-elementor-open-lightbox=\"yes\" data-elementor-lightbox-slideshow=\"ce3c218\" data-elementor-lightbox-title=\"25322581\" data-e-action-hash=\"#elementor-action%3Aaction%3Dlightbox%26settings%3DeyJpZCI6NzU1LCJ1cmwiOiJodHRwczpcL1wvcGFya2hvdGVsZ2VudC5iZVwvd3AtY29udGVudFwvdXBsb2Fkc1wvMjAyMFwvMDdcLzI1MzIyNTgxLmpwZyIsInNsaWRlc2hvdyI6ImNlM2MyMTgifQ%3D%3D\">\n\t\t\t\t\t<div class=\"e-gallery-image elementor-gallery-item__image\" data-thumbnail=\"https:\/\/parkhotelgent.be\/wp-content\/uploads\/2020\/07\/25322581-200x300.jpg\" data-width=\"200\" data-height=\"300\" aria-label=\"\" role=\"img\" ><\/div>\n\t\t\t\t\t\t\t\t\t\t\t<div class=\"elementor-gallery-item__overlay\"><\/div>\n\t\t\t\t\t\t\t\t\t\t\t\t\t\t<\/a>\n\t\t\t\t\t\t\t<a class=\"e-gallery-item elementor-gallery-item elementor-animated-content\" href=\"https:\/\/parkhotelgent.be\/wp-content\/uploads\/2020\/07\/25322834.jpg\" data-elementor-open-lightbox=\"yes\" data-elementor-lightbox-slideshow=\"ce3c218\" data-elementor-lightbox-title=\"25322834\" data-e-action-hash=\"#elementor-action%3Aaction%3Dlightbox%26settings%3DeyJpZCI6NzYyLCJ1cmwiOiJodHRwczpcL1wvcGFya2hvdGVsZ2VudC5iZVwvd3AtY29udGVudFwvdXBsb2Fkc1wvMjAyMFwvMDdcLzI1MzIyODM0LmpwZyIsInNsaWRlc2hvdyI6ImNlM2MyMTgifQ%3D%3D\">\n\t\t\t\t\t<div class=\"e-gallery-image elementor-gallery-item__image\" data-thumbnail=\"https:\/\/parkhotelgent.be\/wp-content\/uploads\/2020\/07\/25322834-300x200.jpg\" data-width=\"300\" data-height=\"200\" aria-label=\"\" role=\"img\" ><\/div>\n\t\t\t\t\t\t\t\t\t\t\t<div class=\"elementor-gallery-item__overlay\"><\/div>\n\t\t\t\t\t\t\t\t\t\t\t\t\t\t<\/a>\n\t\t\t\t\t<\/div>\n\t\t\t\t\t<\/div>\n\t\t\t\t<\/div>\n\t\t\t\t\t<\/div>\n\t\t<\/div>\n\t\t\t\t\t<\/div>\n\t\t<\/section>\n\t\t\t\t<\/div>","protected":false},"excerpt":{"rendered":"<p>Bienvenido al Parkhotel Logeer en el coraz\u00f3n de Gante. Parkhotel es un hotel moderno completamente renovado donde recibir\u00e1 una bienvenida personalizada. El hotel, completamente renovado, abri\u00f3 sus puertas desde enero de 2010. Encontrar\u00e1 todo el confort moderno en las habitaciones y en el bar. En el bar podr\u00e1s disfrutar de [\u2026]<\/p>","protected":false},"author":1,"featured_media":0,"parent":0,"menu_order":3,"comment_status":"closed","ping_status":"closed","template":"elementor_header_footer","meta":{"footnotes":""},"class_list":["post-1438","page","type-page","status-publish","hentry"],"_links":{"self":[{"href":"https:\/\/parkhotelgent.be\/es\/wp-json\/wp\/v2\/pages\/1438","targetHints":{"allow":["GET"]}}],"collection":[{"href":"https:\/\/parkhotelgent.be\/es\/wp-json\/wp\/v2\/pages"}],"about":[{"href":"https:\/\/parkhotelgent.be\/es\/wp-json\/wp\/v2\/types\/page"}],"author":[{"embeddable":true,"href":"https:\/\/parkhotelgent.be\/es\/wp-json\/wp\/v2\/users\/1"}],"replies":[{"embeddable":true,"href":"https:\/\/parkhotelgent.be\/es\/wp-json\/wp\/v2\/comments?post=1438"}],"version-history":[{"count":0,"href":"https:\/\/parkhotelgent.be\/es\/wp-json\/wp\/v2\/pages\/1438\/revisions"}],"wp:attachment":[{"href":"https:\/\/parkhotelgent.be\/es\/wp-json\/wp\/v2\/media?parent=1438"}],"curies":[{"name":"gracias","href":"https:\/\/api.w.org\/{rel}","templated":true}]}}