{"id":1488,"date":"2020-07-21T08:57:35","date_gmt":"2020-07-21T08:57:35","guid":{"rendered":"https:\/\/parkhotelghent.be\/?page_id=1488"},"modified":"2020-08-06T13:40:21","modified_gmt":"2020-08-06T13:40:21","slug":"lez-gent","status":"publish","type":"page","link":"https:\/\/parkhotelgent.be\/es\/lez-gent\/","title":{"rendered":"LEZ-Gante"},"content":{"rendered":"<div data-elementor-type=\"wp-page\" data-elementor-id=\"1488\" class=\"elementor elementor-1488\" data-elementor-post-type=\"page\">\n\t\t\t\t\t\t<section class=\"elementor-section elementor-top-section elementor-element elementor-element-747acf2 elementor-section-boxed elementor-section-height-default elementor-section-height-default\" data-id=\"747acf2\" data-element_type=\"section\" data-settings=\"{&quot;background_background&quot;:&quot;classic&quot;}\">\n\t\t\t\t\t\t<div class=\"elementor-container elementor-column-gap-wide\">\n\t\t\t\t\t<div class=\"elementor-column elementor-col-50 elementor-top-column elementor-element elementor-element-9d121d6\" data-id=\"9d121d6\" data-element_type=\"column\">\n\t\t\t<div class=\"elementor-widget-wrap elementor-element-populated\">\n\t\t\t\t\t\t<div class=\"elementor-element elementor-element-9b6324e elementor-widget elementor-widget-heading\" data-id=\"9b6324e\" data-element_type=\"widget\" data-widget_type=\"heading.default\">\n\t\t\t\t<div class=\"elementor-widget-container\">\n\t\t\t\t\t<h2 class=\"elementor-heading-title elementor-size-default\">LEZ-Gante<\/h2>\t\t\t\t<\/div>\n\t\t\t\t<\/div>\n\t\t\t\t<div class=\"elementor-element elementor-element-20e9fe4 elementor-widget elementor-widget-heading\" data-id=\"20e9fe4\" data-element_type=\"widget\" data-widget_type=\"heading.default\">\n\t\t\t\t<div class=\"elementor-widget-container\">\n\t\t\t\t\t<h4 class=\"elementor-heading-title elementor-size-default\">Zona de bajas emisiones Gante<\/h4>\t\t\t\t<\/div>\n\t\t\t\t<\/div>\n\t\t\t\t<div class=\"elementor-element elementor-element-145ea75 elementor-widget elementor-widget-text-editor\" data-id=\"145ea75\" data-element_type=\"widget\" data-widget_type=\"text-editor.default\">\n\t\t\t\t<div class=\"elementor-widget-container\">\n\t\t\t\t\t\t\t\t\t<p>Mejor invitado<\/p><p>Para mejorar la calidad del aire, el centro de la ciudad de Gante o el \u00e1rea dentro de la R40 es una zona de bajas emisiones (LEZ). Los veh\u00edculos contaminantes que no cumplen con los requisitos de admisi\u00f3n ya no pueden ingresar a la zona. Evite una multa y compruebe siempre su veh\u00edculo antes de venir a Gante. \u00bfTienes una pregunta? Vea las preguntas frecuentes en lez@stad.gent, o cont\u00e1ctenos al 0032 9210 10 30<\/p><p>El 1 de enero de 2020, se introducir\u00e1 una zona de bajas emisiones en Gante dentro del R40.<\/p><p>Ghent Center y nuestro hotel estar\u00e1n ubicados justo dentro de esta \u00e1rea, pero ciertamente seguir\u00e1n siendo completamente accesibles.<br \/>Mediante\u00a0<a href=\"https:\/\/stad.gent\/nl\/mobiliteit-openbare-werken\/lage-emissiezone\" target=\"_blank\" rel=\"noopener\">www.lez2020.gent<\/a>\u00a0puede comprobar si su coche todav\u00eda tendr\u00e1 acceso a esta \u00e1rea y puede encontrar las normas Euro. Encontrar\u00e1 el est\u00e1ndar europeo en su certificado de registro.\u00a0<\/p><p>Si tiene un autom\u00f3vil di\u00e9sel Euro 4, a\u00fan puede comprar un permiso para ingresar al \u00e1rea hasta 2025 a trav\u00e9s de\u00a0<a href=\"https:\/\/stad.gent\/nl\/mobiliteit-openbare-werken\/lage-emissiezone\" target=\"_blank\" rel=\"noopener\">www.lez2020.gent.<\/a><\/p><p>Tambi\u00e9n podemos hacer esto por usted hasta 3 d\u00edas antes de la fecha de llegada, con una tasa administrativa adicional de 25 \u20ac.<\/p><p>Los costos de administraci\u00f3n se agregar\u00e1n a la factura de la reserva.<\/p><p>\u00bfTiene un autom\u00f3vil di\u00e9sel con est\u00e1ndar Euro 3 o inferior, o un autom\u00f3vil de gasolina con est\u00e1ndar Euro 1 o inferior?<\/p><p>Luego, a\u00fan puede ingresar al \u00e1rea comprando un pase de un d\u00eda (m\u00e1ximo 8 veces al a\u00f1o). Dicho pase de un d\u00eda cuesta 35 \u20ac y se puede comprar a trav\u00e9s de\u00a0<a href=\"https:\/\/lez.stad.gent\/nl\/flows\/dagpas\" target=\"_blank\" rel=\"noopener\">https:\/\/lez.stad.gent\/nl\/flows\/dagpas<\/a><\/p><p>Si desea obtener m\u00e1s informaci\u00f3n, usted como cliente puede obtener m\u00e1s informaci\u00f3n a trav\u00e9s de la direcci\u00f3n de correo electr\u00f3nico.\u00a0<a href=\"mailto:lez@stad.gent\" target=\"_blank\" rel=\"noopener\">lez@stad.gent<\/a>\u00a0o llamando al 00 32 9210 10 30.<\/p><p>Quedamos a su servicio, puede hacer todas las preguntas solo (no por tel\u00e9fono) en la direcci\u00f3n de correo electr\u00f3nico\u00a0<a href=\"mailto:info@parkhotelghent.be\" target=\"_blank\" rel=\"noopener\">info@parkhotelghent.be<br \/><\/a><\/p><p>Con los mejores deseos.<\/p><p>Recepci\u00f3n Parkhotel<\/p>\t\t\t\t\t\t\t\t<\/div>\n\t\t\t\t<\/div>\n\t\t\t\t\t<\/div>\n\t\t<\/div>\n\t\t\t\t<div class=\"elementor-column elementor-col-50 elementor-top-column elementor-element elementor-element-1564e04\" data-id=\"1564e04\" data-element_type=\"column\">\n\t\t\t<div class=\"elementor-widget-wrap elementor-element-populated\">\n\t\t\t\t\t\t<div class=\"elementor-element elementor-element-c380825 elementor-widget elementor-widget-image\" data-id=\"c380825\" data-element_type=\"widget\" data-widget_type=\"image.default\">\n\t\t\t\t<div class=\"elementor-widget-container\">\n\t\t\t\t\t\t\t\t\t\t\t\t\t\t\t<img fetchpriority=\"high\" decoding=\"async\" width=\"702\" height=\"480\" src=\"https:\/\/parkhotelgent.be\/wp-content\/uploads\/2020\/07\/Lage-emissiezone-einde.jpg\" class=\"attachment-medium_large size-medium_large wp-image-1490\" alt=\"\" srcset=\"https:\/\/parkhotelgent.be\/wp-content\/uploads\/2020\/07\/Lage-emissiezone-einde.jpg 702w, https:\/\/parkhotelgent.be\/wp-content\/uploads\/2020\/07\/Lage-emissiezone-einde-300x205.jpg 300w\" sizes=\"(max-width: 702px) 100vw, 702px\" \/>\t\t\t\t\t\t\t\t\t\t\t\t\t\t\t<\/div>\n\t\t\t\t<\/div>\n\t\t\t\t<div class=\"elementor-element elementor-element-8abcef0 elementor-widget elementor-widget-video\" data-id=\"8abcef0\" data-element_type=\"widget\" data-settings=\"{&quot;youtube_url&quot;:&quot;https:\\\/\\\/youtu.be\\\/Vf0U5HA5Nzg&quot;,&quot;video_type&quot;:&quot;youtube&quot;,&quot;controls&quot;:&quot;yes&quot;}\" data-widget_type=\"video.default\">\n\t\t\t\t<div class=\"elementor-widget-container\">\n\t\t\t\t\t\t\t<div class=\"elementor-wrapper elementor-open-inline\">\n\t\t\t<div class=\"elementor-video\"><\/div>\t\t<\/div>\n\t\t\t\t\t\t<\/div>\n\t\t\t\t<\/div>\n\t\t\t\t\t<\/div>\n\t\t<\/div>\n\t\t\t\t\t<\/div>\n\t\t<\/section>\n\t\t\t\t<\/div>","protected":false},"excerpt":{"rendered":"<p>LEZ-Gante Zona de bajas emisiones Gante Estimado hu\u00e9sped: Para mejorar la calidad del aire, el centro de la ciudad de Gante o el \u00e1rea dentro de la R40 es una zona de bajas emisiones (LEZ). Los veh\u00edculos contaminantes que no cumplen con los requisitos de admisi\u00f3n ya no pueden ingresar a la zona. Evite una multa y compruebe siempre su veh\u00edculo antes de venir a Gante. \u00bfTienes una pregunta? Mirar [\u2026]<\/p>","protected":false},"author":1,"featured_media":0,"parent":0,"menu_order":0,"comment_status":"closed","ping_status":"closed","template":"elementor_header_footer","meta":{"footnotes":""},"class_list":["post-1488","page","type-page","status-publish","hentry"],"_links":{"self":[{"href":"https:\/\/parkhotelgent.be\/es\/wp-json\/wp\/v2\/pages\/1488","targetHints":{"allow":["GET"]}}],"collection":[{"href":"https:\/\/parkhotelgent.be\/es\/wp-json\/wp\/v2\/pages"}],"about":[{"href":"https:\/\/parkhotelgent.be\/es\/wp-json\/wp\/v2\/types\/page"}],"author":[{"embeddable":true,"href":"https:\/\/parkhotelgent.be\/es\/wp-json\/wp\/v2\/users\/1"}],"replies":[{"embeddable":true,"href":"https:\/\/parkhotelgent.be\/es\/wp-json\/wp\/v2\/comments?post=1488"}],"version-history":[{"count":0,"href":"https:\/\/parkhotelgent.be\/es\/wp-json\/wp\/v2\/pages\/1488\/revisions"}],"wp:attachment":[{"href":"https:\/\/parkhotelgent.be\/es\/wp-json\/wp\/v2\/media?parent=1488"}],"curies":[{"name":"gracias","href":"https:\/\/api.w.org\/{rel}","templated":true}]}}