{"id":2240,"date":"2021-12-30T21:11:16","date_gmt":"2021-12-30T21:11:16","guid":{"rendered":"https:\/\/parkhotelgent.be\/?page_id=2240"},"modified":"2021-12-31T16:51:01","modified_gmt":"2021-12-31T16:51:01","slug":"citycard-gent","status":"publish","type":"page","link":"https:\/\/parkhotelgent.be\/es\/citycard-gent\/","title":{"rendered":"CityCard Gante"},"content":{"rendered":"<div data-elementor-type=\"wp-page\" data-elementor-id=\"2240\" class=\"elementor elementor-2240\" data-elementor-post-type=\"page\">\n\t\t\t\t\t\t<section class=\"elementor-section elementor-top-section elementor-element elementor-element-3ea2197 elementor-section-boxed elementor-section-height-default elementor-section-height-default\" data-id=\"3ea2197\" data-element_type=\"section\" data-settings=\"{&quot;background_background&quot;:&quot;classic&quot;}\">\n\t\t\t\t\t\t<div class=\"elementor-container elementor-column-gap-wide\">\n\t\t\t\t\t<div class=\"elementor-column elementor-col-100 elementor-top-column elementor-element elementor-element-1729c28\" data-id=\"1729c28\" data-element_type=\"column\">\n\t\t\t<div class=\"elementor-widget-wrap elementor-element-populated\">\n\t\t\t\t\t\t<div class=\"elementor-element elementor-element-4fbd2cc elementor-widget elementor-widget-heading\" data-id=\"4fbd2cc\" data-element_type=\"widget\" data-widget_type=\"heading.default\">\n\t\t\t\t<div class=\"elementor-widget-container\">\n\t\t\t\t\t<h2 class=\"elementor-heading-title elementor-size-default\">CityCard Gante<\/h2>\t\t\t\t<\/div>\n\t\t\t\t<\/div>\n\t\t\t\t<div class=\"elementor-element elementor-element-20402c0 elementor-widget elementor-widget-image\" data-id=\"20402c0\" data-element_type=\"widget\" data-widget_type=\"image.default\">\n\t\t\t\t<div class=\"elementor-widget-container\">\n\t\t\t\t\t\t\t\t\t\t\t\t\t\t\t<img fetchpriority=\"high\" decoding=\"async\" width=\"768\" height=\"614\" src=\"https:\/\/parkhotelgent.be\/wp-content\/uploads\/2021\/12\/CityCard-Gent-map-768x614.jpg\" class=\"attachment-medium_large size-medium_large wp-image-2242\" alt=\"\" srcset=\"https:\/\/parkhotelgent.be\/wp-content\/uploads\/2021\/12\/CityCard-Gent-map-768x614.jpg 768w, https:\/\/parkhotelgent.be\/wp-content\/uploads\/2021\/12\/CityCard-Gent-map-300x240.jpg 300w, https:\/\/parkhotelgent.be\/wp-content\/uploads\/2021\/12\/CityCard-Gent-map-15x12.jpg 15w, https:\/\/parkhotelgent.be\/wp-content\/uploads\/2021\/12\/CityCard-Gent-map.jpg 840w\" sizes=\"(max-width: 768px) 100vw, 768px\" \/>\t\t\t\t\t\t\t\t\t\t\t\t\t\t\t<\/div>\n\t\t\t\t<\/div>\n\t\t\t\t<div class=\"elementor-element elementor-element-a1f1c24 elementor-widget elementor-widget-text-editor\" data-id=\"a1f1c24\" data-element_type=\"widget\" data-widget_type=\"text-editor.default\">\n\t\t\t\t<div class=\"elementor-widget-container\">\n\t\t\t\t\t\t\t\t\t<p>Haga su fin de semana completamente a su voluntad. La CityCard Gent es simple y clara de usar. Recibir\u00e1 un pr\u00e1ctico mapa expandible de la ciudad y toda la informaci\u00f3n sobre los beneficios de CityCard. Elija una tarjeta por 48 horas o 72 horas.<\/p>\n<p>Esta tarjeta de descuento es una experiencia integral en Gante. \u00a1Ser\u00eda una locura no disfrutar de esta oferta \u00fanica!<\/p>\n<p>Puedes comprar la Ghent CityCard aqu\u00ed:<\/p>\n<ul>\n<li>Por correo electr\u00f3nico a <a href=\"mailto:info@parkhotelgent.be\">info@parkhotelgent.be<\/a><\/li>\n<li>Llegada a la recepci\u00f3n del hotel.<\/li>\n<li>Todos los museos y lugares de inter\u00e9s participantes de Gante.<\/li>\n<li>Los puntos de venta de la empresa de transporte De Lijn.<\/li>\n<\/ul>\t\t\t\t\t\t\t\t<\/div>\n\t\t\t\t<\/div>\n\t\t\t\t\t<\/div>\n\t\t<\/div>\n\t\t\t\t\t<\/div>\n\t\t<\/section>\n\t\t\t\t<\/div>","protected":false},"excerpt":{"rendered":"<p>CityCard Ghent Haga su viaje de fin de semana completamente a su gusto. La CityCard Gent es simple y clara de usar. Recibir\u00e1s un pr\u00e1ctico mapa de la ciudad ampliable y toda la informaci\u00f3n sobre las ventajas de la CityCard. Elija una tarjeta para 48 horas o 72 horas. Esta tarjeta de descuento es una experiencia integral en Gante. Estar\u00edas loco si no [\u2026]<\/p>","protected":false},"author":1,"featured_media":0,"parent":0,"menu_order":4,"comment_status":"closed","ping_status":"closed","template":"elementor_header_footer","meta":{"footnotes":""},"class_list":["post-2240","page","type-page","status-publish","hentry"],"_links":{"self":[{"href":"https:\/\/parkhotelgent.be\/es\/wp-json\/wp\/v2\/pages\/2240","targetHints":{"allow":["GET"]}}],"collection":[{"href":"https:\/\/parkhotelgent.be\/es\/wp-json\/wp\/v2\/pages"}],"about":[{"href":"https:\/\/parkhotelgent.be\/es\/wp-json\/wp\/v2\/types\/page"}],"author":[{"embeddable":true,"href":"https:\/\/parkhotelgent.be\/es\/wp-json\/wp\/v2\/users\/1"}],"replies":[{"embeddable":true,"href":"https:\/\/parkhotelgent.be\/es\/wp-json\/wp\/v2\/comments?post=2240"}],"version-history":[{"count":0,"href":"https:\/\/parkhotelgent.be\/es\/wp-json\/wp\/v2\/pages\/2240\/revisions"}],"wp:attachment":[{"href":"https:\/\/parkhotelgent.be\/es\/wp-json\/wp\/v2\/media?parent=2240"}],"curies":[{"name":"gracias","href":"https:\/\/api.w.org\/{rel}","templated":true}]}}