{"id":683,"date":"2020-06-24T11:59:37","date_gmt":"2020-06-24T11:59:37","guid":{"rendered":"http:\/\/parkhotel.galia.be\/?page_id=683"},"modified":"2023-06-12T16:25:20","modified_gmt":"2023-06-12T16:25:20","slug":"vergaderen","status":"publish","type":"page","link":"https:\/\/parkhotelgent.be\/es\/vergaderen\/","title":{"rendered":"Reuniones"},"content":{"rendered":"<div data-elementor-type=\"wp-page\" data-elementor-id=\"683\" class=\"elementor elementor-683\" data-elementor-post-type=\"page\">\n\t\t\t\t\t\t<section class=\"elementor-section elementor-top-section elementor-element elementor-element-c86c4a9 elementor-section-full_width elementor-section-height-default elementor-section-height-default\" data-id=\"c86c4a9\" data-element_type=\"section\">\n\t\t\t\t\t\t<div class=\"elementor-container elementor-column-gap-no\">\n\t\t\t\t\t<div class=\"elementor-column elementor-col-100 elementor-top-column elementor-element elementor-element-8960400\" data-id=\"8960400\" data-element_type=\"column\">\n\t\t\t<div class=\"elementor-widget-wrap elementor-element-populated\">\n\t\t\t\t\t\t<div class=\"elementor-element elementor-element-f00f245 elementor--h-position-center elementor--v-position-middle elementor-widget elementor-widget-slides\" data-id=\"f00f245\" data-element_type=\"widget\" data-settings=\"{&quot;navigation&quot;:&quot;none&quot;,&quot;transition&quot;:&quot;fade&quot;,&quot;transition_speed&quot;:500}\" data-widget_type=\"slides.default\">\n\t\t\t\t<div class=\"elementor-widget-container\">\n\t\t\t\t\t\t\t\t\t<div class=\"elementor-swiper\">\n\t\t\t\t\t<div class=\"elementor-slides-wrapper elementor-main-swiper swiper\" role=\"region\" aria-roledescription=\"carousel\" aria-label=\"Slider\" dir=\"ltr\" data-animation=\"\" data-no-translation-aria-label=\"\">\n\t\t\t\t<div class=\"swiper-wrapper elementor-slides\">\n\t\t\t\t\t\t\t\t\t\t<div class=\"elementor-repeater-item-f4b2dbe swiper-slide\" role=\"group\" aria-roledescription=\"slide\"><div class=\"swiper-slide-bg\" role=\"img\" aria-label=\"Receptie + bar\"><\/div><div class=\"elementor-background-overlay\"><\/div><div class=\"swiper-slide-inner\" ><div class=\"swiper-slide-contents\"><div class=\"elementor-slide-heading\">Reuniones<\/div><div class=\"elementor-slide-description\">Reuniones en Parkhotel con cita previa<\/div><\/div><\/div><\/div>\t\t\t\t<\/div>\n\t\t\t\t\t\t\t<\/div>\n\t\t\t\t<\/div>\n\t\t\t\t\t\t\t\t<\/div>\n\t\t\t\t<\/div>\n\t\t\t\t\t<\/div>\n\t\t<\/div>\n\t\t\t\t\t<\/div>\n\t\t<\/section>\n\t\t\t\t<section class=\"elementor-section elementor-top-section elementor-element elementor-element-e36d7e3 elementor-section-boxed elementor-section-height-default elementor-section-height-default\" data-id=\"e36d7e3\" data-element_type=\"section\" data-settings=\"{&quot;background_background&quot;:&quot;classic&quot;}\">\n\t\t\t\t\t\t<div class=\"elementor-container elementor-column-gap-wide\">\n\t\t\t\t\t<div class=\"elementor-column elementor-col-50 elementor-top-column elementor-element elementor-element-0e73a1a\" data-id=\"0e73a1a\" data-element_type=\"column\">\n\t\t\t<div class=\"elementor-widget-wrap elementor-element-populated\">\n\t\t\t\t\t\t<div class=\"elementor-element elementor-element-d5aa9f6 elementor-widget elementor-widget-heading\" data-id=\"d5aa9f6\" data-element_type=\"widget\" data-widget_type=\"heading.default\">\n\t\t\t\t<div class=\"elementor-widget-container\">\n\t\t\t\t\t<h2 class=\"elementor-heading-title elementor-size-default\">Reuniones en Gante<\/h2>\t\t\t\t<\/div>\n\t\t\t\t<\/div>\n\t\t\t\t<div class=\"elementor-element elementor-element-fd05a40 elementor-widget elementor-widget-heading\" data-id=\"fd05a40\" data-element_type=\"widget\" data-widget_type=\"heading.default\">\n\t\t\t\t<div class=\"elementor-widget-container\">\n\t\t\t\t\t<h4 class=\"elementor-heading-title elementor-size-default\">Con todas las comodidades necesarias<\/h4>\t\t\t\t<\/div>\n\t\t\t\t<\/div>\n\t\t\t\t<div class=\"elementor-element elementor-element-b35fcc1 elementor-widget elementor-widget-text-editor\" data-id=\"b35fcc1\" data-element_type=\"widget\" data-widget_type=\"text-editor.default\">\n\t\t\t\t<div class=\"elementor-widget-container\">\n\t\t\t\t\t\t\t\t\t<p>Parkhotel dispone de una sala de conferencias para un m\u00e1ximo de 10 personas.<\/p>\n<p>La sala est\u00e1 equipada con una gran pantalla de televisi\u00f3n que se puede conectar a una computadora para mostrar presentaciones. Tambi\u00e9n existe la opci\u00f3n de alquilar un rotafolio por 10\u20ac.<\/p><p>Alquiler sin reserva de habitaciones: 45 \u20ac la hora.<br>Las empresas que alquilan habitaciones pueden obtener un descuento en el precio del alquiler.<\/p><p>Buffet de caf\u00e9 y t\u00e9: 11 \u20ac por persona.<br>Buffet de caf\u00e9 y t\u00e9 con mini boller\u00eda (3 por persona): 17\u20ac<br>Mini bocadillos: 6 \u20ac por bocadillo.<br>Agua en la mesa de conferencias: botella de 1 litro 11\u20ac<\/p><p>El resto de bebidas se cobran seg\u00fan la carta de bebidas.<\/p><p>Todas las solicitudes v\u00eda&nbsp;<a href=\"mailto:info@parkhotelghent.be\" target=\"_blank\" style=\"background-color: rgb(255, 255, 255);\">info@parkhotelghent.be<\/a>, indique la direcci\u00f3n.<\/p>\t\t\t\t\t\t\t\t<\/div>\n\t\t\t\t<\/div>\n\t\t\t\t\t<\/div>\n\t\t<\/div>\n\t\t\t\t<div class=\"elementor-column elementor-col-50 elementor-top-column elementor-element elementor-element-576e757\" data-id=\"576e757\" data-element_type=\"column\">\n\t\t\t<div class=\"elementor-widget-wrap elementor-element-populated\">\n\t\t\t\t\t\t<div class=\"elementor-element elementor-element-5196ef1 elementor-widget elementor-widget-image\" data-id=\"5196ef1\" data-element_type=\"widget\" data-widget_type=\"image.default\">\n\t\t\t\t<div class=\"elementor-widget-container\">\n\t\t\t\t\t\t\t\t\t\t\t\t\t\t\t<img fetchpriority=\"high\" decoding=\"async\" width=\"467\" height=\"700\" src=\"https:\/\/parkhotelgent.be\/wp-content\/uploads\/2020\/07\/vergaderzaal.jpg\" class=\"attachment-large size-large wp-image-829\" alt=\"\" srcset=\"https:\/\/parkhotelgent.be\/wp-content\/uploads\/2020\/07\/vergaderzaal.jpg 467w, https:\/\/parkhotelgent.be\/wp-content\/uploads\/2020\/07\/vergaderzaal-200x300.jpg 200w\" sizes=\"(max-width: 467px) 100vw, 467px\" \/>\t\t\t\t\t\t\t\t\t\t\t\t\t\t\t<\/div>\n\t\t\t\t<\/div>\n\t\t\t\t\t<\/div>\n\t\t<\/div>\n\t\t\t\t\t<\/div>\n\t\t<\/section>\n\t\t\t\t<\/div>","protected":false},"excerpt":{"rendered":"<p>ReunionesReuniones en Parkhotel con cita previa Reuniones en Gante Con todas las instalaciones necesarias Parkhotel dispone de una sala de reuniones para un m\u00e1ximo de 10 personas. La sala est\u00e1 equipada con una gran pantalla de televisi\u00f3n que se puede conectar a una computadora para mostrar presentaciones. Tambi\u00e9n existe la posibilidad de alquilar un rotafolio a las 10 [\u2026]<\/p>","protected":false},"author":1,"featured_media":0,"parent":0,"menu_order":14,"comment_status":"closed","ping_status":"closed","template":"elementor_header_footer","meta":{"footnotes":""},"class_list":["post-683","page","type-page","status-publish","hentry"],"_links":{"self":[{"href":"https:\/\/parkhotelgent.be\/es\/wp-json\/wp\/v2\/pages\/683","targetHints":{"allow":["GET"]}}],"collection":[{"href":"https:\/\/parkhotelgent.be\/es\/wp-json\/wp\/v2\/pages"}],"about":[{"href":"https:\/\/parkhotelgent.be\/es\/wp-json\/wp\/v2\/types\/page"}],"author":[{"embeddable":true,"href":"https:\/\/parkhotelgent.be\/es\/wp-json\/wp\/v2\/users\/1"}],"replies":[{"embeddable":true,"href":"https:\/\/parkhotelgent.be\/es\/wp-json\/wp\/v2\/comments?post=683"}],"version-history":[{"count":0,"href":"https:\/\/parkhotelgent.be\/es\/wp-json\/wp\/v2\/pages\/683\/revisions"}],"wp:attachment":[{"href":"https:\/\/parkhotelgent.be\/es\/wp-json\/wp\/v2\/media?parent=683"}],"curies":[{"name":"gracias","href":"https:\/\/api.w.org\/{rel}","templated":true}]}}