{"id":1140,"date":"2020-07-16T09:10:17","date_gmt":"2020-07-16T09:10:17","guid":{"rendered":"http:\/\/parkhotel.galia.be\/?page_id=1140"},"modified":"2023-06-12T16:22:05","modified_gmt":"2023-06-12T16:22:05","slug":"fietsen-in-gent","status":"publish","type":"page","link":"https:\/\/parkhotelgent.be\/fr\/fietsen-in-gent\/","title":{"rendered":"Faire du v\u00e9lo \u00e0 Gand"},"content":{"rendered":"<div data-elementor-type=\"wp-page\" data-elementor-id=\"1140\" class=\"elementor elementor-1140\" data-elementor-post-type=\"page\">\n\t\t\t\t\t\t<section class=\"elementor-section elementor-top-section elementor-element elementor-element-0170389 elementor-section-boxed elementor-section-height-default elementor-section-height-default\" data-id=\"0170389\" data-element_type=\"section\" data-settings=\"{&quot;background_background&quot;:&quot;classic&quot;}\">\n\t\t\t\t\t\t<div class=\"elementor-container elementor-column-gap-wide\">\n\t\t\t\t\t<div class=\"elementor-column elementor-col-50 elementor-top-column elementor-element elementor-element-54987f6\" data-id=\"54987f6\" data-element_type=\"column\">\n\t\t\t<div class=\"elementor-widget-wrap elementor-element-populated\">\n\t\t\t\t\t\t<div class=\"elementor-element elementor-element-2f63caf elementor-widget elementor-widget-heading\" data-id=\"2f63caf\" data-element_type=\"widget\" data-widget_type=\"heading.default\">\n\t\t\t\t<div class=\"elementor-widget-container\">\n\t\t\t\t\t<h2 class=\"elementor-heading-title elementor-size-default\">Faire du v\u00e9lo \u00e0 Gand<\/h2>\t\t\t\t<\/div>\n\t\t\t\t<\/div>\n\t\t\t\t<div class=\"elementor-element elementor-element-b09a4b9 elementor-widget elementor-widget-heading\" data-id=\"b09a4b9\" data-element_type=\"widget\" data-widget_type=\"heading.default\">\n\t\t\t\t<div class=\"elementor-widget-container\">\n\t\t\t\t\t<h4 class=\"elementor-heading-title elementor-size-default\">D\u00e9couvrez Gand \u00e0 v\u00e9lo ...<\/h4>\t\t\t\t<\/div>\n\t\t\t\t<\/div>\n\t\t\t\t<div class=\"elementor-element elementor-element-150c8f1 elementor-widget elementor-widget-text-editor\" data-id=\"150c8f1\" data-element_type=\"widget\" data-widget_type=\"text-editor.default\">\n\t\t\t\t<div class=\"elementor-widget-container\">\n\t\t\t\t\t\t\t\t\t<p>Gand vous transportera comme le plus grand centre sans voiture d&#039;Europe. Vivre Gand \u00e0 v\u00e9lo est un must absolu: la ville est amoureuse des deux-roues et l&#039;amour est r\u00e9ciproque. Gand est g\u00e9rable et facile \u00e0 voir.<\/p><p>Si vous n&#039;avez pas de v\u00e9lo, vous pouvez en louer un \u00e0 l&#039;h\u00f4tel. Il est recommand\u00e9 de r\u00e9server les v\u00e9los \u00e0 l&#039;avance, car c&#039;est parti. Les r\u00e9servations peuvent \u00eatre faites par mail: <a href=\"mailto:info@parkhotelghent.be\">info@parkhotelghent.be<\/a><\/p><p>Vous pouvez louer un v\u00e9lo \u00e0 partir de 13 \u20ac par jour. Le client est responsable de tout dommage ou vol du v\u00e9lo. Une caution de 150 \u20ac est demand\u00e9e.<\/p><p>Sur le lien suivant, vous trouverez de nombreuses pistes cyclables: <a href=\"https:\/\/fietsambassade.gent.be\/\" target=\"_blank\" rel=\"noopener\">tente de v\u00e9lo<\/a><\/p>\t\t\t\t\t\t\t\t<\/div>\n\t\t\t\t<\/div>\n\t\t\t\t\t<\/div>\n\t\t<\/div>\n\t\t\t\t<div class=\"elementor-column elementor-col-50 elementor-top-column elementor-element elementor-element-f99f96b\" data-id=\"f99f96b\" data-element_type=\"column\">\n\t\t\t<div class=\"elementor-widget-wrap elementor-element-populated\">\n\t\t\t\t\t\t<div class=\"elementor-element elementor-element-86f12ad elementor-widget elementor-widget-image\" data-id=\"86f12ad\" data-element_type=\"widget\" data-widget_type=\"image.default\">\n\t\t\t\t<div class=\"elementor-widget-container\">\n\t\t\t\t\t\t\t\t\t\t\t\t\t\t\t<img fetchpriority=\"high\" decoding=\"async\" width=\"800\" height=\"341\" src=\"https:\/\/parkhotelgent.be\/wp-content\/uploads\/2020\/07\/fiets-crop-c0-5__0-5-860x367-90.jpg\" class=\"attachment-large size-large wp-image-1282\" alt=\"\" srcset=\"https:\/\/parkhotelgent.be\/wp-content\/uploads\/2020\/07\/fiets-crop-c0-5__0-5-860x367-90.jpg 860w, https:\/\/parkhotelgent.be\/wp-content\/uploads\/2020\/07\/fiets-crop-c0-5__0-5-860x367-90-300x128.jpg 300w, https:\/\/parkhotelgent.be\/wp-content\/uploads\/2020\/07\/fiets-crop-c0-5__0-5-860x367-90-768x328.jpg 768w\" sizes=\"(max-width: 800px) 100vw, 800px\" \/>\t\t\t\t\t\t\t\t\t\t\t\t\t\t\t<\/div>\n\t\t\t\t<\/div>\n\t\t\t\t\t<\/div>\n\t\t<\/div>\n\t\t\t\t\t<\/div>\n\t\t<\/section>\n\t\t\t\t<section class=\"elementor-section elementor-top-section elementor-element elementor-element-1291173 elementor-section-boxed elementor-section-height-default elementor-section-height-default\" data-id=\"1291173\" data-element_type=\"section\" data-settings=\"{&quot;background_background&quot;:&quot;classic&quot;}\">\n\t\t\t\t\t\t<div class=\"elementor-container elementor-column-gap-default\">\n\t\t\t\t\t<div class=\"elementor-column elementor-col-100 elementor-top-column elementor-element elementor-element-6e30295\" data-id=\"6e30295\" data-element_type=\"column\">\n\t\t\t<div class=\"elementor-widget-wrap elementor-element-populated\">\n\t\t\t\t\t\t<div class=\"elementor-element elementor-element-732ff21 elementor-widget elementor-widget-heading\" data-id=\"732ff21\" data-element_type=\"widget\" data-widget_type=\"heading.default\">\n\t\t\t\t<div class=\"elementor-widget-container\">\n\t\t\t\t\t<h3 class=\"elementor-heading-title elementor-size-default\">Promotions et forfaits<\/h3>\t\t\t\t<\/div>\n\t\t\t\t<\/div>\n\t\t\t\t<div class=\"elementor-element elementor-element-bdf5734 elementor-widget elementor-widget-uael-posts\" data-id=\"bdf5734\" data-element_type=\"widget\" data-settings=\"{&quot;classic_slides_to_show&quot;:3,&quot;classic_slides_to_show_tablet&quot;:2,&quot;classic_slides_to_show_mobile&quot;:1,&quot;classic_show_filters&quot;:&quot;no&quot;}\" data-widget_type=\"uael-posts.classic\">\n\t\t\t\t<div class=\"elementor-widget-container\">\n\t\t\t\t\t\t\t<div class=\"uael-post__header\">\n\t\t\t\t\t<\/div>\n\t\t<div class=\"uael-post__body\">\n\t\t\t\n\t\t\n\t\t<div class=\"uael-blog-terms-position- uael-post-image-top uael-post-grid uael-posts\" data-query-type=\"custom\" data-structure=\"normal\" data-layout=\"\" data-page=\"1140\" data-skin=\"classic\" data-filter-default=\"\" data-offset-top=\"30\" >\n\n\t\t\t\t\t\t\t<div class=\"uael-post-grid__inner uael-post__columns-3 uael-post__columns-tablet-2 uael-post__columns-mobile-1\">\n\t\t\t\n<div class=\"uael-post-wrapper   nieuws\">\n\t<div class=\"uael-post__bg-wrap uael-bg-wrap-disabled\">\n\n\t\t\t\t\n\t\t<div class=\"uael-post__inner-wrap uael-inner-wrap-disabled\">\n\n\t\t\t\t<div class=\"uael-post__thumbnail\">\n\t\t\t\n\t\t\t<a href=\"https:\/\/parkhotelgent.be\/fr\/nieuws\/waarom-kiezen-om-de-olympische-spelen-te-bezoeken-vanuit-gent\/\" target=\"_self\" title=\"Pourquoi choisir de visiter les Jeux Olympiques depuis Gand ?\"><img decoding=\"async\" src=\"https:\/\/parkhotelgent.be\/wp-content\/uploads\/elementor\/thumbs\/olymic-games-2024-qisbualn8q1h3aobiszw8hs2nymu715ywp74h0ye9w.jpeg\" title=\"jeux-olympiques-2024\" alt=\"jeux-olympiques-2024\" loading=\"lazy\" \/><\/a>\n\t\t\t\t\t<\/div>\n\t\t\n\t\t\t\n\t\t\t<div class=\"uael-post__content-wrap uael-content-wrap-disabled\">\n\t\t\t\t\t<h4 class=\"uael-post__title\">\n\n\t\t\n\t\t\t\t\t\t<a href=\"https:\/\/parkhotelgent.be\/fr\/nieuws\/waarom-kiezen-om-de-olympische-spelen-te-bezoeken-vanuit-gent\/\" target=\"_self\">\n\t\t\t\tPourquoi choisir de visiter les Jeux Olympiques depuis Gand ?\t\t\t<\/a>\n\n\t\t\t\t<\/h4>\n\t\t\t\t\t<\/div>\n\t\t\t\n\t\t<\/div>\n\t\t\n\t<\/div>\n\n<\/div>\n\n<div class=\"uael-post-wrapper   nieuws\">\n\t<div class=\"uael-post__bg-wrap uael-bg-wrap-disabled\">\n\n\t\t\t\t\n\t\t<div class=\"uael-post__inner-wrap uael-inner-wrap-disabled\">\n\n\t\t\t\t<div class=\"uael-post__thumbnail\">\n\t\t\t\n\t\t\t<a href=\"https:\/\/parkhotelgent.be\/fr\/nieuws\/lichtfestival-gent\/\" target=\"_self\" title=\"F\u00eate des Lumi\u00e8res de Gand\"><img decoding=\"async\" src=\"https:\/\/parkhotelgent.be\/wp-content\/uploads\/elementor\/thumbs\/343420-LichtfestivalGent-24278e-original-1579776428-qisdwqfihdxyjkjpuhd977j89hqas3oph54fowkzic.jpeg\" title=\"343420-LightfestivalGent-24278e-original-1579776428\" alt=\"343420-LightfestivalGent-24278e-original-1579776428\" loading=\"lazy\" \/><\/a>\n\t\t\t\t\t<\/div>\n\t\t\n\t\t\t\n\t\t\t<div class=\"uael-post__content-wrap uael-content-wrap-disabled\">\n\t\t\t\t\t<h4 class=\"uael-post__title\">\n\n\t\t\n\t\t\t\t\t\t<a href=\"https:\/\/parkhotelgent.be\/fr\/nieuws\/lichtfestival-gent\/\" target=\"_self\">\n\t\t\t\tF\u00eate des Lumi\u00e8res de Gand\t\t\t<\/a>\n\n\t\t\t\t<\/h4>\n\t\t\t\t\t<\/div>\n\t\t\t\n\t\t<\/div>\n\t\t\n\t<\/div>\n\n<\/div>\n\n<div class=\"uael-post-wrapper   nieuws\">\n\t<div class=\"uael-post__bg-wrap uael-bg-wrap-disabled\">\n\n\t\t\t\t\n\t\t<div class=\"uael-post__inner-wrap uael-inner-wrap-disabled\">\n\n\t\t\t\t<div class=\"uael-post__thumbnail\">\n\t\t\t\n\t\t\t<a href=\"https:\/\/parkhotelgent.be\/fr\/nieuws\/internationaal-fietscongres-velo-city-komt-in-juni-2024-naar-gent\/\" target=\"_self\" title=\"La conf\u00e9rence cycliste internationale Velo-city aura lieu \u00e0 Gand en juin 2024\"><img decoding=\"async\" src=\"https:\/\/parkhotelgent.be\/wp-content\/uploads\/elementor\/thumbs\/POLIS-website-News-and-event-format-2023-10-09T180221.345-qiseg04el4bkjsk3bt7xbchenur6kq6m4ikrv40fyc.png\" title=\"POLIS-site-web-Actualit\u00e9s-et-\u00e9v\u00e9nement-format-2023-10-09T180221.345\" alt=\"POLIS-site-web-Actualit\u00e9s-et-\u00e9v\u00e9nement-format-2023-10-09T180221.345\" loading=\"lazy\" \/><\/a>\n\t\t\t\t\t<\/div>\n\t\t\n\t\t\t\n\t\t\t<div class=\"uael-post__content-wrap uael-content-wrap-disabled\">\n\t\t\t\t\t<h4 class=\"uael-post__title\">\n\n\t\t\n\t\t\t\t\t\t<a href=\"https:\/\/parkhotelgent.be\/fr\/nieuws\/internationaal-fietscongres-velo-city-komt-in-juni-2024-naar-gent\/\" target=\"_self\">\n\t\t\t\tLa conf\u00e9rence cycliste internationale Velo-city aura lieu \u00e0 Gand en juin 2024\t\t\t<\/a>\n\n\t\t\t\t<\/h4>\n\t\t\t\t\t<\/div>\n\t\t\t\n\t\t<\/div>\n\t\t\n\t<\/div>\n\n<\/div>\n\t\t\t\t<\/div>\n\t\t\t\t\t\t\n\t\t<\/div>\n\n\t\t\t\t\t\t<\/div>\n\t\t<div class=\"uael-post__footer\">\n\t\t\t\t\t<\/div>\n\t\t\t\t\t\t<\/div>\n\t\t\t\t<\/div>\n\t\t\t\t<div class=\"elementor-element elementor-element-3a489be elementor-align-center elementor-widget elementor-widget-button\" data-id=\"3a489be\" data-element_type=\"widget\" data-widget_type=\"button.default\">\n\t\t\t\t<div class=\"elementor-widget-container\">\n\t\t\t\t\t\t\t\t\t<div class=\"elementor-button-wrapper\">\n\t\t\t\t\t<a class=\"elementor-button elementor-button-link elementor-size-sm\" href=\"https:\/\/parkhotelgent.be\/fr\/promoties\/\">\n\t\t\t\t\t\t<span class=\"elementor-button-content-wrapper\">\n\t\t\t\t\t\t\t\t\t<span class=\"elementor-button-text\">Tout voir \u2192<\/span>\n\t\t\t\t\t<\/span>\n\t\t\t\t\t<\/a>\n\t\t\t\t<\/div>\n\t\t\t\t\t\t\t\t<\/div>\n\t\t\t\t<\/div>\n\t\t\t\t\t<\/div>\n\t\t<\/div>\n\t\t\t\t\t<\/div>\n\t\t<\/section>\n\t\t\t\t<\/div>","protected":false},"excerpt":{"rendered":"<p>Faire du v\u00e9lo \u00e0 Gand D\u00e9couvrez Gand \u00e0 v\u00e9lo\u2026 Gand vous enchantera en tant que plus grand centre sans voiture d&#039;Europe. Vivre Gand \u00e0 v\u00e9lo est un must absolu : la ville est amoureuse des deux-roues et l&#039;amour est r\u00e9ciproque. Gand est g\u00e9rable et facile \u00e0 voir. Si vous n&#039;avez pas de v\u00e9lo, vous pouvez [\u2026]<\/p>","protected":false},"author":1,"featured_media":0,"parent":0,"menu_order":9,"comment_status":"closed","ping_status":"closed","template":"elementor_header_footer","meta":{"footnotes":""},"class_list":["post-1140","page","type-page","status-publish","hentry"],"_links":{"self":[{"href":"https:\/\/parkhotelgent.be\/fr\/wp-json\/wp\/v2\/pages\/1140","targetHints":{"allow":["GET"]}}],"collection":[{"href":"https:\/\/parkhotelgent.be\/fr\/wp-json\/wp\/v2\/pages"}],"about":[{"href":"https:\/\/parkhotelgent.be\/fr\/wp-json\/wp\/v2\/types\/page"}],"author":[{"embeddable":true,"href":"https:\/\/parkhotelgent.be\/fr\/wp-json\/wp\/v2\/users\/1"}],"replies":[{"embeddable":true,"href":"https:\/\/parkhotelgent.be\/fr\/wp-json\/wp\/v2\/comments?post=1140"}],"version-history":[{"count":0,"href":"https:\/\/parkhotelgent.be\/fr\/wp-json\/wp\/v2\/pages\/1140\/revisions"}],"wp:attachment":[{"href":"https:\/\/parkhotelgent.be\/fr\/wp-json\/wp\/v2\/media?parent=1140"}],"curies":[{"name":"wp","href":"https:\/\/api.w.org\/{rel}","templated":true}]}}