{"id":1364,"date":"2020-07-17T09:27:49","date_gmt":"2020-07-17T09:27:49","guid":{"rendered":"https:\/\/parkhotelghent.be\/?page_id=1364"},"modified":"2020-07-17T09:50:52","modified_gmt":"2020-07-17T09:50:52","slug":"privacybeleid","status":"publish","type":"page","link":"https:\/\/parkhotelgent.be\/fr\/privacybeleid\/","title":{"rendered":"Politique de confidentialit\u00e9"},"content":{"rendered":"<div data-elementor-type=\"wp-page\" data-elementor-id=\"1364\" class=\"elementor elementor-1364\" data-elementor-post-type=\"page\">\n\t\t\t\t\t\t<section class=\"elementor-section elementor-top-section elementor-element elementor-element-57ffb1f elementor-section-boxed elementor-section-height-default elementor-section-height-default\" data-id=\"57ffb1f\" data-element_type=\"section\" data-settings=\"{&quot;background_background&quot;:&quot;classic&quot;}\">\n\t\t\t\t\t\t<div class=\"elementor-container elementor-column-gap-default\">\n\t\t\t\t\t<div class=\"elementor-column elementor-col-100 elementor-top-column elementor-element elementor-element-7b801da\" data-id=\"7b801da\" data-element_type=\"column\">\n\t\t\t<div class=\"elementor-widget-wrap elementor-element-populated\">\n\t\t\t\t\t\t<div class=\"elementor-element elementor-element-68b1374 elementor-widget elementor-widget-heading\" data-id=\"68b1374\" data-element_type=\"widget\" data-widget_type=\"heading.default\">\n\t\t\t\t<div class=\"elementor-widget-container\">\n\t\t\t\t\t<h2 class=\"elementor-heading-title elementor-size-default\">Politique de confidentialit\u00e9<\/h2>\t\t\t\t<\/div>\n\t\t\t\t<\/div>\n\t\t\t\t<div class=\"elementor-element elementor-element-0437494 elementor-widget elementor-widget-text-editor\" data-id=\"0437494\" data-element_type=\"widget\" data-widget_type=\"text-editor.default\">\n\t\t\t\t<div class=\"elementor-widget-container\">\n\t\t\t\t\t\t\t\t\t<h4><span style=\"color: #262626; font-size: 22px;\">Partie 1: Nous devons prot\u00e9ger votre vie priv\u00e9e ensemble.<\/span><\/h4><p>Votre vie priv\u00e9e est tr\u00e8s importante pour nous. Nous voulons traiter vos donn\u00e9es personnelles de mani\u00e8re l\u00e9gale, correcte et transparente. Dans cette d\u00e9claration de confidentialit\u00e9, nous expliquons quelles donn\u00e9es personnelles nous collectons et traitons aupr\u00e8s de vous en tant que personne physique.<\/p><p>D\u00e9sormais, nous parlons toujours de vos donn\u00e9es en tant que client, en tant que futur client \u00e9ventuel ou en tant qu&#039;autre personne concern\u00e9e, telle que b\u00e9n\u00e9ficiaire, personne de contact dans une entreprise, etc. \u00c0 quelque titre que ce soit, vos droits restent les m\u00eames et Hotel Cathedral prend soin de vos donn\u00e9es .<\/p><p>Assurez-vous de lire ces informations et de voir ce que vous pouvez faire.<\/p><p>Nous vous recommandons de lire attentivement ces informations afin de savoir \u00e0 quoi Parkhotel utilise vos donn\u00e9es. Vous trouverez \u00e9galement plus d&#039;informations sur vos droits \u00e0 la vie priv\u00e9e et comment vous pouvez les exercer dans cette d\u00e9claration de confidentialit\u00e9.<\/p><p>Parkhotel peut ajuster cette d\u00e9claration de confidentialit\u00e9. Vous trouverez toujours la version la plus r\u00e9cente sur www.hotelcathedral.be. L&#039;Hotel Cathedral vous informera via son site Web de tout changement de fond important.<\/p><p>Pour plus d&#039;informations sur la l\u00e9gislation belge en mati\u00e8re de protection de la vie priv\u00e9e en g\u00e9n\u00e9ral, vous pouvez \u00e9galement visiter www.privacycommission.be, le site Web de l&#039;Autorit\u00e9 belge de protection des donn\u00e9es (anciennement appel\u00e9e commission de la vie priv\u00e9e).<\/p><p>Contactez Parkhotel si vous avez des questions sur le traitement de vos donn\u00e9es.<\/p><p>Si vous avez des questions sur la confidentialit\u00e9 ou si vous souhaitez ajuster vos param\u00e8tres de confidentialit\u00e9 ou exercer vos droits, vous pouvez nous contacter de la mani\u00e8re suivante; par email \u00e0 directie@hotelcathedral.be.<\/p><p>\u00a0<\/p><p>\u00a0<\/p><h6>Partie 2: Vous avez droit \u00e0 votre vie priv\u00e9e.<\/h6><p>Si vos donn\u00e9es sont trait\u00e9es, vous disposez de nombreux droits. Si Parkhotel vous demande l&#039;autorisation de traitement, vous pouvez ensuite retirer cette autorisation vous-m\u00eame quand vous le souhaitez. Par exemple. Envoyez une newsletter avec des offres promotionnelles.<\/p><p><em><b>2.1 Vous pouvez afficher vos donn\u00e9es.<\/b><\/em><\/p><p>Si vous souhaitez consulter les donn\u00e9es que Parkhotel traite \u00e0 votre sujet, veuillez nous en informer.<\/p><p>Si vous exercez votre droit d&#039;acc\u00e8s, Parkhotel vous fournira un aper\u00e7u de vos donn\u00e9es aussi complet que possible, pour autant qu&#039;elles soient conserv\u00e9es. Ils ne peuvent pas non plus \u00eatre affich\u00e9s par la suite. Ils sont supprim\u00e9s de nos fichiers selon les processus de nettoyage standard.<\/p><p><em><b>2.2 Vous pouvez faire corriger vos donn\u00e9es.<\/b><\/em><\/p><p>Il peut arriver que certaines donn\u00e9es que Parkhotel a stock\u00e9es \u00e0 votre sujet ne soient (plus) correctes. Vous pouvez toujours demander \u00e0 ce que ces informations soient corrig\u00e9es ou compl\u00e9t\u00e9es. Par exemple. Nouvelle adresse.<\/p><p><em><b>2.3 Vous pouvez faire supprimer vos donn\u00e9es.<\/b><\/em><\/p><p>Si vous pensez que Parkhotel traite ill\u00e9galement certaines donn\u00e9es, vous pouvez demander leur suppression.<\/p><p><em><b>2.4 Vous pouvez vous opposer \u00e0 une utilisation sp\u00e9cifique des donn\u00e9es.<\/b><\/em><\/p><p>Si vous n&#039;\u00eates pas d&#039;accord avec la mani\u00e8re dont Parkhotel traite certaines donn\u00e9es sur la base de son int\u00e9r\u00eat l\u00e9gitime, vous pouvez vous y opposer. Objection que nous nous conformerons \u00e0 moins qu&#039;il n&#039;y ait des raisons imp\u00e9rieuses de ne pas le faire, ce qui est le cas, par exemple, si nous traitons des donn\u00e9es pour lutter contre la fraude.<\/p><p><em><b>2.5 Vous pouvez parfois refuser que vos donn\u00e9es soient trait\u00e9es de mani\u00e8re enti\u00e8rement automatique.<\/b><\/em><\/p><p>Certains traitements et processus de donn\u00e9es sont enti\u00e8rement automatis\u00e9s sans intervention humaine. Parkhotel essaie de transmettre la logique de ce processus automatique au moment m\u00eame. Par exemple, Parkhotel peut r\u00e9pondre encore plus rapidement aux r\u00e9servations. Si vous n&#039;\u00eates pas d&#039;accord avec le r\u00e9sultat d&#039;un tel processus enti\u00e8rement automatis\u00e9, vous pouvez contacter Parkhotel. Par exemple, vous pouvez demander l&#039;intervention de Parkhotel, d&#039;un employ\u00e9 ou nous faire savoir pourquoi vous contestez l&#039;\u00e9valuation.<\/p><p><em><b>2.6 Vous pouvez exercer vos droits.<\/b><\/em><\/p><p>Soyez toujours aussi pr\u00e9cis que possible si vous souhaitez exercer vos droits. Alors l&#039;h\u00f4tel Cathedral peut traiter votre question de mani\u00e8re concr\u00e8te et correcte. Parkhotel doit v\u00e9rifier votre identit\u00e9 aussi \u00e9troitement que possible pour emp\u00eacher quelqu&#039;un d&#039;autre d&#039;exercer vos droits. Par cons\u00e9quent, il peut demander une copie de votre carte d&#039;identit\u00e9 avec une telle demande. Si vous avez une r\u00e9clamation concernant l&#039;exercice de vos droits, la gestion des r\u00e9clamations de Parkhotel est \u00e0 votre disposition.<\/p><p>\u00a0<\/p><h6>Partie 3: Parkhotel a de nombreuses raisons de traiter vos donn\u00e9es personnelles.<\/h6><p><em><b>3.1 Parkhotel doit se conformer aux obligations l\u00e9gales<\/b><\/em><\/p><p>Nous listons ici les principales raisons juridiques pour lesquelles Hotel Cathedral doit traiter vos donn\u00e9es.<\/p><p>Les h\u00f4tels sont tenus de conserver les dossiers de police de tous les clients.<\/p><p>Parkhotel peut traiter des donn\u00e9es personnelles vous concernant, parce que vous utilisez les services de Parkhotel, et \/ ou parce que vous nous les fournissez vous-m\u00eame lorsque vous remplissez un formulaire de contact sur le site. Parkhotel peut traiter les donn\u00e9es personnelles suivantes:<\/p><ul><li>Votre pr\u00e9nom et nom<\/li><li>Votre adresse<\/li><li>Votre num\u00e9ro de t\u00e9l\u00e9phone<\/li><li>Votre adresse email<\/li><li>Vos informations de carte de cr\u00e9dit.<\/li><\/ul><p>Par exemple, afin de se conformer \u00e0 la r\u00e9glementation polici\u00e8re, nous devons rassembler des donn\u00e9es de clients ou d&#039;entreprises.<\/p><p><i><b>3.2 Pourquoi le parc h\u00f4telier a besoin de donn\u00e9es<\/b><\/i><\/p><p>Parkhotel traite vos donn\u00e9es personnelles afin de pouvoir vous contacter par t\u00e9l\u00e9phone pour vous transmettre des informations et \/ ou pour vous contacter par \u00e9crit (par e-mail ou par SMS) si vous ne pouvez pas \u00eatre joint par t\u00e9l\u00e9phone.<\/p><p>De plus, Parkhotel peut utiliser vos donn\u00e9es personnelles pour envoyer des informations d&#039;arriv\u00e9e utiles qui s&#039;appliquent lorsque vous visitez notre h\u00f4tel.<\/p><p><em><b>3.3 Combien de temps le Park Hotel stocke les donn\u00e9es<\/b><\/em><\/p><p>Parkhotel ne stocke pas vos donn\u00e9es personnelles plus longtemps que ce qui est strictement n\u00e9cessaire pour atteindre les objectifs pour lesquels vos donn\u00e9es sont collect\u00e9es. Vos donn\u00e9es ne seront pas conserv\u00e9es plus de 3 mois apr\u00e8s la date de d\u00e9part si aucun accord n&#039;est trouv\u00e9 avec vous.<\/p><p><em><b>3.4 Partage avec les autres<\/b><\/em><\/p><p>Parkhotel ne fournira vos donn\u00e9es personnelles \u00e0 des tiers que si cela est n\u00e9cessaire pour l&#039;ex\u00e9cution d&#039;un accord avec vous ou pour se conformer \u00e0 une obligation l\u00e9gale.<\/p><p>Par exemple. Demande de la police.<\/p><p><em><b>3.5 Cartographie des visites du site Web<\/b><\/em><\/p><p>Les donn\u00e9es g\u00e9n\u00e9rales des visiteurs sont conserv\u00e9es sur le site Internet de Parkotel Cathedral, afin que le client puisse visiter notre h\u00f4tel et notre ville sans aucun probl\u00e8me.<\/p><p><em><b>3.6 Politique relative aux cookies.<\/b><\/em><\/p><p>Que sont les cookies?<\/p><p>Nous utilisons des cookies lorsque vous ouvrez nos e-mails et \/ ou lorsque vous visitez ou utilisez nos sites Web. Les cookies sont des informations qui sont stock\u00e9es sur votre propre ordinateur ou appareil mobile et qui sont g\u00e9n\u00e9ralement utilis\u00e9es pour optimiser la facilit\u00e9 d&#039;utilisation des sites Web et des applications.<\/p><p>Il existe diff\u00e9rents types de cookies, divis\u00e9s par origine, fonction et dur\u00e9e de vie. Pour un aper\u00e7u complet, vous pouvez consulter des sites Web tels que www.allaboutcookies.org.<\/p><p>Parkhotel utilise des cookies pour:<\/p><p>Am\u00e9liorer l&#039;utilisation et les fonctionnalit\u00e9s de son site Web et de ses applications;<\/p><p>Pour analyser la fa\u00e7on dont les utilisateurs utilisent notre site Web et nos applications et pour compiler des statistiques; et pour montrer aux utilisateurs de notre site Web et de nos applications des informations et des publicit\u00e9s personnalis\u00e9es.<\/p><p>Par exemple, vous pouvez \u00eatre identifi\u00e9 en tant que visiteur de notre site Web lors d&#039;une visite ult\u00e9rieure et nous pouvons augmenter la facilit\u00e9 d&#039;utilisation en adaptant mieux notre site Web \u00e0 vos souhaits et pr\u00e9f\u00e9rences. Les cookies peuvent \u00e9galement \u00eatre utilis\u00e9s pour personnaliser le contenu ou la publicit\u00e9 d&#039;un site Web. Par exemple, un client qui dispose d&#039;un forfait de divertissement sp\u00e9cifique verra des messages diff\u00e9rents de ceux d&#039;une personne qui ne dispose pas d&#039;un tel forfait.<\/p><p>Les cookies ne peuvent \u00eatre plac\u00e9s que par Parkhotel.<\/p><p>Quels types de cookies utilisons-nous?<\/p><p>Cookies n\u00e9cessaires: ces cookies garantissent que vous pouvez naviguer sur notre site Web et nos applications et utiliser les fonctionnalit\u00e9s (telles que le panier et vos param\u00e8tres de confidentialit\u00e9).<\/p><h6>\u00a0<\/h6><h6>Partie 4: \u00c0 propos de la s\u00e9curit\u00e9 et de la confidentialit\u00e9<\/h6><p><em><b>4.1 Parkhotel ne r\u00e9pond pas seulement aux questions de tiers.<\/b><\/em><\/p><p>Le devoir de discr\u00e9tion est respect\u00e9. Parce que Parkhotel doit se conformer \u00e0 son devoir de discr\u00e9tion et \u00e0 la l\u00e9gislation sur la protection de la vie priv\u00e9e, il ne peut r\u00e9pondre aux questions de tiers que si elles sont fond\u00e9es sur une disposition l\u00e9gale ou un int\u00e9r\u00eat l\u00e9gitime, qui sont n\u00e9cessaires \u00e0 l&#039;ex\u00e9cution du contrat, ou avec le consentement de la personne concern\u00e9e. Dans ce dernier cas, Parkhotel recommande m\u00eame de demander les donn\u00e9es \u00e0 la personne concern\u00e9e elle-m\u00eame.<\/p><p>Parkhotel ne peut \u00eatre tenu responsable si les destinataires l\u00e9gitimes des donn\u00e9es, conform\u00e9ment aux obligations l\u00e9gales (\u00e0 l&#039;\u00e9tranger), doivent soumettre des donn\u00e9es personnelles de clients ou de personnes morales aux autorit\u00e9s locales ou les traiter de mani\u00e8re non s\u00e9curis\u00e9e.<\/p><p><b><em>4.2 R\u00e9clamations, d\u00e9sinscription aux newsletters ou suppression de donn\u00e9es personnelles<\/em>.<\/b><\/p><p>Pour les r\u00e9clamations li\u00e9es au traitement de vos donn\u00e9es personnelles, si vous ne souhaitez pas recevoir de newsletters ou si vous souhaitez que vos donn\u00e9es personnelles soient supprim\u00e9es, toute demande doit \u00eatre faite en envoyant un email motiv\u00e9 \u00e0 parkhotel@telenet.be<\/p>\t\t\t\t\t\t\t\t<\/div>\n\t\t\t\t<\/div>\n\t\t\t\t\t<\/div>\n\t\t<\/div>\n\t\t\t\t\t<\/div>\n\t\t<\/section>\n\t\t\t\t<\/div>","protected":false},"excerpt":{"rendered":"<p>Politique de confidentialit\u00e9 Partie 1 : Nous devons prot\u00e9ger votre vie priv\u00e9e ensemble. Votre vie priv\u00e9e est tr\u00e8s importante pour nous. Nous souhaitons traiter vos donn\u00e9es personnelles de mani\u00e8re l\u00e9gale, correcte et transparente. Dans cette d\u00e9claration de confidentialit\u00e9, nous expliquons quelles donn\u00e9es personnelles nous collectons et traitons aupr\u00e8s de vous en tant que personne physique. D\u00e9sormais, nous parlerons toujours des donn\u00e9es vous concernant [\u2026]<\/p>","protected":false},"author":1,"featured_media":0,"parent":0,"menu_order":2,"comment_status":"closed","ping_status":"closed","template":"elementor_header_footer","meta":{"footnotes":""},"class_list":["post-1364","page","type-page","status-publish","hentry"],"_links":{"self":[{"href":"https:\/\/parkhotelgent.be\/fr\/wp-json\/wp\/v2\/pages\/1364","targetHints":{"allow":["GET"]}}],"collection":[{"href":"https:\/\/parkhotelgent.be\/fr\/wp-json\/wp\/v2\/pages"}],"about":[{"href":"https:\/\/parkhotelgent.be\/fr\/wp-json\/wp\/v2\/types\/page"}],"author":[{"embeddable":true,"href":"https:\/\/parkhotelgent.be\/fr\/wp-json\/wp\/v2\/users\/1"}],"replies":[{"embeddable":true,"href":"https:\/\/parkhotelgent.be\/fr\/wp-json\/wp\/v2\/comments?post=1364"}],"version-history":[{"count":0,"href":"https:\/\/parkhotelgent.be\/fr\/wp-json\/wp\/v2\/pages\/1364\/revisions"}],"wp:attachment":[{"href":"https:\/\/parkhotelgent.be\/fr\/wp-json\/wp\/v2\/media?parent=1364"}],"curies":[{"name":"wp","href":"https:\/\/api.w.org\/{rel}","templated":true}]}}