{"id":1488,"date":"2020-07-21T08:57:35","date_gmt":"2020-07-21T08:57:35","guid":{"rendered":"https:\/\/parkhotelghent.be\/?page_id=1488"},"modified":"2020-08-06T13:40:21","modified_gmt":"2020-08-06T13:40:21","slug":"lez-gent","status":"publish","type":"page","link":"https:\/\/parkhotelgent.be\/fr\/lez-gent\/","title":{"rendered":"LEZ-Gand"},"content":{"rendered":"<div data-elementor-type=\"wp-page\" data-elementor-id=\"1488\" class=\"elementor elementor-1488\" data-elementor-post-type=\"page\">\n\t\t\t\t\t\t<section class=\"elementor-section elementor-top-section elementor-element elementor-element-747acf2 elementor-section-boxed elementor-section-height-default elementor-section-height-default\" data-id=\"747acf2\" data-element_type=\"section\" data-settings=\"{&quot;background_background&quot;:&quot;classic&quot;}\">\n\t\t\t\t\t\t<div class=\"elementor-container elementor-column-gap-wide\">\n\t\t\t\t\t<div class=\"elementor-column elementor-col-50 elementor-top-column elementor-element elementor-element-9d121d6\" data-id=\"9d121d6\" data-element_type=\"column\">\n\t\t\t<div class=\"elementor-widget-wrap elementor-element-populated\">\n\t\t\t\t\t\t<div class=\"elementor-element elementor-element-9b6324e elementor-widget elementor-widget-heading\" data-id=\"9b6324e\" data-element_type=\"widget\" data-widget_type=\"heading.default\">\n\t\t\t\t<div class=\"elementor-widget-container\">\n\t\t\t\t\t<h2 class=\"elementor-heading-title elementor-size-default\">LEZ-Gand<\/h2>\t\t\t\t<\/div>\n\t\t\t\t<\/div>\n\t\t\t\t<div class=\"elementor-element elementor-element-20e9fe4 elementor-widget elementor-widget-heading\" data-id=\"20e9fe4\" data-element_type=\"widget\" data-widget_type=\"heading.default\">\n\t\t\t\t<div class=\"elementor-widget-container\">\n\t\t\t\t\t<h4 class=\"elementor-heading-title elementor-size-default\">Zone \u00e0 faibles \u00e9missions de Gand<\/h4>\t\t\t\t<\/div>\n\t\t\t\t<\/div>\n\t\t\t\t<div class=\"elementor-element elementor-element-145ea75 elementor-widget elementor-widget-text-editor\" data-id=\"145ea75\" data-element_type=\"widget\" data-widget_type=\"text-editor.default\">\n\t\t\t\t<div class=\"elementor-widget-container\">\n\t\t\t\t\t\t\t\t\t<p>Meilleur invit\u00e9,<\/p><p>Pour am\u00e9liorer la qualit\u00e9 de l&#039;air, le centre-ville de Gand ou la zone au sein de la R40 est une zone \u00e0 faibles \u00e9missions (LEZ). Les v\u00e9hicules polluants qui ne satisfont pas aux conditions d&#039;admission ne sont plus autoris\u00e9s \u00e0 entrer dans la zone. \u00c9vitez une amende et v\u00e9rifiez toujours votre v\u00e9hicule avant de venir \u00e0 Gand. As-tu une question? Consultez les questions fr\u00e9quemment pos\u00e9es \u00e0 lez@stad.gent ou contactez-nous au 0032 9210 10 30<\/p><p>Le 1er janvier 2020, une zone \u00e0 faibles \u00e9missions sera introduite \u00e0 Gand au sein du R40.<\/p><p>Le centre de Gand et notre h\u00f4tel seront situ\u00e9s juste dans cette zone, mais resteront certainement enti\u00e8rement accessibles.<br \/>\u00c0 travers\u00a0<a href=\"https:\/\/stad.gent\/nl\/mobiliteit-openbare-werken\/lage-emissiezone\" target=\"_blank\" rel=\"noopener\">www.lez2020.gent<\/a>\u00a0vous pouvez v\u00e9rifier si votre voiture aura toujours acc\u00e8s \u00e0 cette zone et vous pouvez trouver les normes Euro. Vous trouverez la norme Euro sur votre certificat d&#039;immatriculation.\u00a0<\/p><p>Si vous avez une voiture diesel Euro 4, vous pouvez toujours acheter un permis pour entrer dans la zone jusqu&#039;en 2025 via\u00a0<a href=\"https:\/\/stad.gent\/nl\/mobiliteit-openbare-werken\/lage-emissiezone\" target=\"_blank\" rel=\"noopener\">www.lez2020.gent.<\/a><\/p><p>Nous pouvons \u00e9galement le faire pour vous jusqu&#039;\u00e0 3 jours avant la date d&#039;arriv\u00e9e, avec des frais administratifs suppl\u00e9mentaires de 25 \u20ac.<\/p><p>Les frais administratifs seront ajout\u00e9s \u00e0 la facture de r\u00e9servation.<\/p><p>Avez-vous une voiture diesel avec la norme Euro 3 ou inf\u00e9rieure, ou une voiture essence avec la norme Euro 1 ou inf\u00e9rieure?<\/p><p>Ensuite, vous pouvez toujours entrer dans la zone en achetant un pass journalier (maximum 8 fois par an). Un tel pass journalier co\u00fbte 35 \u20ac et peut \u00eatre achet\u00e9 via\u00a0<a href=\"https:\/\/lez.stad.gent\/nl\/flows\/dagpas\" target=\"_blank\" rel=\"noopener\">https:\/\/lez.stad.gent\/nl\/flows\/dagpas<\/a><\/p><p>Si vous souhaitez plus d&#039;informations, vous pouvez en tant que client obtenir plus d&#039;informations via l&#039;adresse e-mail\u00a0<a href=\"mailto:lez@stad.gent\" target=\"_blank\" rel=\"noopener\">lez@stad.gent<\/a>\u00a0ou en appelant le 00 32 9210 10 30.<\/p><p>Nous restons \u00e0 votre \u00e9coute, vous pouvez poser toutes les questions uniquement (pas par t\u00e9l\u00e9phone) \u00e0 l&#039;adresse email\u00a0<a href=\"mailto:info@parkhotelghent.be\" target=\"_blank\" rel=\"noopener\">info@parkhotelghent.be<br \/><\/a><\/p><p>Cordialement.<\/p><p>R\u00e9ception du Parkhotel<\/p>\t\t\t\t\t\t\t\t<\/div>\n\t\t\t\t<\/div>\n\t\t\t\t\t<\/div>\n\t\t<\/div>\n\t\t\t\t<div class=\"elementor-column elementor-col-50 elementor-top-column elementor-element elementor-element-1564e04\" data-id=\"1564e04\" data-element_type=\"column\">\n\t\t\t<div class=\"elementor-widget-wrap elementor-element-populated\">\n\t\t\t\t\t\t<div class=\"elementor-element elementor-element-c380825 elementor-widget elementor-widget-image\" data-id=\"c380825\" data-element_type=\"widget\" data-widget_type=\"image.default\">\n\t\t\t\t<div class=\"elementor-widget-container\">\n\t\t\t\t\t\t\t\t\t\t\t\t\t\t\t<img fetchpriority=\"high\" decoding=\"async\" width=\"702\" height=\"480\" src=\"https:\/\/parkhotelgent.be\/wp-content\/uploads\/2020\/07\/Lage-emissiezone-einde.jpg\" class=\"attachment-medium_large size-medium_large wp-image-1490\" alt=\"\" srcset=\"https:\/\/parkhotelgent.be\/wp-content\/uploads\/2020\/07\/Lage-emissiezone-einde.jpg 702w, https:\/\/parkhotelgent.be\/wp-content\/uploads\/2020\/07\/Lage-emissiezone-einde-300x205.jpg 300w\" sizes=\"(max-width: 702px) 100vw, 702px\" \/>\t\t\t\t\t\t\t\t\t\t\t\t\t\t\t<\/div>\n\t\t\t\t<\/div>\n\t\t\t\t<div class=\"elementor-element elementor-element-8abcef0 elementor-widget elementor-widget-video\" data-id=\"8abcef0\" data-element_type=\"widget\" data-settings=\"{&quot;youtube_url&quot;:&quot;https:\\\/\\\/youtu.be\\\/Vf0U5HA5Nzg&quot;,&quot;video_type&quot;:&quot;youtube&quot;,&quot;controls&quot;:&quot;yes&quot;}\" data-widget_type=\"video.default\">\n\t\t\t\t<div class=\"elementor-widget-container\">\n\t\t\t\t\t\t\t<div class=\"elementor-wrapper elementor-open-inline\">\n\t\t\t<div class=\"elementor-video\"><\/div>\t\t<\/div>\n\t\t\t\t\t\t<\/div>\n\t\t\t\t<\/div>\n\t\t\t\t\t<\/div>\n\t\t<\/div>\n\t\t\t\t\t<\/div>\n\t\t<\/section>\n\t\t\t\t<\/div>","protected":false},"excerpt":{"rendered":"<p>LEZ-Gand Zone \u00e0 faibles \u00e9missions Gand Cher invit\u00e9, Afin d&#039;am\u00e9liorer la qualit\u00e9 de l&#039;air, le centre-ville de Gand ou la zone \u00e0 l&#039;int\u00e9rieur de la R40 est une zone \u00e0 faibles \u00e9missions (LEZ). Les v\u00e9hicules polluants qui ne remplissent pas les conditions d&#039;admission ne sont plus autoris\u00e9s \u00e0 entrer dans la zone. \u00c9vitez une amende et v\u00e9rifiez toujours votre v\u00e9hicule avant de venir \u00e0 Gand. As-tu une question? Regarder [\u2026]<\/p>","protected":false},"author":1,"featured_media":0,"parent":0,"menu_order":0,"comment_status":"closed","ping_status":"closed","template":"elementor_header_footer","meta":{"footnotes":""},"class_list":["post-1488","page","type-page","status-publish","hentry"],"_links":{"self":[{"href":"https:\/\/parkhotelgent.be\/fr\/wp-json\/wp\/v2\/pages\/1488","targetHints":{"allow":["GET"]}}],"collection":[{"href":"https:\/\/parkhotelgent.be\/fr\/wp-json\/wp\/v2\/pages"}],"about":[{"href":"https:\/\/parkhotelgent.be\/fr\/wp-json\/wp\/v2\/types\/page"}],"author":[{"embeddable":true,"href":"https:\/\/parkhotelgent.be\/fr\/wp-json\/wp\/v2\/users\/1"}],"replies":[{"embeddable":true,"href":"https:\/\/parkhotelgent.be\/fr\/wp-json\/wp\/v2\/comments?post=1488"}],"version-history":[{"count":0,"href":"https:\/\/parkhotelgent.be\/fr\/wp-json\/wp\/v2\/pages\/1488\/revisions"}],"wp:attachment":[{"href":"https:\/\/parkhotelgent.be\/fr\/wp-json\/wp\/v2\/media?parent=1488"}],"curies":[{"name":"wp","href":"https:\/\/api.w.org\/{rel}","templated":true}]}}